{"id":143554,"date":"2025-05-10T00:00:00","date_gmt":"2025-05-10T05:00:00","guid":{"rendered":"https:\/\/gpl-love.com\/es\/producto\/restrict-content-pro-ultimate-member\/"},"modified":"2026-03-09T08:40:35","modified_gmt":"2026-03-09T13:40:35","slug":"restrict-content-pro-ultimate-member","status":"publish","type":"product","link":"https:\/\/gpl-love.com\/es\/producto\/restrict-content-pro-ultimate-member\/","title":{"rendered":"Restrict Content Pro Ultimate Member 1.2.4"},"content":{"rendered":"<h3>Restrict Content Pro Ultimate Member Caracteristicas<\/h3>\n<p>El complemento Restrict Content Pro Ultimate Member se presenta como una herramienta incre\u00edblemente potente que le otorga la capacidad de restringir efectivamente el contenido en su sitio web de Ultimate Member. Al utilizar este complemento, se le otorga la capacidad de regular sin problemas a qui\u00e9n puede acceder a su contenido, as\u00ed como dictar con precisi\u00f3n a qu\u00e9 contenido se les otorga acceso. Este complemento es particularmente adecuado para las personas que desean construir un sitio web que sea de naturaleza privada o que sea exclusivamente accesible para los miembros. Con su interfaz f\u00e1cil de usar y su robusta variedad de caracter\u00edsticas, puede generar expediciones y sin esfuerzo planes de membres\u00eda hechos a medida, administrar efectivamente suscripciones y establecer eficientemente las pasarelas de pago. Independientemente del tipo de empresa en l\u00ednea que est\u00e9 encabezando, ya sea un curso en l\u00ednea, un foro comunitario o un servicio basado en suscripci\u00f3n, el complemento de Restringe Content Profult Member abarca todo lo necesario para administrar de manera efectiva su contenido y nutrir la expansi\u00f3n de su en l\u00ednea negocio.<\/p>\n<ul>\n<li>Permite una integraci\u00f3n perfecta entre restringir el contenido pro y el miembro de Ultimate<\/li>\n<li>Otorga a los administradores del sitio la capacidad de restringir el contenido a Ultimate Member Roles de usuario<\/li>\n<li>Proporciona a los usuarios un proceso de registro e inicio de sesi\u00f3n sin problemas, lo que permite un acceso r\u00e1pido y f\u00e1cil al contenido restringido<\/li>\n<li>Ofrece un control extenso sobre los tipos de contenido que se pueden restringir, incluidas publicaciones, p\u00e1ginas y tipos de publicaciones personalizadas.<\/li>\n<li>Maneja autom\u00e1ticamente la visualizaci\u00f3n de contenido restringido a los usuarios en funci\u00f3n de su rol de usuario de miembro final<\/li>\n<li>Incluye plantillas personalizables para p\u00e1ginas de inicio de sesi\u00f3n, registro y administraci\u00f3n de cuentas<\/li>\n<li>Proporciona una amplia documentaci\u00f3n y soporte para una f\u00e1cil configuraci\u00f3n y uso.<\/li>\n<\/ul>\n","protected":false},"excerpt":{"rendered":"<p>El complemento Restrict Content Pro Ultimate Miember se presenta como una herramienta robusta capaz de imponer restricciones al contenido exhibido en su sitio web de Ultimate Member. Al incorporar este complemento, alcanza la capacidad de ejercer un control completo sobre las personas a las que se les otorga acceso a su contenido, as\u00ed como al contenido espec\u00edfico que se les permite ver. Este complemento es particularmente ventajoso para aquellos que buscan establecer un sitio web de naturaleza privada o exclusiva, \u00fanicamente accesible para los miembros. Su interfaz f\u00e1cil de usar, junto con su variedad de caracter\u00edsticas avanzadas, permite a los usuarios crear planes de membres\u00eda personalizados, administrar suscripciones y establecer pasarelas de pago. Ya sea que est\u00e9 operando un curso en l\u00ednea, fomentando un foro comunitario o administrando un servicio basado en suscripci\u00f3n, restringe el contenido de los complementos de miembros finales a todas sus necesidades, lo equipa con las herramientas necesarias para la gesti\u00f3n de contenido y la expansi\u00f3n de su empresa en l\u00ednea .<\/p>\n","protected":false},"featured_media":168935,"comment_status":"open","ping_status":"open","template":"","meta":[],"product_brand":[2548],"product_cat":[1325,1206,1211],"product_tag":[1513],"class_list":{"0":"post-143554","1":"product","2":"type-product","3":"status-publish","4":"has-post-thumbnail","6":"product_brand-restirct-content","7":"product_cat-afiliacion","8":"product_cat-plugins","9":"product_cat-wordpress-plugins","10":"product_tag-restirct-content","11":"member-discount","12":"discount-restricted","14":"first","15":"instock","16":"sale","17":"downloadable","18":"virtual","19":"sold-individually","20":"purchasable","21":"product-type-simple"},"_links":{"self":[{"href":"https:\/\/gpl-love.com\/es\/wp-json\/wp\/v2\/product\/143554","targetHints":{"allow":["GET"]}}],"collection":[{"href":"https:\/\/gpl-love.com\/es\/wp-json\/wp\/v2\/product"}],"about":[{"href":"https:\/\/gpl-love.com\/es\/wp-json\/wp\/v2\/types\/product"}],"replies":[{"embeddable":true,"href":"https:\/\/gpl-love.com\/es\/wp-json\/wp\/v2\/comments?post=143554"}],"wp:featuredmedia":[{"embeddable":true,"href":"https:\/\/gpl-love.com\/es\/wp-json\/wp\/v2\/media\/168935"}],"wp:attachment":[{"href":"https:\/\/gpl-love.com\/es\/wp-json\/wp\/v2\/media?parent=143554"}],"wp:term":[{"taxonomy":"product_brand","embeddable":true,"href":"https:\/\/gpl-love.com\/es\/wp-json\/wp\/v2\/product_brand?post=143554"},{"taxonomy":"product_cat","embeddable":true,"href":"https:\/\/gpl-love.com\/es\/wp-json\/wp\/v2\/product_cat?post=143554"},{"taxonomy":"product_tag","embeddable":true,"href":"https:\/\/gpl-love.com\/es\/wp-json\/wp\/v2\/product_tag?post=143554"}],"curies":[{"name":"wp","href":"https:\/\/api.w.org\/{rel}","templated":true}]}}