{"id":143160,"date":"2025-07-18T00:00:00","date_gmt":"2025-07-18T05:00:00","guid":{"rendered":"https:\/\/gpl-love.com\/es\/producto\/bulk-edit-products-prices-and-attributes-for-woocommerce\/"},"modified":"2026-03-09T08:40:33","modified_gmt":"2026-03-09T13:40:33","slug":"bulk-edit-products-prices-and-attributes-for-woocommerce","status":"publish","type":"product","link":"https:\/\/gpl-love.com\/es\/producto\/bulk-edit-products-prices-and-attributes-for-woocommerce\/","title":{"rendered":"WooCommerce Bulk Edit Products Prices y Attributes 2.2.1"},"content":{"rendered":"<h3>WooCommerce Bulk Edit Products Prices y Attributes Caracteristicas<\/h3>\n<p>Existen numerosas ventajas asociadas con la utilizaci\u00f3n de productos de edici\u00f3n a granel, precios y atributos en su sitio web de WordPress, lo que le permite administrar sus art\u00edculos de manera efectiva y eficiente. Esta notable funcionalidad le permite modificar los precios y las caracter\u00edsticas de m\u00faltiples bienes simult\u00e1neamente, eliminando la necesidad de alteraciones manuales en cada producto individual, lo que a su vez le ahorra una cantidad sustancial de tiempo y minimiza la probabilidad de errores resultantes de la edici\u00f3n humana.<\/p>\n<p>La notable simplicidad de la edici\u00f3n a granel es lo que lo hace realmente excepcional. Su interfaz f\u00e1cil de usar facilita el acceso r\u00e1pido a la p\u00e1gina del producto, donde puede hacer ajustes de inmediato que tendr\u00e1n un efecto inmediato. Esta interfaz intuitiva simplifica el proceso de modificar la informaci\u00f3n relacionada con el producto. Adem\u00e1s, la notable capacidad de la edici\u00f3n a granel para facilitar la organizaci\u00f3n de productos r\u00e1pidos y sin esfuerzo representa otra ventaja significativa. Al permitir que los productos se clasifiquen en funci\u00f3n de varios criterios, como el precio, el nombre y el SKU, esta funcionalidad mejora enormemente la gesti\u00f3n de productos, simplificando as\u00ed el proceso general.<\/p>\n<p>Por \u00faltimo, la comodidad de agregar o eliminar etiquetas de productos, categor\u00edas y otras propiedades se simplifica sin esfuerzo mediante la utilizaci\u00f3n de la edici\u00f3n a granel. Esta caracter\u00edstica invaluable demuestra ser excepcionalmente \u00fatil, ya que le permite optimizar sus p\u00e1ginas de productos en t\u00e9rminos de SEO, mejorando as\u00ed la visibilidad y la capacidad de b\u00fasqueda de sus productos.<\/p>\n<p>En conclusi\u00f3n, los productos de edici\u00f3n a granel, los precios y los atributos representan una soluci\u00f3n excepcional y que ahorra el tiempo que simplifica significativamente la administraci\u00f3n de productos en su sitio web de WordPress, que finalmente contribuye a una experiencia de usuario perfecta y eficiente.<\/p>\n<ul>\n<li>Edite varios art\u00edculos a la vez, incluidos los precios y las cualidades.<\/li>\n<li>Las actualizaciones se pueden hacer a granel para ahorrar tiempo.<\/li>\n<li>Para modificar, filtrar y elegir ciertos productos.<\/li>\n<li>Edite las categor\u00edas, etiquetas, precios y m\u00e1s para productos.<\/li>\n<li>Opci\u00f3n para actualizar todas las variantes de producto a la vez.<\/li>\n<li>Compare los valores originales y revisados \u200b\u200buno al lado del otro.<\/li>\n<li>Si es necesario, revertir modificaciones o volver a versiones anteriores.<\/li>\n<li>UI f\u00e1cil de usar para una experiencia agradable.<\/li>\n<\/ul>\n","protected":false},"excerpt":{"rendered":"<p>Con la notable funcionalidad proporcionada por los precios y atributos de productos de edici\u00f3n masiva para el complemento de WooCommerce, los usuarios est\u00e1n facultados para modificar sin esfuerzo los precios y los atributos de m\u00faltiples productos de una sola vez. Esta herramienta inmensamente influyente libera a los individuos de la ardua tarea de editar individualmente cada producto, lo que resulta en un ahorro sustancial de tiempo y esfuerzo. Ya sea la necesidad de enmendar los precios de una venta promocional, revisar las descripciones de los productos o incluso introducir atributos novedosos, esta herramienta optimiza sin problemas todo el proceso, asegurando una organizaci\u00f3n \u00f3ptima. Al adoptar los precios y atributos de edici\u00f3n a granel para WooCommerce, los usuarios pueden mejorar significativamente la eficiencia de su tienda en l\u00ednea y reforzar su rendimiento general.<\/p>\n","protected":false},"featured_media":168934,"comment_status":"open","ping_status":"open","template":"","meta":[],"product_brand":[2344],"product_cat":[1208,1207,1206],"product_tag":[1423],"class_list":{"0":"post-143160","1":"product","2":"type-product","3":"status-publish","4":"has-post-thumbnail","6":"product_brand-woocommerce","7":"product_cat-administracion","8":"product_cat-comercio-electronico-plugins","9":"product_cat-plugins","10":"product_tag-woocommerce","11":"member-discount","12":"discount-restricted","14":"first","15":"instock","16":"sale","17":"downloadable","18":"virtual","19":"sold-individually","20":"purchasable","21":"product-type-simple"},"_links":{"self":[{"href":"https:\/\/gpl-love.com\/es\/wp-json\/wp\/v2\/product\/143160","targetHints":{"allow":["GET"]}}],"collection":[{"href":"https:\/\/gpl-love.com\/es\/wp-json\/wp\/v2\/product"}],"about":[{"href":"https:\/\/gpl-love.com\/es\/wp-json\/wp\/v2\/types\/product"}],"replies":[{"embeddable":true,"href":"https:\/\/gpl-love.com\/es\/wp-json\/wp\/v2\/comments?post=143160"}],"wp:featuredmedia":[{"embeddable":true,"href":"https:\/\/gpl-love.com\/es\/wp-json\/wp\/v2\/media\/168934"}],"wp:attachment":[{"href":"https:\/\/gpl-love.com\/es\/wp-json\/wp\/v2\/media?parent=143160"}],"wp:term":[{"taxonomy":"product_brand","embeddable":true,"href":"https:\/\/gpl-love.com\/es\/wp-json\/wp\/v2\/product_brand?post=143160"},{"taxonomy":"product_cat","embeddable":true,"href":"https:\/\/gpl-love.com\/es\/wp-json\/wp\/v2\/product_cat?post=143160"},{"taxonomy":"product_tag","embeddable":true,"href":"https:\/\/gpl-love.com\/es\/wp-json\/wp\/v2\/product_tag?post=143160"}],"curies":[{"name":"wp","href":"https:\/\/api.w.org\/{rel}","templated":true}]}}