{"id":143142,"date":"2023-05-08T00:00:00","date_gmt":"2023-05-08T05:00:00","guid":{"rendered":"https:\/\/gpl-love.com\/es\/producto\/wp-adverts-recaptcha\/"},"modified":"2026-04-12T11:16:39","modified_gmt":"2026-04-12T16:16:39","slug":"wp-adverts-recaptcha","status":"publish","type":"product","link":"https:\/\/gpl-love.com\/es\/producto\/wp-adverts-recaptcha\/","title":{"rendered":"WP Adverts reCAPTCHA 1.1.1"},"content":{"rendered":"<h3>WP Adverts reCAPTCHA Caracteristicas<\/h3>\n<p>\u00bfLe preocupa la seguridad de las p\u00e1ginas de registro e inicio de sesi\u00f3n de su sitio web? Tome medidas para salvaguardar a sus usuarios y evitar ataques con bot y spam con los anuncios de WP recaptcha. Este poderoso complemento agrega una capa adicional de protecci\u00f3n a su sitio web. Al utilizar la \u00faltima tecnolog\u00eda Google Recaptcha, este complemento garantiza que solo los usuarios leg\u00edtimos puedan acceder a su sitio. Al hacerlo, frustra de manera efectiva los ataques no deseados que podr\u00edan comprometer sus valiosos datos de usuario.<\/p>\n<p>Ya sea que est\u00e9 operando una tienda en l\u00ednea, un sitio de membres\u00eda o un foro comunitario, \u00a1WP Anuncios de recapitulaci\u00f3n es la soluci\u00f3n ideal para usted! Este complemento est\u00e1 cuidadosamente dise\u00f1ado para integrarse perfectamente con su plataforma de WordPress, lo que lo hace incre\u00edblemente f\u00e1cil de usar y sin esfuerzo para instalar. No necesita poseer ning\u00fan conocimiento t\u00e9cnico especializado para comenzar con este complemento, ya que est\u00e1 listo para usar directamente de la caja.<\/p>\n<p>WP Anuncios Recaptcha es una herramienta indispensable para cualquier propietario del sitio web que busque salvaguardar sus activos digitales. El complemento cuenta con una interfaz altamente intuitiva y ofrece configuraciones personalizables, lo que le brinda un control completo sobre la seguridad de su sitio web. Con este complemento en su lugar, puede estar seguro de que su sitio web est\u00e1 fortificado contra ataques maliciosos.<\/p>\n<p>\u00bfEntonces, Qu\u00e9 esperas? No pierda tiempo e instale WP Anuncios Recaptcha hoy para fortalecer su sitio web contra amenazas no deseadas. \u00a1Esta inversi\u00f3n es, sin duda, la mejor opci\u00f3n que puede hacer para proteger tanto su sitio web como los datos invaluables de sus usuarios!<\/p>\n<ul>\n<li>Agrega una capa adicional de seguridad a las p\u00e1ginas de registro e inicio de sesi\u00f3n de su sitio web<\/li>\n<li>Previene los ataques de bot y spam<\/li>\n<li>Utiliza la \u00faltima tecnolog\u00eda de Google Recaptcha<\/li>\n<li>Asegura que solo los usuarios reales puedan acceder a su sitio<\/li>\n<li>Perfecto para tiendas en l\u00ednea, sitios de membres\u00eda y foros comunitarios<\/li>\n<li>Se integra perfectamente con la plataforma de WordPress<\/li>\n<li>F\u00e1cil de usar e instalar sin necesidad de experiencia t\u00e9cnica<\/li>\n<li>F\u00e1cil de usar y viene con configuraciones personalizables<\/li>\n<li>Da control completo sobre la seguridad del sitio web<\/li>\n<li>Protege los activos digitales y los datos del usuario<\/li>\n<li>La mejor inversi\u00f3n para salvaguardar su sitio web de amenazas no deseadas<\/li>\n<\/ul>\n","protected":false},"excerpt":{"rendered":"<p>WP Anuncios Recaptcha, un complemento incre\u00edblemente robusto, ha sido elaborado por expertos para fortalecer las p\u00e1ginas de registro e inicio de sesi\u00f3n de su sitio web agregando una capa adicional de seguridad. Al aprovechar la tecnolog\u00eda de recaptcha avanzada desarrollada por Google, este notable complemento frustra efectivamente los bots automatizados y el insidioso diluvio de spam, salvaguardando as\u00ed su sitio y preservando la integridad de sus valiosos datos de usuario. Ya sea que sea el propietario de una tienda en l\u00ednea, un sitio web impulsado por la membres\u00eda o un bullicioso foro comunitario, WP Anuncios Recaptcha emerge como la soluci\u00f3n por excelencia para garantizar la impregnabilidad de su sitio web y la seguridad de sus estimados usuarios. Alineando sin problemas con su plataforma de WordPress y con una interfaz f\u00e1cil de usar, este complemento indispensable es un activo imperdible para cualquier propietario del sitio web m\u00e1s exigente que est\u00e9 comprometido con proteger sus propiedades virtuales. Por lo tanto, \u00bfpor qu\u00e9 retrasar m\u00e1s? Instale los anuncios de WP recaptcha sin dudarlo hoy y comience la protecci\u00f3n impermeable de su sitio web contra el aviso pernicioso de ataques maliciosos.<\/p>\n","protected":false},"featured_media":168933,"comment_status":"open","ping_status":"open","template":"","meta":[],"product_brand":[2615],"product_cat":[1232,1206,1211],"product_tag":[2219],"class_list":{"0":"post-143142","1":"product","2":"type-product","3":"status-publish","4":"has-post-thumbnail","6":"product_brand-wp-adverts","7":"product_cat-marketing-wordpress-plugins","8":"product_cat-plugins","9":"product_cat-wordpress-plugins","10":"product_tag-wp-adverts","11":"member-discount","12":"discount-restricted","14":"first","15":"instock","16":"sale","17":"downloadable","18":"virtual","19":"sold-individually","20":"purchasable","21":"product-type-simple"},"_links":{"self":[{"href":"https:\/\/gpl-love.com\/es\/wp-json\/wp\/v2\/product\/143142","targetHints":{"allow":["GET"]}}],"collection":[{"href":"https:\/\/gpl-love.com\/es\/wp-json\/wp\/v2\/product"}],"about":[{"href":"https:\/\/gpl-love.com\/es\/wp-json\/wp\/v2\/types\/product"}],"replies":[{"embeddable":true,"href":"https:\/\/gpl-love.com\/es\/wp-json\/wp\/v2\/comments?post=143142"}],"wp:featuredmedia":[{"embeddable":true,"href":"https:\/\/gpl-love.com\/es\/wp-json\/wp\/v2\/media\/168933"}],"wp:attachment":[{"href":"https:\/\/gpl-love.com\/es\/wp-json\/wp\/v2\/media?parent=143142"}],"wp:term":[{"taxonomy":"product_brand","embeddable":true,"href":"https:\/\/gpl-love.com\/es\/wp-json\/wp\/v2\/product_brand?post=143142"},{"taxonomy":"product_cat","embeddable":true,"href":"https:\/\/gpl-love.com\/es\/wp-json\/wp\/v2\/product_cat?post=143142"},{"taxonomy":"product_tag","embeddable":true,"href":"https:\/\/gpl-love.com\/es\/wp-json\/wp\/v2\/product_tag?post=143142"}],"curies":[{"name":"wp","href":"https:\/\/api.w.org\/{rel}","templated":true}]}}