{"id":143140,"date":"2025-02-04T00:00:00","date_gmt":"2025-02-04T05:00:00","guid":{"rendered":"https:\/\/gpl-love.com\/es\/producto\/wp-adverts-custom-fields\/"},"modified":"2026-04-12T11:16:38","modified_gmt":"2026-04-12T16:16:38","slug":"wp-adverts-custom-fields","status":"publish","type":"product","link":"https:\/\/gpl-love.com\/es\/producto\/wp-adverts-custom-fields\/","title":{"rendered":"WP Adverts Custom Fields 1.5.6"},"content":{"rendered":"<h3>WP Adverts Custom Fields Caracteristicas<\/h3>\n<p>WP Anuncios Custom Fields es un complemento de WordPress incre\u00edblemente potente y vers\u00e1til que le ofrece la capacidad de mejorar sus anuncios clasificados mediante la incorporaci\u00f3n de campos personalizados adaptados para satisfacer las necesidades y deseos espec\u00edficos de sus usuarios. Al recopilar una gama m\u00e1s amplia de informaci\u00f3n sobre los productos y servicios que sus usuarios buscan, los anuncios de WP los campos personalizados elevan el \u00e9xito y la rentabilidad de su negocio clasificado a alturas sin precedentes.<\/p>\n<p>WP Anuncios de anuncios Custom Fields le permite crear anuncios clasificados personalizados sin esfuerzo mediante la integraci\u00f3n de campos perfectamente dise\u00f1ados espec\u00edficamente para su industria o categor\u00edas de productos. Ya sea que desee recopilar datos sobre la ubicaci\u00f3n, el precio, el color, el tama\u00f1o o cualquier otra informaci\u00f3n fundamental que pueda mejorar la experiencia del usuario, los anuncios de WP los campos personalizados le otorgan la libertad de generar tantos campos como sea necesario y dictar su pantalla en su sitio web.<\/p>\n<p>Una de las ventajas m\u00e1s notables de los anuncios WP Fields personalizados es la extensa gama de opciones de personalizaci\u00f3n disponibles, asegurando que tenga la capacidad de forjar anuncios clasificados que reflejen sin problemas sus productos y servicios. Tiene la opci\u00f3n de seleccionar entre una multitud de tipos de widgets, incluida la casilla de verificaci\u00f3n, el selector de fechas y los men\u00fas desplegables, brind\u00e1ndole la oportunidad de agregar o eliminar opciones a su discreci\u00f3n. Adem\u00e1s, puede especificar descripciones de campo, etiquetas y marcadores de posici\u00f3n, todos los cuales se muestran prominentemente en su sitio web, guiando a los usuarios de manera experta a trav\u00e9s del proceso de completar los campos requeridos. Estas opciones de personalizaci\u00f3n robustas garantizan que sus anuncios exuden profesionalismo y precisi\u00f3n, aumentando significativamente la experiencia del usuario.<\/p>\n<p>WP Anuncios de anuncios personalizados cuenta con una interfaz f\u00e1cil de usar que se integra perfectamente en su tablero de WordPress, asegurando que incluso los usuarios novatos puedan configurar y administrar sin esfuerzo sus campos personalizados. El complemento tambi\u00e9n es notablemente flexible, lo que permite la integraci\u00f3n de m\u00faltiples campos personalizados en un solo anuncio, facilitando as\u00ed la recopilaci\u00f3n de tanta informaci\u00f3n como sea posible para facilitar las decisiones comerciales informadas.<\/p>\n<p>Si est\u00e1 en busca de una herramienta inquebrantablemente potente y personalizable para optimizar el rendimiento de su sitio clasificado o simplemente tiene como objetivo ofrecer una experiencia excepcionalmente mejorada a sus usuarios, entonces WP anuncia los campos personalizados es un activo indispensable. Con su versatilidad incomparable, amplias opciones de personalizaci\u00f3n y escalabilidad inquebrantable, los anuncios de WP anuncian los campos personalizados, sin duda, representan la soluci\u00f3n ideal para amplificar las tasas de conversi\u00f3n, maximizar los ingresos y catapultar a su negocio de clasificaciones a alturas de \u00e9xito sin precedentes.<\/p>\n<ul>\n<li>WP Anuncios Custom Fields es un complemento de WordPress que agrega campos personalizados a sus anuncios clasificados.<\/li>\n<li>El complemento le permite crear anuncios clasificados a medida agregando campos espec\u00edficos para las categor\u00edas de su industria o producto.<\/li>\n<li>Con los campos personalizados de WP Anuncios, puede controlar c\u00f3mo se muestran los campos en su sitio web, asegurando un aspecto profesional y preciso.<\/li>\n<li>El complemento ofrece m\u00faltiples opciones de widgets, incluidos men\u00fas desplegables, casillas de verificaci\u00f3n y recolectores de fecha, que se pueden personalizar para satisfacer sus necesidades.<\/li>\n<li>WP Anuncios Los campos personalizados se integran perfectamente en el tablero de WordPress, e incluso los usuarios novatos pueden configurar y administrar campos personalizados con facilidad.<\/li>\n<li>El complemento es lo suficientemente flexible como para integrar m\u00faltiples campos personalizados en un solo anuncio, lo que ayuda a recopilar tanta informaci\u00f3n como sea posible para las decisiones comerciales informadas.<\/li>\n<li>WP Anuncios de anuncios Custom Fields ayuda a distinguir su negocio de clasificados mediante la recopilaci\u00f3n de m\u00e1s informaci\u00f3n sobre los productos y servicios que sus usuarios est\u00e1n buscando.<\/li>\n<li>Con su personalizaci\u00f3n, versatilidad y escalabilidad, WP Anuncios Custom Fields es la herramienta perfecta para maximizar sus ingresos y llevar su negocio de clasificados al siguiente nivel.<\/li>\n<\/ul>\n","protected":false},"excerpt":{"rendered":"<p>WP Anuncios Custom Fields es un complemento de WordPress incre\u00edblemente robusto que ofrece a los usuarios la capacidad de integrar sin problemas campos personalizados en sus anuncios clasificados. Esta funcionalidad no solo facilita la adquisici\u00f3n de informaci\u00f3n adicional de los usuarios, sino que tambi\u00e9n optimiza el proceso de combinar compradores con los productos y servicios precisos que requieren. A trav\u00e9s de la implementaci\u00f3n de los campos personalizados de WP Anuncios, se le otorga la m\u00e1xima autonom\u00eda para determinar qu\u00e9 campos incorporar y posteriormente recopilar la informaci\u00f3n m\u00e1s pertinente para sus necesidades espec\u00edficas. Este nivel de control garantiza que sus anuncios est\u00e9n optimizados para su m\u00e1ximo potencial. Independientemente de si est\u00e1 supervisando una empresa modesta o administrando un sitio clasificado extenso, WP anuncia los campos personalizados como una herramienta excepcional para mejorar las tasas de conversi\u00f3n y reforzar los ingresos.<\/p>\n","protected":false},"featured_media":168932,"comment_status":"open","ping_status":"open","template":"","meta":[],"product_brand":[2615],"product_cat":[1232,1206,1211],"product_tag":[2219],"class_list":{"0":"post-143140","1":"product","2":"type-product","3":"status-publish","4":"has-post-thumbnail","6":"product_brand-wp-adverts","7":"product_cat-marketing-wordpress-plugins","8":"product_cat-plugins","9":"product_cat-wordpress-plugins","10":"product_tag-wp-adverts","11":"member-discount","12":"discount-restricted","14":"first","15":"instock","16":"sale","17":"downloadable","18":"virtual","19":"sold-individually","20":"purchasable","21":"product-type-simple"},"_links":{"self":[{"href":"https:\/\/gpl-love.com\/es\/wp-json\/wp\/v2\/product\/143140","targetHints":{"allow":["GET"]}}],"collection":[{"href":"https:\/\/gpl-love.com\/es\/wp-json\/wp\/v2\/product"}],"about":[{"href":"https:\/\/gpl-love.com\/es\/wp-json\/wp\/v2\/types\/product"}],"replies":[{"embeddable":true,"href":"https:\/\/gpl-love.com\/es\/wp-json\/wp\/v2\/comments?post=143140"}],"wp:featuredmedia":[{"embeddable":true,"href":"https:\/\/gpl-love.com\/es\/wp-json\/wp\/v2\/media\/168932"}],"wp:attachment":[{"href":"https:\/\/gpl-love.com\/es\/wp-json\/wp\/v2\/media?parent=143140"}],"wp:term":[{"taxonomy":"product_brand","embeddable":true,"href":"https:\/\/gpl-love.com\/es\/wp-json\/wp\/v2\/product_brand?post=143140"},{"taxonomy":"product_cat","embeddable":true,"href":"https:\/\/gpl-love.com\/es\/wp-json\/wp\/v2\/product_cat?post=143140"},{"taxonomy":"product_tag","embeddable":true,"href":"https:\/\/gpl-love.com\/es\/wp-json\/wp\/v2\/product_tag?post=143140"}],"curies":[{"name":"wp","href":"https:\/\/api.w.org\/{rel}","templated":true}]}}