{"id":143138,"date":"2025-02-04T00:00:00","date_gmt":"2025-02-04T05:00:00","guid":{"rendered":"https:\/\/gpl-love.com\/es\/producto\/wp-adverts-buddypress-integration\/"},"modified":"2026-04-12T11:16:38","modified_gmt":"2026-04-12T16:16:38","slug":"wp-adverts-buddypress-integration","status":"publish","type":"product","link":"https:\/\/gpl-love.com\/es\/producto\/wp-adverts-buddypress-integration\/","title":{"rendered":"WP Adverts BuddyPress Integration 1.2.2"},"content":{"rendered":"<h3>WP Adverts BuddyPress Integration Caracteristicas<\/h3>\n<p>Si est\u00e1 en busca de una soluci\u00f3n que pueda integrar perfectamente los anuncios clasificados y los perfiles de usuario de su sitio de WordPress con BuddyPress, \u00a1no busque m\u00e1s que WP Anuncios de la integraci\u00f3n de BuddyPress! Este notable complemento proporciona la soluci\u00f3n definitiva para crear una experiencia totalmente integrada de clasificados y redes sociales para sus usuarios. Con los anuncios de WP BuddyPress Integration, los usuarios tienen la facilidad de crear y administrar sus anuncios clasificados directamente desde su p\u00e1gina de perfil, mientras que los administradores pueden controlar sin esfuerzo la gesti\u00f3n de anuncios desde el backend.<\/p>\n<p>Ya sea que desee ofrecer a sus usuarios una gama integral de caracter\u00edsticas clasificadas o simplemente desee mejorar la experiencia del usuario en su sitio, WP Anuncios BuddyPress Integration es la opci\u00f3n perfecta para usted. Este complemento es compatible con todos los temas principales y cuenta con un proceso de instalaci\u00f3n incre\u00edblemente f\u00e1cil, lo que le permite poner en funcionamiento su sitio en poco tiempo.<\/p>\n<p>Entonces, \u00bfpor qu\u00e9 retrasar m\u00e1s? \u00a1Eleve su sitio de WordPress al siguiente nivel incorporando la integraci\u00f3n de BuddyPress de WP anuncios hoy!<\/p>\n<ul>\n<li>Integre perfectamente los anuncios clasificados y los perfiles de usuario de su sitio de WordPress con BuddyPress<\/li>\n<li>Cree una experiencia clasificada y de redes sociales totalmente integradas para sus usuarios<\/li>\n<li>Los usuarios pueden crear y administrar f\u00e1cilmente sus anuncios clasificados directamente desde su p\u00e1gina de perfil.<\/li>\n<li>Los administradores pueden controlar f\u00e1cilmente la gesti\u00f3n de anuncios desde el backend<\/li>\n<li>Ofrecer a sus usuarios un conjunto robusto de caracter\u00edsticas clasificadas<\/li>\n<li>Agilizar la experiencia de usuario de su sitio<\/li>\n<li>Compatible con todos los temas principales<\/li>\n<li>Incre\u00edblemente f\u00e1cil de instalar<\/li>\n<li>Ponte en funcionamiento en poco tiempo<\/li>\n<li>\u00a1Lleve su sitio de WordPress al siguiente nivel con los anuncios de WP BuddyPress Integration hoy!<\/li>\n<\/ul>\n","protected":false},"excerpt":{"rendered":"<p>Presentando la muy esperada integraci\u00f3n de BuddyPress de los anuncios WP, una soluci\u00f3n excepcional que armoniza sin problemas los anuncios clasificados y los perfiles de usuario de su sitio de WordPress con la innovadora plataforma BuddyPress. Este complemento innovador permite a los usuarios crear y administrar sin esfuerzo sus anuncios clasificados directamente desde su p\u00e1gina de perfil personalizado, al tiempo que otorga a los administradores estimados la autoridad inequ\u00edvoca para regular y supervisar la gesti\u00f3n de anuncios integrales del backend. Adem\u00e1s, esta invaluable integraci\u00f3n posee una compatibilidad notable con todos los temas principales, garantizando un proceso de instalaci\u00f3n sin problemas y sin problemas. Los anuncios de WP BuddyPress Integration indudablemente se destacan como una herramienta indispensable para cualquier sitio de WordPress que aspire a proporcionar una experiencia clasificada y de redes sociales sin igual e integradas para sus usuarios estimados.<\/p>\n","protected":false},"featured_media":168931,"comment_status":"open","ping_status":"open","template":"","meta":[],"product_brand":[2615],"product_cat":[1232,1206,1211],"product_tag":[2219],"class_list":{"0":"post-143138","1":"product","2":"type-product","3":"status-publish","4":"has-post-thumbnail","6":"product_brand-wp-adverts","7":"product_cat-marketing-wordpress-plugins","8":"product_cat-plugins","9":"product_cat-wordpress-plugins","10":"product_tag-wp-adverts","11":"member-discount","12":"discount-restricted","14":"first","15":"instock","16":"sale","17":"downloadable","18":"virtual","19":"sold-individually","20":"purchasable","21":"product-type-simple"},"_links":{"self":[{"href":"https:\/\/gpl-love.com\/es\/wp-json\/wp\/v2\/product\/143138","targetHints":{"allow":["GET"]}}],"collection":[{"href":"https:\/\/gpl-love.com\/es\/wp-json\/wp\/v2\/product"}],"about":[{"href":"https:\/\/gpl-love.com\/es\/wp-json\/wp\/v2\/types\/product"}],"replies":[{"embeddable":true,"href":"https:\/\/gpl-love.com\/es\/wp-json\/wp\/v2\/comments?post=143138"}],"wp:featuredmedia":[{"embeddable":true,"href":"https:\/\/gpl-love.com\/es\/wp-json\/wp\/v2\/media\/168931"}],"wp:attachment":[{"href":"https:\/\/gpl-love.com\/es\/wp-json\/wp\/v2\/media?parent=143138"}],"wp:term":[{"taxonomy":"product_brand","embeddable":true,"href":"https:\/\/gpl-love.com\/es\/wp-json\/wp\/v2\/product_brand?post=143138"},{"taxonomy":"product_cat","embeddable":true,"href":"https:\/\/gpl-love.com\/es\/wp-json\/wp\/v2\/product_cat?post=143138"},{"taxonomy":"product_tag","embeddable":true,"href":"https:\/\/gpl-love.com\/es\/wp-json\/wp\/v2\/product_tag?post=143138"}],"curies":[{"name":"wp","href":"https:\/\/api.w.org\/{rel}","templated":true}]}}