{"id":143130,"date":"2025-02-04T00:00:00","date_gmt":"2025-02-04T05:00:00","guid":{"rendered":"https:\/\/gpl-love.com\/es\/producto\/wp-adverts-maps-and-locations\/"},"modified":"2026-04-12T11:16:34","modified_gmt":"2026-04-12T16:16:34","slug":"wp-adverts-maps-and-locations","status":"publish","type":"product","link":"https:\/\/gpl-love.com\/es\/producto\/wp-adverts-maps-and-locations\/","title":{"rendered":"WP Adverts Maps y Locations 1.6.3"},"content":{"rendered":"<h3>WP Adverts Maps y Locations Caracteristicas<\/h3>\n<p>El complemento de mapas y ubicaciones de WP Anuncios es una soluci\u00f3n ideal para sitios web que requieren la presentaci\u00f3n de informaci\u00f3n espec\u00edfica de ubicaci\u00f3n, que ofrece una gama integral de caracter\u00edsticas. Este complemento simplifica el proceso de incorporar pantallas de mapas visualmente atractivas y f\u00e1ciles de usar en sus publicaciones, p\u00e1ginas y tipos de publicaciones personalizadas.<\/p>\n<p>Ya sea que tenga como objetivo mostrar el paradero de su negocio, un evento especial o un destino de viaje, este complemento le permite demostrar a los usuarios la relevancia de su contenido. Simplemente utilizando unos pocos clics, puede generar sin esfuerzo un mapa visualmente cautivador e informativo que resalte efectivamente sus datos de ubicaci\u00f3n de una manera est\u00e9ticamente agradable e intuitiva.<\/p>\n<p>El complemento de mapas y ubicaciones de WP Anuncios presenta una interfaz f\u00e1cil de usar que garantiza la facilidad de navegaci\u00f3n, incluso para aquellos que son nuevos en el mundo del desarrollo del sitio web. Adem\u00e1s, cuenta con un alto nivel de personalizaci\u00f3n con sus opciones de configuraci\u00f3n flexibles, lo que le permite adaptar la apariencia de la pantalla de su mapa de acuerdo con sus requisitos \u00fanicos. Desde una amplia gama de estilos de mapas hasta una variedad de esquemas de color y marcadores, posee la libertad de crear un mapa que se integre perfectamente con el dise\u00f1o de su sitio web.<\/p>\n<p>Gracias al dise\u00f1o receptivo del complemento, sus mapas mantendr\u00e1n su atractivo visual y funcionalidad en varios dispositivos, incluidas computadoras de escritorio, tabletas y tel\u00e9fonos inteligentes. En consecuencia, los usuarios pueden acceder sin esfuerzo a sus datos de ubicaci\u00f3n, independientemente de su ubicaci\u00f3n o el dispositivo que est\u00e9n utilizando.<\/p>\n<p>El complemento de mapas y ubicaciones de WP anuncia sobre las limitaciones al permitirle mostrar no solo uno, sino m\u00faltiples mapas. Esta caracter\u00edstica le otorga la oportunidad de enfatizar diferentes ubicaciones y exhibir una variedad de contenido basado en la ubicaci\u00f3n, mejorando as\u00ed la experiencia general del usuario.<\/p>\n<p>En conclusi\u00f3n, si desea un medio atractivo, intuitivo y flexible para incorporar informaci\u00f3n espec\u00edfica de ubicaci\u00f3n en su sitio web, el complemento de Mapas y ubicaciones de WP Anuncios sirve como la herramienta final para este prop\u00f3sito. Su naturaleza f\u00e1cil de usar, amplias opciones de personalizaci\u00f3n y posibilidades ilimitadas para mostrar contenido basado en la ubicaci\u00f3n lo convierten en el complemento perfecto para su sitio web. \u00a1No pierda el tiempo en experimentar el notable poder del contenido basado en la ubicaci\u00f3n al implementar este complemento hoy!<\/p>\n<ul>\n<li>Forma f\u00e1cil y eficiente de agregar informaci\u00f3n espec\u00edfica de ubicaci\u00f3n a su sitio web<\/li>\n<li>Interfaz f\u00e1cil de usar que incluso los principiantes pueden navegar f\u00e1cilmente<\/li>\n<li>Altamente personalizable con opciones de configuraci\u00f3n flexibles<\/li>\n<li>Elija entre varios estilos de mapa, esquemas de color y marcadores<\/li>\n<li>Dise\u00f1o receptivo para una pantalla perfecta en cualquier dispositivo<\/li>\n<li>Opci\u00f3n de creaci\u00f3n de mapas m\u00faltiples para resaltar diferentes ubicaciones y contenido basado en la ubicaci\u00f3n<\/li>\n<li>Le permite mostrar a los usuarios donde su contenido es m\u00e1s relevante<\/li>\n<li>Perfecto para negocios, eventos especiales y destinos de viajes<\/li>\n<li>Crea pantallas impresionantes e informativas en solo unos pocos clics<\/li>\n<li>Experimente el poder del contenido basado en la ubicaci\u00f3n en su sitio web con mapas de anuncios WP y complemento de ubicaciones.<\/li>\n<\/ul>\n","protected":false},"excerpt":{"rendered":"<p>El complemento de mapas y ubicaciones de WP Anuncios, una herramienta altamente crucial para sitios web que buscan presentar informaci\u00f3n espec\u00edfica de ubicaci\u00f3n, permite la incorporaci\u00f3n perfecta de mapas en publicaciones, p\u00e1ginas y tipos de publicaciones personalizadas, mostrando as\u00ed datos de ubicaci\u00f3n en un usuario visualmente atractivo y atractivo- de manera amistosa. Ya sea que est\u00e9 interesado en divulgar el paradero de su negocio, una ocasi\u00f3n especial o un destino tur\u00edstico, los mapas y ubicaciones de los anuncios de WP demuestran ser la mejor soluci\u00f3n para dirigir a los usuarios al contenido pertinente. Adem\u00e1s, su interfaz f\u00e1cil de usar y sus opciones de personalizaci\u00f3n adaptables lo hacen configurable e implementable sin esfuerzo para cualquier prop\u00f3sito deseado. Le recomendamos que lo pruebe hoy y presencie c\u00f3mo puede elevar la calidad del contenido de su sitio web.<\/p>\n","protected":false},"featured_media":168927,"comment_status":"open","ping_status":"open","template":"","meta":[],"product_brand":[2615],"product_cat":[1232,1206,1211],"product_tag":[2219],"class_list":{"0":"post-143130","1":"product","2":"type-product","3":"status-publish","4":"has-post-thumbnail","6":"product_brand-wp-adverts","7":"product_cat-marketing-wordpress-plugins","8":"product_cat-plugins","9":"product_cat-wordpress-plugins","10":"product_tag-wp-adverts","11":"member-discount","12":"discount-restricted","14":"first","15":"instock","16":"sale","17":"downloadable","18":"virtual","19":"sold-individually","20":"purchasable","21":"product-type-simple"},"_links":{"self":[{"href":"https:\/\/gpl-love.com\/es\/wp-json\/wp\/v2\/product\/143130","targetHints":{"allow":["GET"]}}],"collection":[{"href":"https:\/\/gpl-love.com\/es\/wp-json\/wp\/v2\/product"}],"about":[{"href":"https:\/\/gpl-love.com\/es\/wp-json\/wp\/v2\/types\/product"}],"replies":[{"embeddable":true,"href":"https:\/\/gpl-love.com\/es\/wp-json\/wp\/v2\/comments?post=143130"}],"wp:featuredmedia":[{"embeddable":true,"href":"https:\/\/gpl-love.com\/es\/wp-json\/wp\/v2\/media\/168927"}],"wp:attachment":[{"href":"https:\/\/gpl-love.com\/es\/wp-json\/wp\/v2\/media?parent=143130"}],"wp:term":[{"taxonomy":"product_brand","embeddable":true,"href":"https:\/\/gpl-love.com\/es\/wp-json\/wp\/v2\/product_brand?post=143130"},{"taxonomy":"product_cat","embeddable":true,"href":"https:\/\/gpl-love.com\/es\/wp-json\/wp\/v2\/product_cat?post=143130"},{"taxonomy":"product_tag","embeddable":true,"href":"https:\/\/gpl-love.com\/es\/wp-json\/wp\/v2\/product_tag?post=143130"}],"curies":[{"name":"wp","href":"https:\/\/api.w.org\/{rel}","templated":true}]}}