{"id":143128,"date":"2025-04-02T00:00:00","date_gmt":"2025-04-02T05:00:00","guid":{"rendered":"https:\/\/gpl-love.com\/es\/producto\/wp-adverts-google-analytics\/"},"modified":"2026-04-12T11:16:33","modified_gmt":"2026-04-12T16:16:33","slug":"wp-adverts-google-analytics","status":"publish","type":"product","link":"https:\/\/gpl-love.com\/es\/producto\/wp-adverts-google-analytics\/","title":{"rendered":"WP Adverts Google Analytics 1.1.2"},"content":{"rendered":"<h3>WP Adverts Google Analytics Caracteristicas<\/h3>\n<p>Si est\u00e1 en busca de una herramienta robusta y f\u00e1cil de usar que pueda rastrear y analizar efectivamente el rendimiento de su sitio web de WordPress Adverts, no necesita mirar m\u00e1s all\u00e1 de WP anuncios Google Analytics. Este complemento sobresaliente integra a la perfecci\u00f3n su sitio web con Google Analytics, lo que le otorga acceso a ideas invaluables sobre el comportamiento de sus usuarios y las fuentes del tr\u00e1fico de su sitio web. Armado con esta informaci\u00f3n, puede tomar decisiones informadas sobre sus estrategias de publicidad y marketing, lo que finalmente lo ayuda a lograr sus objetivos comerciales.<\/p>\n<p>WP Anuncios de Google Analytics est\u00e1 lleno de una variedad de caracter\u00edsticas extraordinarias dise\u00f1adas espec\u00edficamente para optimizar su proceso de seguimiento y an\u00e1lisis. Al usar este complemento, podr\u00e1 ver datos en tiempo real que muestran la cantidad de visitas, visitas a p\u00e1gina y el tiempo promedio dedicado a su sitio web. Adem\u00e1s, tambi\u00e9n puede monitorear el rendimiento de sus actividades de comercio electr\u00f3nico y medir la efectividad de sus canales de publicidad, entre otras capacidades.<\/p>\n<p>Uno de los atributos notables de este complemento excepcional es su interfaz f\u00e1cil de usar. No necesita poseer experiencia t\u00e9cnica para utilizar completamente los anuncios de WP Google Analytics. El tablero es sin complicaciones, presentando gr\u00e1ficos y gr\u00e1ficos f\u00e1ciles de usar que facilitan una mejor comprensi\u00f3n de sus datos.<\/p>\n<p>En el caso de que todav\u00eda tenga reservas, no hay necesidad de preocuparse. WP Anuncios de Google Analytics se acompa\u00f1a de una documentaci\u00f3n integral que lo gu\u00eda a trav\u00e9s del proceso de utilizar cada caracter\u00edstica, asegurando una experiencia de aprendizaje r\u00e1pida y sin esfuerzo. Ya sea que sea un novato o un vendedor experimentado, sin duda encontrar\u00e1 un valor inmenso en este complemento.<\/p>\n<p>A fin de cuentas, WP anuncia Google Analytics es una herramienta excepcional que puede elevar su estrategia de publicidad a nuevas alturas. Obtenga las ideas que necesita para tomar decisiones informadas y optimizar su sitio web para el m\u00e1ximo rendimiento. No se demore: pruebe WP Anuncios de Google Analytics hoy.<\/p>\n<ul>\n<li>Integre perfectamente su sitio web de anuncios de WordPress con Google Analytics para obtener informaci\u00f3n valiosa sobre el comportamiento del usuario y las fuentes de tr\u00e1fico<\/li>\n<li>Use datos para tomar decisiones informadas sobre estrategias de publicidad y marketing que lo ayudar\u00e1n a alcanzar sus objetivos comerciales.<\/li>\n<li>Los datos en tiempo real muestran el n\u00famero de visitas, visiones de p\u00e1gina, tiempo promedio dedicado al sitio web, el rendimiento del comercio electr\u00f3nico y la efectividad de los canales de publicidad<\/li>\n<li>Interfaz f\u00e1cil de usar con gr\u00e1ficos y gr\u00e1ficos f\u00e1ciles de entender<\/li>\n<li>Documentaci\u00f3n integral tanto para principiantes como para vendedores experimentados<\/li>\n<li>Lleve su estrategia de publicidad al siguiente nivel con WP Anuncios de Google Analytics y optimice su sitio web para obtener el m\u00e1ximo rendimiento<\/li>\n<\/ul>\n","protected":false},"excerpt":{"rendered":"<p>WP Anuncios Google Analytics es un complemento incre\u00edblemente robusto que se integra perfectamente con los anuncios de WordPress, proporcionando a los usuarios la capacidad de rastrear y analizar el rendimiento de su sitio web utilizando las potentes capacidades de Google Analytics. Al utilizar esta herramienta, puede obtener informaci\u00f3n invaluable sobre el comportamiento del usuario, as\u00ed como identificar las fuentes del tr\u00e1fico de su sitio web y mucho m\u00e1s. Al tener acceso a esta gran cantidad de informaci\u00f3n, est\u00e1 equipado para tomar decisiones bien informadas sobre sus esfuerzos de publicidad y marketing. Adem\u00e1s, este complemento ofrece una interfaz f\u00e1cil de usar y una documentaci\u00f3n integral, lo que permite que incluso aquellos que son nuevos en el mundo de los an\u00e1lisis navegen y utilicen f\u00e1cilmente sus caracter\u00edsticas. Si est\u00e1 ansioso por elevar su estrategia publicitaria a nuevas alturas, no busque m\u00e1s que WP Anuncios de Google Analytics, ya que es la herramienta final para lograr el \u00e9xito en este \u00e1mbito.<\/p>\n","protected":false},"featured_media":168926,"comment_status":"open","ping_status":"open","template":"","meta":[],"product_brand":[2615],"product_cat":[1232,1206,1211],"product_tag":[2219],"class_list":{"0":"post-143128","1":"product","2":"type-product","3":"status-publish","4":"has-post-thumbnail","6":"product_brand-wp-adverts","7":"product_cat-marketing-wordpress-plugins","8":"product_cat-plugins","9":"product_cat-wordpress-plugins","10":"product_tag-wp-adverts","11":"member-discount","12":"discount-restricted","14":"first","15":"instock","16":"sale","17":"downloadable","18":"virtual","19":"sold-individually","20":"purchasable","21":"product-type-simple"},"_links":{"self":[{"href":"https:\/\/gpl-love.com\/es\/wp-json\/wp\/v2\/product\/143128","targetHints":{"allow":["GET"]}}],"collection":[{"href":"https:\/\/gpl-love.com\/es\/wp-json\/wp\/v2\/product"}],"about":[{"href":"https:\/\/gpl-love.com\/es\/wp-json\/wp\/v2\/types\/product"}],"replies":[{"embeddable":true,"href":"https:\/\/gpl-love.com\/es\/wp-json\/wp\/v2\/comments?post=143128"}],"wp:featuredmedia":[{"embeddable":true,"href":"https:\/\/gpl-love.com\/es\/wp-json\/wp\/v2\/media\/168926"}],"wp:attachment":[{"href":"https:\/\/gpl-love.com\/es\/wp-json\/wp\/v2\/media?parent=143128"}],"wp:term":[{"taxonomy":"product_brand","embeddable":true,"href":"https:\/\/gpl-love.com\/es\/wp-json\/wp\/v2\/product_brand?post=143128"},{"taxonomy":"product_cat","embeddable":true,"href":"https:\/\/gpl-love.com\/es\/wp-json\/wp\/v2\/product_cat?post=143128"},{"taxonomy":"product_tag","embeddable":true,"href":"https:\/\/gpl-love.com\/es\/wp-json\/wp\/v2\/product_tag?post=143128"}],"curies":[{"name":"wp","href":"https:\/\/api.w.org\/{rel}","templated":true}]}}