{"id":143126,"date":"2023-05-08T00:00:00","date_gmt":"2023-05-08T05:00:00","guid":{"rendered":"https:\/\/gpl-love.com\/es\/producto\/wp-adverts-restricted-categories\/"},"modified":"2026-04-12T11:16:33","modified_gmt":"2026-04-12T16:16:33","slug":"wp-adverts-restricted-categories","status":"publish","type":"product","link":"https:\/\/gpl-love.com\/es\/producto\/wp-adverts-restricted-categories\/","title":{"rendered":"WP Adverts Restricted Categories 1.0.2"},"content":{"rendered":"<h3>WP Adverts Restricted Categories Caracteristicas<\/h3>\n<p>\u00bfEst\u00e1 cansado de la lucha constante para encontrar un m\u00e9todo efectivo para salvaguardar categor\u00edas espec\u00edficas en su sitio de WordPress de los ojos indiscretas? Ya sea que est\u00e9 operando un sitio de membres\u00eda o supervisar un directorio de negocios, la preservaci\u00f3n de la privacidad y la implementaci\u00f3n de medidas de seguridad s\u00f3lidas son de suma importancia para garantizar la protecci\u00f3n de su valioso contenido y usuarios. Esto es precisamente donde entra en juego el complemento de categor\u00edas restringidas de anuncios WP.<\/p>\n<p>Las categor\u00edas restringidas de anuncios de WP es un complemento excepcionalmente poderoso que le otorga un control incomparable sobre las personas que pueden acceder a categor\u00edas espec\u00edficas en su sitio de WordPress. Al utilizar este complemento, tiene la capacidad de restringir categor\u00edas para ciertos usuarios o roles de usuario, asegurando as\u00ed que solo aquellos que se les otorgan los permisos necesarios puedan ver e interactuar con su contenido. En consecuencia, la informaci\u00f3n confidencial, como el contenido exclusivo de los miembros y los datos confidenciales destinados al personal autorizado, se puede proteger contra el acceso no autorizado.<\/p>\n<p>En su capacidad como administrador del sitio, las categor\u00edas restringidas de los anuncios de WP le permiten establecer restricciones de forma r\u00e1pida y sin esfuerzo para categor\u00edas particulares. Puede asignar permisos basados \u200b\u200ben roles de usuario, simplificando as\u00ed la gesti\u00f3n del acceso para diferentes equipos o departamentos dentro de su organizaci\u00f3n. Por ejemplo, podr\u00eda restringir el acceso a ciertas categor\u00edas \u00fanicamente para su equipo de ventas, al tiempo que otorga a su equipo de marketing acceso sin restricciones a todo contenido.<\/p>\n<p>Lo que distingue a este complemento es su notable facilidad de uso y su facilidad de configuraci\u00f3n. Tras la instalaci\u00f3n y la activaci\u00f3n, puede comenzar inmediatamente a configurar restricciones sin ninguna molestia. En un momento dado, puede agregar o eliminar permisos sin esfuerzo para varios usuarios o roles de usuarios, ejerciendo as\u00ed una autoridad completa sobre las personas capaces de acceder a contenido espec\u00edfico. Adem\u00e1s, este complemento se integra sin problemas con el complemento de anuncios WP, lo que le brinda la capacidad de personalizar y administrar a\u00fan m\u00e1s su contenido con una facilidad sin igual.<\/p>\n<p>Seleccionar las categor\u00edas restringidas de anuncios WP elevar\u00e1 la seguridad de su sitio de WordPress a alturas sin precedentes. Tenga la seguridad de que este complemento inculcar\u00e1 la tranquilidad al garantizar la preservaci\u00f3n segura de su contenido, lo que es la soluci\u00f3n perfecta para cualquier negocio, organizaci\u00f3n o individuo que est\u00e9 profundamente comprometido a salvaguardar sus activos en l\u00ednea. Entonces, \u00bfpor qu\u00e9 retrasar m\u00e1s? \u00a1Haga cargo de su contenido hoy y experimente la protecci\u00f3n inigualable ofrecida por las categor\u00edas restringidas de anuncios de WP!<\/p>\n<ul>\n<li>Las categor\u00edas restringidas de anuncios de WP son un poderoso complemento de WordPress que le brinda un control completo sobre qui\u00e9n puede acceder a categor\u00edas espec\u00edficas en su sitio<\/li>\n<li>Puede restringir f\u00e1cilmente las categor\u00edas para ciertos usuarios o roles, asegurando que solo aquellos con permisos adecuados puedan ver e interactuar con su contenido.<\/li>\n<li>Este complemento es perfecto para sitios de membres\u00eda, directorios comerciales o cualquier persona que quiera proteger su contenido y la privacidad de los usuarios<\/li>\n<li>Puede asignar permisos basados \u200b\u200ben roles de usuario, lo que facilita la gesti\u00f3n del acceso para diferentes equipos o departamentos dentro de su organizaci\u00f3n.<\/li>\n<li>El complemento es incre\u00edblemente f\u00e1cil de usar y f\u00e1cil de configurar, con la capacidad de agregar o eliminar permisos en cualquier momento<\/li>\n<li>Las categor\u00edas restringidas de anuncios de WP son totalmente compatibles con el complemento de anuncios de WP, lo que permite una personalizaci\u00f3n y gesti\u00f3n a\u00fan m\u00e1s adicional del contenido<\/li>\n<li>Con este complemento, puede mantener informaci\u00f3n confidencial (como contenido solo para miembros o datos confidenciales) a salvo del acceso no autorizado<\/li>\n<li>Las categor\u00edas restringidas de anuncios de WP proporcionan tranquilidad y mayor seguridad para cualquier negocio, organizaci\u00f3n o individuo en serio sobre la protecci\u00f3n de sus activos en l\u00ednea<\/li>\n<li>Instale y active las categor\u00edas restringidas de anuncios WP hoy para llevar la seguridad de su sitio de WordPress al siguiente nivel.<\/li>\n<\/ul>\n","protected":false},"excerpt":{"rendered":"<p>El complemento de categor\u00edas restringidas de anuncios de WP es una herramienta excepcionalmente robusta que ofrece a los usuarios la capacidad de imponer restricciones en categor\u00edas espec\u00edficas basadas en tipos de usuarios o roles dentro de su sitio de WordPress. Al utilizar este complemento, las personas pueden regular y limitar efectivamente el acceso a categor\u00edas designadas, garantizando as\u00ed la protecci\u00f3n y preservaci\u00f3n de su contenido. Ya sea que uno sea el supervisor de un sitio web impulsado por la membres\u00eda o el propietario de un directorio de negocios, WP anuncia las categor\u00edas restringidas se considera como la soluci\u00f3n por excelencia para administrar efectivamente el contenido y mantener la privacidad de los usuarios. Entonces, \u00bfpor qu\u00e9 prolongar el proceso? \u00a1Inicie su viaje hacia el control de contenido y la adquisici\u00f3n de las categor\u00edas restringidas de anuncios de WP hoy!<\/p>\n","protected":false},"featured_media":168925,"comment_status":"open","ping_status":"open","template":"","meta":[],"product_brand":[2615],"product_cat":[1232,1206,1211],"product_tag":[2219],"class_list":{"0":"post-143126","1":"product","2":"type-product","3":"status-publish","4":"has-post-thumbnail","6":"product_brand-wp-adverts","7":"product_cat-marketing-wordpress-plugins","8":"product_cat-plugins","9":"product_cat-wordpress-plugins","10":"product_tag-wp-adverts","11":"member-discount","12":"discount-restricted","14":"first","15":"instock","16":"sale","17":"downloadable","18":"virtual","19":"sold-individually","20":"purchasable","21":"product-type-simple"},"_links":{"self":[{"href":"https:\/\/gpl-love.com\/es\/wp-json\/wp\/v2\/product\/143126","targetHints":{"allow":["GET"]}}],"collection":[{"href":"https:\/\/gpl-love.com\/es\/wp-json\/wp\/v2\/product"}],"about":[{"href":"https:\/\/gpl-love.com\/es\/wp-json\/wp\/v2\/types\/product"}],"replies":[{"embeddable":true,"href":"https:\/\/gpl-love.com\/es\/wp-json\/wp\/v2\/comments?post=143126"}],"wp:featuredmedia":[{"embeddable":true,"href":"https:\/\/gpl-love.com\/es\/wp-json\/wp\/v2\/media\/168925"}],"wp:attachment":[{"href":"https:\/\/gpl-love.com\/es\/wp-json\/wp\/v2\/media?parent=143126"}],"wp:term":[{"taxonomy":"product_brand","embeddable":true,"href":"https:\/\/gpl-love.com\/es\/wp-json\/wp\/v2\/product_brand?post=143126"},{"taxonomy":"product_cat","embeddable":true,"href":"https:\/\/gpl-love.com\/es\/wp-json\/wp\/v2\/product_cat?post=143126"},{"taxonomy":"product_tag","embeddable":true,"href":"https:\/\/gpl-love.com\/es\/wp-json\/wp\/v2\/product_tag?post=143126"}],"curies":[{"name":"wp","href":"https:\/\/api.w.org\/{rel}","templated":true}]}}