{"id":143124,"date":"2025-02-04T00:00:00","date_gmt":"2025-02-04T05:00:00","guid":{"rendered":"https:\/\/gpl-love.com\/es\/producto\/wp-adverts-fee-per-category\/"},"modified":"2026-04-12T11:16:32","modified_gmt":"2026-04-12T16:16:32","slug":"wp-adverts-fee-per-category","status":"publish","type":"product","link":"https:\/\/gpl-love.com\/es\/producto\/wp-adverts-fee-per-category\/","title":{"rendered":"WP Adverts Fee Per Category 1.2.3"},"content":{"rendered":"<h3>WP Adverts Fee Per Category Caracteristicas<\/h3>\n<p>La tarifa de anuncios de WP por categor\u00eda es un complemento excepcional que le ofrece un control completo sobre sus flujos de ingresos, proporcionando la capacidad de cobrar tarifas variables por diferentes categor\u00edas o subcategor\u00edas en su sitio web. Con esta poderosa herramienta, puede establecer opciones y tarifas de pago personalizadas para cada listado dentro de cada categor\u00eda. Este complemento rico en caracter\u00edsticas es la soluci\u00f3n ideal para las empresas que operan juntas de trabajo, sitios inmobiliarios o cualquier otra plataforma clasificada.<\/p>\n<p>Al incorporar la tarifa de anuncios de WP por categor\u00eda, podr\u00e1 monetizar su sitio web de manera efectiva y flexible. Su interfaz robusta y f\u00e1cil de usar le permite crear opciones de pago personalizadas sin esfuerzo y establecer tarifas ajustables para todos sus listados. Ya sea que prefiera una tarifa fija por lista o un porcentaje del precio de venta, este complemento lo tiene cubierto. Simplemente requiere que configure las opciones que se adaptan a sus preferencias comerciales y personales.<\/p>\n<p>Incluso las personas que carecen de experiencia t\u00e9cnica pueden utilizar f\u00e1cilmente la tarifa de anuncios de WP por categor\u00eda. En cuesti\u00f3n de minutos, obtendr\u00e1 la capacidad de establecer opciones y tarifas de pago personalizadas para cada uno de sus listados dentro de cada categor\u00eda, lo que le permite maximizar sus flujos de ingresos sin esfuerzo. Tiene la flexibilidad de cobrar tarifas m\u00e1s altas por categor\u00edas premium o crear m\u00faltiples niveles de pago en funci\u00f3n de las caracter\u00edsticas deseadas de sus clientes.<\/p>\n<p>Este complemento viene lleno de una variedad de caracter\u00edsticas adaptadas a las necesidades de su negocio. Puede configurar el complemento para manejar las tarifas recurrentes a trav\u00e9s de un modelo de suscripci\u00f3n, los usuarios de carga para los listados destacados en categor\u00edas espec\u00edficas y restringir el acceso a listados premium detr\u00e1s de un muro de pago. La tarifa de anuncios de WP por categor\u00eda ha simplificado enormemente el proceso de pago, lo que permite a las personas utilizar WordPress como una plataforma central para generar ingresos sin las complicaciones de las integraciones de pago.<\/p>\n<p>Si est\u00e1 buscando expandir su negocio y aumentar sus ganancias del contenido en l\u00ednea, la tarifa de anuncios de WP por categor\u00eda es una herramienta indispensable a su disposici\u00f3n. Le permite monetizar su sitio web de la manera m\u00e1s eficiente y flexible mientras toma el mando completo de sus flujos de ingresos. \u00a1No dudes! \u00a1Instale la tarifa de anuncios de WP por categor\u00eda hoy y comience a cosechar las recompensas de mayores ganancias!<\/p>\n<ul>\n<li>Da control completo sobre los flujos de ingresos<\/li>\n<li>Cobra diferentes tarifas por diferentes categor\u00edas o subcategor\u00edas<\/li>\n<li>Opciones de pago personalizadas y tarifas para cada listado en cada categor\u00eda<\/li>\n<li>Soluci\u00f3n perfecta para tableros de trabajo, sitios inmobiliarios o cualquier otra plataforma clasificada<\/li>\n<li>Monetiza el sitio web de la manera m\u00e1s eficiente y flexible posible<\/li>\n<li>Crea f\u00e1cilmente opciones de pago personalizadas y establece tarifas flexibles para todos los listados<\/li>\n<li>Puede cobrar tarifa fija por lista o porcentaje del precio de venta<\/li>\n<li>No se requiere experiencia t\u00e9cnica<\/li>\n<li>Maximiza las fuentes de ingresos sin problemas<\/li>\n<li>Puede cobrar a los usuarios por listados destacados en categor\u00edas espec\u00edficas<\/li>\n<li>Simplifica los pagos y permite el uso de WordPress como plataforma para ganar dinero<\/li>\n<li>Toma el control de las fuentes de ingresos y ayuda a hacer crecer negocios<\/li>\n<\/ul>\n","protected":false},"excerpt":{"rendered":"<p>La tarifa de anuncios de WP por categor\u00eda es un complemento incre\u00edblemente robusto y din\u00e1mico que le otorga la capacidad de imponer tarifas variables en categor\u00edas o subcategor\u00edas distintas dentro de su estimado sitio web. Esta invaluable herramienta le permite establecer alternativas y tarifas de pago a medida para cada listado de cada categor\u00eda, lo que le brinda un dominio absoluto sobre sus diversas fuentes de ingresos. Independientemente de si preside una bulliciosa tablero de trabajo, un ilustre sitio de bienes ra\u00edces o cualquier otra plataforma clasificada distinguida, la tarifa de anuncios de WP por categor\u00eda facilita sin problemas la monetizaci\u00f3n de su contenido exclusivo de la manera m\u00e1s \u00f3ptima y flexible concebible. \u00a1No pierda tiempo y se embarque r\u00e1pidamente en la instalaci\u00f3n de este complemento extraordinario, marcando as\u00ed en una nueva era de mayor prosperidad para su estimado negocio en l\u00ednea!<\/p>\n","protected":false},"featured_media":168924,"comment_status":"open","ping_status":"open","template":"","meta":[],"product_brand":[2615],"product_cat":[1232,1206,1211],"product_tag":[2219],"class_list":{"0":"post-143124","1":"product","2":"type-product","3":"status-publish","4":"has-post-thumbnail","6":"product_brand-wp-adverts","7":"product_cat-marketing-wordpress-plugins","8":"product_cat-plugins","9":"product_cat-wordpress-plugins","10":"product_tag-wp-adverts","11":"member-discount","12":"discount-restricted","14":"first","15":"instock","16":"sale","17":"downloadable","18":"virtual","19":"sold-individually","20":"purchasable","21":"product-type-simple"},"_links":{"self":[{"href":"https:\/\/gpl-love.com\/es\/wp-json\/wp\/v2\/product\/143124","targetHints":{"allow":["GET"]}}],"collection":[{"href":"https:\/\/gpl-love.com\/es\/wp-json\/wp\/v2\/product"}],"about":[{"href":"https:\/\/gpl-love.com\/es\/wp-json\/wp\/v2\/types\/product"}],"replies":[{"embeddable":true,"href":"https:\/\/gpl-love.com\/es\/wp-json\/wp\/v2\/comments?post=143124"}],"wp:featuredmedia":[{"embeddable":true,"href":"https:\/\/gpl-love.com\/es\/wp-json\/wp\/v2\/media\/168924"}],"wp:attachment":[{"href":"https:\/\/gpl-love.com\/es\/wp-json\/wp\/v2\/media?parent=143124"}],"wp:term":[{"taxonomy":"product_brand","embeddable":true,"href":"https:\/\/gpl-love.com\/es\/wp-json\/wp\/v2\/product_brand?post=143124"},{"taxonomy":"product_cat","embeddable":true,"href":"https:\/\/gpl-love.com\/es\/wp-json\/wp\/v2\/product_cat?post=143124"},{"taxonomy":"product_tag","embeddable":true,"href":"https:\/\/gpl-love.com\/es\/wp-json\/wp\/v2\/product_tag?post=143124"}],"curies":[{"name":"wp","href":"https:\/\/api.w.org\/{rel}","templated":true}]}}