{"id":143122,"date":"2023-09-17T00:00:00","date_gmt":"2023-09-17T05:00:00","guid":{"rendered":"https:\/\/gpl-love.com\/es\/producto\/wp-adverts-mark-as-sold\/"},"modified":"2026-04-12T11:16:31","modified_gmt":"2026-04-12T16:16:31","slug":"wp-adverts-mark-as-sold","status":"publish","type":"product","link":"https:\/\/gpl-love.com\/es\/producto\/wp-adverts-mark-as-sold\/","title":{"rendered":"WP Adverts Mark As Sold 1.2.0"},"content":{"rendered":"<h3>WP Adverts Mark As Sold Caracteristicas<\/h3>\n<p>WP Anuncios Mark como se vende es un complemento altamente vers\u00e1til e integral para WordPress que le proporciona la capacidad perfecta para marcar sus listados como se vende. Esta notable herramienta est\u00e1 equipada con una variedad de caracter\u00edsticas que no solo facilitan la exhibici\u00f3n sin estr\u00e9s de sus art\u00edculos vendidos, sino que tambi\u00e9n mejoran la eficiencia de todo el proceso. Ya sea que opere una tienda en l\u00ednea o simplemente tenga algunos art\u00edculos disponibles para la venta en su sitio web, la utilizaci\u00f3n de este complemento garantiza que sus listados activos sean constantemente frescos y actualizados, promoviendo as\u00ed una experiencia de usuario \u00f3ptima.<\/p>\n<p>Uno de los aspectos m\u00e1s encomiables de los anuncios de WP marcan como se vende en su excepcional simplicidad de operaci\u00f3n. Todo lo que necesita es el etiquetado de sus art\u00edculos con una etiqueta \u00abvendida\u00bb designada, despu\u00e9s de la cual el complemento los reubicar\u00e1 autom\u00e1ticamente a la secci\u00f3n vendida. En consecuencia, esta ingeniosa funcionalidad elimina la necesidad de actualizar manualmente sus listados, ahorr\u00e1ndole tiempo valioso y evitando cualquier molestia innecesaria.<\/p>\n<p>Adem\u00e1s, este complemento ofrece otra caracter\u00edstica ventajosa en forma de una secci\u00f3n vendida dedicada que crea. Esta secci\u00f3n bien dise\u00f1ada no solo permite a sus visitantes examinar perfectamente a trav\u00e9s de sus art\u00edculos vendidos, sino que tambi\u00e9n mejora significativamente su compromiso y su experiencia general del usuario. Es importante tener en cuenta que posee la capacidad de personalizar la secci\u00f3n vendida para alinearse con sus requisitos de marca y mantener la coherencia con el estilo de su sitio web utilizando una amplia gama de configuraciones personalizables.<\/p>\n<p>Adem\u00e1s, WP Anuncios Mark como se vendi\u00f3 ofrece una impresionante selecci\u00f3n de opciones de personalizaci\u00f3n para satisfacer sus preferencias individuales. Con este complemento, tiene la libertad de elegir si mostrar miniaturas de sus art\u00edculos vendidos, incluidas im\u00e1genes y descripciones, y personalizar la est\u00e9tica visual de la secci\u00f3n vendida haciendo alteraciones a las fuentes, colores y varios otros elementos. Esta capacidad de personalizaci\u00f3n integral le permite crear una presentaci\u00f3n visualmente atractiva y cohesiva para sus listados vendidos.<\/p>\n<p>Adem\u00e1s, los anuncios de WP marcan que se venden sin problemas se integra sin problemas con todas las plantillas WPADverts, lo que le permite utilizarlo junto con cualquiera de las plantillas preconstruidas o incluso crear sus propias plantillas personalizadas. Esta notable flexibilidad le otorga un mayor grado de control sobre la apariencia de sus listados, asegurando que permanezcan en marca y visualmente cautivadores.<\/p>\n<p>Para concluir, WP Anuncios Mark como se vende es un complemento indispensable para las personas que buscan optimizar sus listados y mostrar sus logros de ventas. Sus caracter\u00edsticas poderosas, la compatibilidad perfecta con todas las plantillas de WPADverts, y la interfaz f\u00e1cil de usar lo convierten en un activo invaluable para cualquier propietario del sitio web. Al incorporar este complemento excepcional en su repertorio, puede elevar su juego de listado a alturas sin precedentes.<\/p>\n<ul>\n<li>Los anuncios de WP Mark como se venden es un complemento poderoso e intuitivo para WordPress que le permite marcar los listados como se venden con facilidad.<\/li>\n<li>Con este complemento, la actualizaci\u00f3n de sus listados es sin estr\u00e9s y es eficiente, lo que le ahorra tiempo y problemas valiosos.<\/li>\n<li>La simplicidad de este complemento es una de sus mejores caracter\u00edsticas, todo lo que necesita hacer es etiquetar sus art\u00edculos como \u00abvendidos\u00bb, y el complemento los mover\u00e1 autom\u00e1ticamente a la secci\u00f3n vendida.<\/li>\n<li>La secci\u00f3n dedicada vendida que crea este complemento permite a sus visitantes navegar por sus art\u00edculos vendidos y aumenta la participaci\u00f3n y la experiencia del usuario.<\/li>\n<li>Las opciones de personalizaci\u00f3n est\u00e1n disponibles, como mostrar miniaturas de sus art\u00edculos vendidos y personalizar la apariencia de la secci\u00f3n vendida para que coincida con su marca.<\/li>\n<li>Este complemento es compatible con todas las plantillas de WPADverts, lo que le brinda la libertad de controlar c\u00f3mo se ven sus listados y garantizar que sean visualmente atractivos.<\/li>\n<li>Los anuncios de WP Mark, como se venden, ofrece un excelente valor para cualquier propietario del sitio web y es un complemento esencial para optimizar sus listados y mostrar sus \u00e9xitos de ventas.<\/li>\n<li>\u00a1Pruebe este complemento hoy y lleve su juego de listado al siguiente nivel!<\/li>\n<\/ul>\n","protected":false},"excerpt":{"rendered":"<p>WP Anuncios Mark como se vendi\u00f3 es un complemento incre\u00edblemente robusto y eficiente dise\u00f1ado espec\u00edficamente para WordPress. Su funci\u00f3n principal es proporcionar a los usuarios la conveniencia de designar sin esfuerzo sus listados como se venden. Al utilizar este complemento notable, tiene la capacidad de exhibir sus art\u00edculos vendidos exitosamente en una secci\u00f3n completamente separada mientras mantiene simult\u00e1neamente una apariencia visualmente atractiva y actualizada para sus listados activos. Adem\u00e1s, la simplicidad y la facilidad de uso de los anuncios de WP se marcan como se venden no se pueden subestimar. Simplemente aplique una etiqueta distintiva \u00abvendida\u00bb a sus listados, y al igual que la magia, autom\u00e1ticamente migrar\u00e1n a la secci\u00f3n vendida designada. Ya sea que est\u00e9 operando una tienda en l\u00ednea pr\u00f3spera o simplemente tenga una variedad modesta de art\u00edculos disponibles para su compra en su sitio web, la integraci\u00f3n de los anuncios de WP Mark como se vende es absolutamente imprescindible. Esta herramienta invaluable no solo optimiza su proceso de listado completo, sino que tambi\u00e9n sirve como una plataforma excepcional para presentar con orgullo y resaltar sus numerosas ventas exitosas. \u00a1H\u00e1gase un favor y aproveche la oportunidad para experimentar las notables capacidades de WP Anuncios Mark como se vende hoy!<\/p>\n","protected":false},"featured_media":168923,"comment_status":"open","ping_status":"open","template":"","meta":[],"product_brand":[2615],"product_cat":[1232,1206,1211],"product_tag":[2219],"class_list":{"0":"post-143122","1":"product","2":"type-product","3":"status-publish","4":"has-post-thumbnail","6":"product_brand-wp-adverts","7":"product_cat-marketing-wordpress-plugins","8":"product_cat-plugins","9":"product_cat-wordpress-plugins","10":"product_tag-wp-adverts","11":"member-discount","12":"discount-restricted","14":"first","15":"instock","16":"sale","17":"downloadable","18":"virtual","19":"sold-individually","20":"purchasable","21":"product-type-simple"},"_links":{"self":[{"href":"https:\/\/gpl-love.com\/es\/wp-json\/wp\/v2\/product\/143122","targetHints":{"allow":["GET"]}}],"collection":[{"href":"https:\/\/gpl-love.com\/es\/wp-json\/wp\/v2\/product"}],"about":[{"href":"https:\/\/gpl-love.com\/es\/wp-json\/wp\/v2\/types\/product"}],"replies":[{"embeddable":true,"href":"https:\/\/gpl-love.com\/es\/wp-json\/wp\/v2\/comments?post=143122"}],"wp:featuredmedia":[{"embeddable":true,"href":"https:\/\/gpl-love.com\/es\/wp-json\/wp\/v2\/media\/168923"}],"wp:attachment":[{"href":"https:\/\/gpl-love.com\/es\/wp-json\/wp\/v2\/media?parent=143122"}],"wp:term":[{"taxonomy":"product_brand","embeddable":true,"href":"https:\/\/gpl-love.com\/es\/wp-json\/wp\/v2\/product_brand?post=143122"},{"taxonomy":"product_cat","embeddable":true,"href":"https:\/\/gpl-love.com\/es\/wp-json\/wp\/v2\/product_cat?post=143122"},{"taxonomy":"product_tag","embeddable":true,"href":"https:\/\/gpl-love.com\/es\/wp-json\/wp\/v2\/product_tag?post=143122"}],"curies":[{"name":"wp","href":"https:\/\/api.w.org\/{rel}","templated":true}]}}