{"id":143120,"date":"2025-02-04T00:00:00","date_gmt":"2025-02-04T05:00:00","guid":{"rendered":"https:\/\/gpl-love.com\/es\/producto\/wp-adverts-authors\/"},"modified":"2026-04-12T11:16:30","modified_gmt":"2026-04-12T16:16:30","slug":"wp-adverts-authors","status":"publish","type":"product","link":"https:\/\/gpl-love.com\/es\/producto\/wp-adverts-authors\/","title":{"rendered":"WP Adverts Authors 1.5.0"},"content":{"rendered":"<h3>WP Adverts Authors Caracteristicas<\/h3>\n<p>WP Adverts Authors es un complemento muy robusto y ampliamente lleno de funciones que se ha creado espec\u00edficamente para optimizar su sitio web de WordPress. Logra esto al introducir un sistema de gesti\u00f3n de autores integral y altamente eficiente. Si actualmente est\u00e1 buscando un m\u00e9todo sin complicaciones pero altamente efectivo para administrar m\u00faltiples autores y sus respectivas contribuciones a su sitio web, entonces este complemento excepcional es sin duda la soluci\u00f3n ideal para usted.<\/p>\n<p>Al utilizar autores de anuncios de WP, se le otorga acceso a una amplia gama de caracter\u00edsticas personalizables que le permiten crear y dise\u00f1ar perfiles de autor que representen impecablemente su marca y muestren sin esfuerzo las habilidades excepcionales que poseen sus estimados escritores. Estas caracter\u00edsticas notables abarcan todo, desde informaci\u00f3n biograf\u00eda del autor, im\u00e1genes de perfil e incluso enlaces de redes sociales, hasta plantillas totalmente personalizables, lo que le permite ejercer un control completo sobre la est\u00e9tica general y la apariencia de sus p\u00e1ginas de autor.<\/p>\n<p>Adem\u00e1s, los autores de anuncios de WP tambi\u00e9n facilitan la creaci\u00f3n de una ingeniosa p\u00e1gina de archivo de autor, que posteriormente permite a sus valiosos lectores navegar sin esfuerzo y explorar todo el contenido generado por un autor en particular. Esta caracter\u00edstica invaluable sirve para mejorar la experiencia general del usuario proporcionada por su sitio web, al tiempo que permite a sus lectores desenterrar contenido adicional convenientemente que sea contextualmente relevante para sus intereses individuales.<\/p>\n<p>Una de las muchas ventajas notables ofrecidas por los autores de los anuncios de WP es la integraci\u00f3n de roles personalizados. Esta caracter\u00edstica asegura que a sus autores se les asigne el nivel apropiado de acceso y permisos necesarios para crear efectivamente y posteriormente publicar su contenido excepcional. Adem\u00e1s, este complemento excepcional tambi\u00e9n le permite monitorear diligentemente las actividades y contribuciones de sus autores a trav\u00e9s de la utilizaci\u00f3n de an\u00e1lisis perspicaces. Al aprovechar efectivamente estos an\u00e1lisis invaluables, puede rastrear sin esfuerzo el progreso y las contribuciones generales realizadas por sus estimados autores a su estimado sitio web.<\/p>\n<p>Como un bono adicional, el complemento de Autores de anuncios de WP tambi\u00e9n incorpora una selecci\u00f3n de widgets incre\u00edblemente pr\u00e1cticos, que incluyen publicaciones recientes de widgets de enlace de autor y autor. Estos widgets extraordinarios le proporcionan la capacidad incomparable para mostrar a la perfecci\u00f3n la informaci\u00f3n relacionada con el autor dentro de barras laterales o pies de p\u00e1gina designados. Al utilizar estos widgets, puede facilitar sin esfuerzo la capacidad de sus valiosos lectores para localizar y posteriormente examinar el notable contenido producido por sus autores favoritos.<\/p>\n<p>En conclusi\u00f3n, los autores de los anuncios de WP sirven como una herramienta verdaderamente excepcional que le permite proporcionar a sus usuarios estimados una experiencia de usuario incomparable y altamente profesional. Esto se logra simplificando la gesti\u00f3n de sus estimados autores, lo que le permite dedicar su valioso tiempo y recursos a la creaci\u00f3n de contenido verdaderamente excepcional y de calidad premium. Adem\u00e1s, este notable complemento tambi\u00e9n le brinda la invaluable oportunidad de establecer<\/p>\n<ul>\n<li>WP Adverts Authors es un complemento de WordPress que optimiza su sitio web al proporcionar un sistema integral de gesti\u00f3n de autores.<\/li>\n<li>Le permite crear perfiles de autores personalizables con informaci\u00f3n bio, im\u00e1genes de perfil y enlaces de redes sociales que representan su marca.<\/li>\n<li>Puede crear una p\u00e1gina de archivo de autor que ayude a sus lectores a descubrir m\u00e1s contenido relacionado con sus intereses.<\/li>\n<li>El complemento viene con roles y permisos personalizados, por lo que sus autores tienen el nivel correcto de acceso para crear y publicar contenido.<\/li>\n<li>Puede monitorear su actividad y contribuciones a trav\u00e9s de an\u00e1lisis perspicaces para que pueda rastrear su progreso y su contribuci\u00f3n general a su sitio.<\/li>\n<li>Los autores de los anuncios de WP incluyen varios widgets pr\u00e1cticos, como publicaciones recientes del autor y los widgets de enlaces de autor, que facilitan que los lectores encuentren y lean el contenido de su autor favorito.<\/li>\n<li>El complemento simplifica la gesti\u00f3n de los autores, lo que le permite concentrarse en crear contenido de alta calidad.<\/li>\n<li>Puede configurar notificaciones por correo electr\u00f3nico para mantenerlo informado de todas las actividades realizadas por los autores en su sitio web, asegurando que tenga el control de todas las actividades realizadas en su sitio web.<\/li>\n<li>WP Adverts Authors es un complemento robusto y poderoso que lo ayuda a administrar los perfiles de los autores, el contenido y el control con facilidad.<\/li>\n<\/ul>\n","protected":false},"excerpt":{"rendered":"<p>WP Adverts Authors es un complemento notablemente robusto que tiene como objetivo reforzar su sitio web de WordPress, elevando su funcionalidad con la integraci\u00f3n de un sistema integral de gesti\u00f3n de autores. Esta ingeniosa herramienta integra perfectamente perfiles de autores personalizables, una p\u00e1gina de archivo de autores, as\u00ed como una variedad de widgets dise\u00f1ados espec\u00edficamente para mostrar informaci\u00f3n esencial relacionada con el autor. Adem\u00e1s, ofrece a los usuarios la oportunidad de asignar roles personalizados a los autores, leer sus invaluables contribuciones a su estimado sitio web e incluso recibir notificaciones oportunas relacionadas con sus actividades. Con la utilizaci\u00f3n de los autores de los anuncios de WP, puede mantener sin esfuerzo la m\u00e1xima calidad e integridad de su amado sitio web al administrar adeptivamente a sus estimados autores.<\/p>\n","protected":false},"featured_media":168922,"comment_status":"open","ping_status":"open","template":"","meta":[],"product_brand":[2615],"product_cat":[1232,1206,1211],"product_tag":[2219],"class_list":{"0":"post-143120","1":"product","2":"type-product","3":"status-publish","4":"has-post-thumbnail","6":"product_brand-wp-adverts","7":"product_cat-marketing-wordpress-plugins","8":"product_cat-plugins","9":"product_cat-wordpress-plugins","10":"product_tag-wp-adverts","11":"member-discount","12":"discount-restricted","14":"first","15":"instock","16":"sale","17":"downloadable","18":"virtual","19":"sold-individually","20":"purchasable","21":"product-type-simple"},"_links":{"self":[{"href":"https:\/\/gpl-love.com\/es\/wp-json\/wp\/v2\/product\/143120","targetHints":{"allow":["GET"]}}],"collection":[{"href":"https:\/\/gpl-love.com\/es\/wp-json\/wp\/v2\/product"}],"about":[{"href":"https:\/\/gpl-love.com\/es\/wp-json\/wp\/v2\/types\/product"}],"replies":[{"embeddable":true,"href":"https:\/\/gpl-love.com\/es\/wp-json\/wp\/v2\/comments?post=143120"}],"wp:featuredmedia":[{"embeddable":true,"href":"https:\/\/gpl-love.com\/es\/wp-json\/wp\/v2\/media\/168922"}],"wp:attachment":[{"href":"https:\/\/gpl-love.com\/es\/wp-json\/wp\/v2\/media?parent=143120"}],"wp:term":[{"taxonomy":"product_brand","embeddable":true,"href":"https:\/\/gpl-love.com\/es\/wp-json\/wp\/v2\/product_brand?post=143120"},{"taxonomy":"product_cat","embeddable":true,"href":"https:\/\/gpl-love.com\/es\/wp-json\/wp\/v2\/product_cat?post=143120"},{"taxonomy":"product_tag","embeddable":true,"href":"https:\/\/gpl-love.com\/es\/wp-json\/wp\/v2\/product_tag?post=143120"}],"curies":[{"name":"wp","href":"https:\/\/api.w.org\/{rel}","templated":true}]}}