{"id":143118,"date":"2023-05-08T00:00:00","date_gmt":"2023-05-08T05:00:00","guid":{"rendered":"https:\/\/gpl-love.com\/es\/producto\/wp-adverts-category-icons\/"},"modified":"2026-04-03T11:16:23","modified_gmt":"2026-04-03T16:16:23","slug":"wp-adverts-category-icons","status":"publish","type":"product","link":"https:\/\/gpl-love.com\/es\/producto\/wp-adverts-category-icons\/","title":{"rendered":"WP Adverts Category Icons 1.1.1"},"content":{"rendered":"<h3>WP Adverts Category Icons Caracteristicas<\/h3>\n<p>Si usted es el propietario de un sitio web de WordPress que muestra anuncios en una amplia gama de categor\u00edas, y se encuentra deseando una interfaz m\u00e1s f\u00e1cil de usar y visualmente atractiva para navegar y localizar anuncios en su sitio, entonces no busque m\u00e1s que el \u00a1Plugin de iconos de categor\u00eda de anuncios de WP!<\/p>\n<p>Este complemento formidable, los iconos de la categor\u00eda de anuncios WP, est\u00e1 dise\u00f1ado espec\u00edficamente para satisfacer las necesidades \u00fanicas de su sitio web. Con su dise\u00f1o intuitivamente dise\u00f1ado e interfaz f\u00e1cil de usar, este complemento ofrece una soluci\u00f3n simple para agregar iconos de categor\u00eda personalizados a los anuncios en su sitio web. Al implementar esta funci\u00f3n, puede mejorar significativamente la est\u00e9tica general y la experiencia de navegaci\u00f3n de su sitio, lo que finalmente conduce a una mayor participaci\u00f3n del usuario, tasas de clics e ingresos por anuncios.<\/p>\n<p>Gracias a la amplia gama de opciones de iconos que est\u00e1n a su disposici\u00f3n, tiene la libertad de seleccionar \u00edconos que representen sin esfuerzo sus categor\u00edas y se alineen con el tema general de su sitio web. Las opciones de visualizaci\u00f3n tambi\u00e9n son bastante diversas, desde c\u00edrculo cl\u00e1sico y formas cuadradas hasta opciones de imagen a\u00fan m\u00e1s personalizables. En consecuencia, sus anuncios se presentar\u00e1n m\u00e1s prominentemente, gracias a los iconos \u00fanicos y cautivadores que se asignan a cada categor\u00eda. Estos \u00edconos sirven como se\u00f1ales visuales que ayudan a los usuarios a distinguir f\u00e1cilmente entre diferentes tipos de anuncios, lo que les permite seleccionar sin esfuerzo las que desean ver.<\/p>\n<p>Los iconos de categor\u00eda de anuncios de WP presenta un m\u00e9todo sin esfuerzo y sencillo para agregar un toque visualmente agradable a los anuncios en su sitio web. Ya sea que opere un blog, una tienda en l\u00ednea o incluso un sitio clasificado que muestre una variedad de categor\u00edas, este complemento es la adici\u00f3n ideal a su sitio web de WordPress. La mejor parte es que no requiere ninguna experiencia de codificaci\u00f3n para instalar y activar con \u00e9xito este complemento. Adem\u00e1s, funciona a la perfecci\u00f3n con la mayor\u00eda de los temas y plantillas de WordPress, asegurando una integraci\u00f3n sin problemas.<\/p>\n<p>Entonces, \u00bfpor qu\u00e9 demorarse m\u00e1s? \u00a1Da el primer paso para mejorar la experiencia del usuario en su sitio web descargando el complemento de iconos de categor\u00eda de anuncios WP hoy!<\/p>\n<ul>\n<li>Agregue sin esfuerzo \u00edconos de categor\u00eda personalizados a los anuncios de su sitio web de WordPress<\/li>\n<li>Mejore la est\u00e9tica y la experiencia de navegaci\u00f3n de su sitio web para los usuarios<\/li>\n<li>Elija entre una variedad de opciones de iconos, opciones de visualizaci\u00f3n y opciones de imagen personalizadas para adaptarse al tema de su sitio web<\/li>\n<li>Prominentemente, anuncios con iconos \u00fanicos y llamativos asignados a cada categor\u00eda<\/li>\n<li>Servir como se\u00f1ales visuales para que los usuarios diferencien entre diferentes tipos de anuncios y elija los que desean ver<\/li>\n<li>Adici\u00f3n perfecta para blogs, escaparates en l\u00ednea o sitios clasificados con m\u00faltiples categor\u00edas<\/li>\n<li>No se requiere experiencia de codificaci\u00f3n para instalar y activar el complemento<\/li>\n<li>Compatible con la mayor\u00eda de los temas y plantillas de WordPress<\/li>\n<li>Aumentar la participaci\u00f3n del usuario, las tasas de clics e ingresos por anuncios con iconos de categor\u00eda de anuncios WP<\/li>\n<li>Descargue ahora para mejorar la experiencia de usuario de su sitio web.<\/li>\n<\/ul>\n","protected":false},"excerpt":{"rendered":"<p>Los iconos de categor\u00eda de anuncios de WP son un complemento altamente intuitivo y f\u00e1cil de usar magistralmente dise\u00f1ado para la integraci\u00f3n con los sitios web de WordPress. Este ingenioso complemento le permite incorporar a la perfecci\u00f3n \u00edconos de categor\u00eda distintivos y a medida en los anuncios de su sitio web, facilitando as\u00ed la navegaci\u00f3n sin esfuerzo y la ubicaci\u00f3n expedita de los anuncios deseados para sus usuarios. Con una amplia gama de selecciones de iconos a su disposici\u00f3n, posee la autonom\u00eda de los \u00edconos de selecci\u00f3n de mano meticulosamente que se alinean impecablemente con sus categor\u00edas designadas y armonizan sin problemas con la est\u00e9tica general de su sitio web. Los \u00edconos de la categor\u00eda de anuncios de WP le otorgan un mecanismo sencillo y notablemente eficaz para elevar el encanto visual de sus anuncios y fomentar una experiencia de usuario mejorada y sublime dentro de los confines serenos de su estimado sitio web.<\/p>\n","protected":false},"featured_media":168921,"comment_status":"open","ping_status":"open","template":"","meta":[],"product_brand":[2615],"product_cat":[1232,1206,1211],"product_tag":[2219],"class_list":{"0":"post-143118","1":"product","2":"type-product","3":"status-publish","4":"has-post-thumbnail","6":"product_brand-wp-adverts","7":"product_cat-marketing-wordpress-plugins","8":"product_cat-plugins","9":"product_cat-wordpress-plugins","10":"product_tag-wp-adverts","11":"member-discount","12":"discount-restricted","14":"first","15":"instock","16":"sale","17":"downloadable","18":"virtual","19":"sold-individually","20":"purchasable","21":"product-type-simple"},"_links":{"self":[{"href":"https:\/\/gpl-love.com\/es\/wp-json\/wp\/v2\/product\/143118","targetHints":{"allow":["GET"]}}],"collection":[{"href":"https:\/\/gpl-love.com\/es\/wp-json\/wp\/v2\/product"}],"about":[{"href":"https:\/\/gpl-love.com\/es\/wp-json\/wp\/v2\/types\/product"}],"replies":[{"embeddable":true,"href":"https:\/\/gpl-love.com\/es\/wp-json\/wp\/v2\/comments?post=143118"}],"wp:featuredmedia":[{"embeddable":true,"href":"https:\/\/gpl-love.com\/es\/wp-json\/wp\/v2\/media\/168921"}],"wp:attachment":[{"href":"https:\/\/gpl-love.com\/es\/wp-json\/wp\/v2\/media?parent=143118"}],"wp:term":[{"taxonomy":"product_brand","embeddable":true,"href":"https:\/\/gpl-love.com\/es\/wp-json\/wp\/v2\/product_brand?post=143118"},{"taxonomy":"product_cat","embeddable":true,"href":"https:\/\/gpl-love.com\/es\/wp-json\/wp\/v2\/product_cat?post=143118"},{"taxonomy":"product_tag","embeddable":true,"href":"https:\/\/gpl-love.com\/es\/wp-json\/wp\/v2\/product_tag?post=143118"}],"curies":[{"name":"wp","href":"https:\/\/api.w.org\/{rel}","templated":true}]}}