{"id":142424,"date":"2025-08-09T00:00:00","date_gmt":"2025-08-09T05:00:00","guid":{"rendered":"https:\/\/gpl-love.com\/es\/producto\/mycred-time-based-reward\/"},"modified":"2026-03-09T08:40:12","modified_gmt":"2026-03-09T13:40:12","slug":"mycred-time-based-reward","status":"publish","type":"product","link":"https:\/\/gpl-love.com\/es\/producto\/mycred-time-based-reward\/","title":{"rendered":"myCred Time Based Reward 1.0.2"},"content":{"rendered":"<h3>myCred Time Based Reward Caracteristicas<\/h3>\n<p>\u00bfEst\u00e1 en busca de un m\u00e9todo eficiente para mantener el compromiso y la retenci\u00f3n de los usuarios de su sitio web? \u00bfSu objetivo es asegurarse de que sus usuarios se sientan valorados y impulsados \u200b\u200ba permanecer activos en su sitio? Si este es el caso, entonces la magn\u00edfica recompensa basada en el tiempo mycred es precisamente la soluci\u00f3n que est\u00e1 buscando.<\/p>\n<p>La recompensa basada en el tiempo MyCred sirve como una herramienta influyente que le permite incentivar a sus usuarios para mantener su compromiso con su sitio web a medida que avanza el tiempo. Al utilizar esta herramienta, puede proporcionar recompensas sin esfuerzo a sus usuarios en funci\u00f3n de la duraci\u00f3n de su actividad en su sitio. En consecuencia, cuanto m\u00e1s tiempo sus usuarios permanezcan activos, m\u00e1s recompensas adquirir\u00e1n.<\/p>\n<p>Lo que realmente distingue a MyCred como una soluci\u00f3n excepcional es su notable flexibilidad. Tiene la capacidad de personalizar sin problemas la funci\u00f3n de recompensa basada en el tiempo de acuerdo con sus requisitos y objetivos \u00fanicos. Ya sea que desee estimular a los usuarios a visitar su sitio con m\u00e1s frecuencia o establecer una base de usuarios dedicada y duradera, MyCred lo tiene cubierto.<\/p>\n<p>La funci\u00f3n de recompensa basada en el tiempo es excepcionalmente f\u00e1cil de usar y manejable. Posee la libertad de seleccionar las recompensas que desea ofrecer, establecer los umbrales de duraci\u00f3n que activan estas recompensas y monitorear la actividad y las recompensas de sus usuarios en tiempo real. Adem\u00e1s, las opciones de personalizaci\u00f3n formidables de MyCred le permiten adaptar sus recompensas para alinearse con su marca y mensajes.<\/p>\n<p>Con MyCred a su disposici\u00f3n, puede estar seguro de que sus usuarios se sentir\u00e1n reconocidos y motivados para mantener su actividad en su sitio. En consecuencia, esto no solo dar\u00e1 como resultado un mayor compromiso y lealtad, sino que tambi\u00e9n conducir\u00e1 a conversiones amplificadas, ventas e ingresos generales.<\/p>\n<p>Entonces, \u00bfpor qu\u00e9 retrasar m\u00e1s? Da el paso e inscribe en MyCred hoy para comenzar a recompensar a tus usuarios por su tiempo y dedicaci\u00f3n inquebrantable. Al aprovechar la extraordinaria funci\u00f3n de recompensa basada en el tiempo de MyCred, \u00a1poseer\u00e1 todas las herramientas necesarias para fomentar el compromiso continuo, la motivaci\u00f3n y el regreso de sus usuarios!<\/p>\n<ul>\n<li>La recompensa basada en el tiempo myCred ayuda a incentivar la participaci\u00f3n del usuario en los sitios web<\/li>\n<li>Ofrece recompensas a los usuarios en funci\u00f3n de la duraci\u00f3n de la actividad en el sitio<\/li>\n<li>Personalizable para adaptarse a necesidades y objetivos espec\u00edficos<\/li>\n<li>F\u00e1cil de configurar y administrar con el seguimiento en tiempo real<\/li>\n<li>Aumenta la lealtad y el compromiso del usuario, lo que lleva a un aumento de las conversiones, ventas e ingresos<\/li>\n<li>Reg\u00edstrese en MyCred hoy para comenzar a recompensar a los usuarios<\/li>\n<\/ul>\n","protected":false},"excerpt":{"rendered":"<p>La recompensa basada en MyCred Time es una herramienta incre\u00edblemente robusta y efectiva que proporciona a los propietarios de sitios web la capacidad de incentivar generosamente y reconocer a sus usuarios por su compromiso y participaci\u00f3n inquebrantable y duradera en sus respectivas plataformas. Al implementar MyCred, los propietarios de sitios web pueden motivar y alentar con \u00e9xito a los usuarios a participar de manera activa y constante en sus sitios, ya que ser\u00e1n recompensados \u200b\u200bcon incentivos y beneficios de acumulaci\u00f3n progresivamente que son proporcionales a la duraci\u00f3n y el alcance de su participaci\u00f3n. Ya sea que un individuo se esfuerza por fomentar una mayor frecuencia de visitas o con el objetivo de cultivar una comunidad de usuarios firme y fiel, la recompensa basada en el tiempo mordido sin duda sirve como una soluci\u00f3n ideal e incomparable para cualquier propietario del sitio web. Por lo tanto, \u00bfpor qu\u00e9 postergar por m\u00e1s tiempo? No pierda tiempo y aproveche esta notable oportunidad al registrarse hoy, ya que no solo podr\u00e1 reconocer y apreciar efectivamente la inversi\u00f3n de sus usuarios de su precioso tiempo y dedicaci\u00f3n inquebr a ellos.<\/p>\n","protected":false},"featured_media":168917,"comment_status":"open","ping_status":"open","template":"","meta":[],"product_brand":[2503],"product_cat":[1214,1206,1211],"product_tag":[2187],"class_list":{"0":"post-142424","1":"product","2":"type-product","3":"status-publish","4":"has-post-thumbnail","6":"product_brand-mycred","7":"product_cat-personalizacion","8":"product_cat-plugins","9":"product_cat-wordpress-plugins","10":"product_tag-mycred","11":"member-discount","12":"discount-restricted","14":"first","15":"instock","16":"sale","17":"downloadable","18":"virtual","19":"sold-individually","20":"purchasable","21":"product-type-simple"},"_links":{"self":[{"href":"https:\/\/gpl-love.com\/es\/wp-json\/wp\/v2\/product\/142424","targetHints":{"allow":["GET"]}}],"collection":[{"href":"https:\/\/gpl-love.com\/es\/wp-json\/wp\/v2\/product"}],"about":[{"href":"https:\/\/gpl-love.com\/es\/wp-json\/wp\/v2\/types\/product"}],"replies":[{"embeddable":true,"href":"https:\/\/gpl-love.com\/es\/wp-json\/wp\/v2\/comments?post=142424"}],"wp:featuredmedia":[{"embeddable":true,"href":"https:\/\/gpl-love.com\/es\/wp-json\/wp\/v2\/media\/168917"}],"wp:attachment":[{"href":"https:\/\/gpl-love.com\/es\/wp-json\/wp\/v2\/media?parent=142424"}],"wp:term":[{"taxonomy":"product_brand","embeddable":true,"href":"https:\/\/gpl-love.com\/es\/wp-json\/wp\/v2\/product_brand?post=142424"},{"taxonomy":"product_cat","embeddable":true,"href":"https:\/\/gpl-love.com\/es\/wp-json\/wp\/v2\/product_cat?post=142424"},{"taxonomy":"product_tag","embeddable":true,"href":"https:\/\/gpl-love.com\/es\/wp-json\/wp\/v2\/product_tag?post=142424"}],"curies":[{"name":"wp","href":"https:\/\/api.w.org\/{rel}","templated":true}]}}