{"id":142422,"date":"2025-08-09T00:00:00","date_gmt":"2025-08-09T05:00:00","guid":{"rendered":"https:\/\/gpl-love.com\/es\/producto\/mycred-pending-points\/"},"modified":"2026-03-09T08:40:09","modified_gmt":"2026-03-09T13:40:09","slug":"mycred-pending-points","status":"publish","type":"product","link":"https:\/\/gpl-love.com\/es\/producto\/mycred-pending-points\/","title":{"rendered":"myCred Pending Points 1.0.3"},"content":{"rendered":"<h3>myCred Pending Points Caracteristicas<\/h3>\n<p>La caracter\u00edstica de puntos pendientes MyCred, que sirve como un incentivo para que los usuarios se involucren con una plataforma, se ha creado ingeniosamente para ofrecer un sistema de recompensa distintivo que permite a los usuarios obtener puntos por acciones espec\u00edficas. Estos puntos ganados se pueden utilizar para desbloquear una variedad de recompensas, insignias u otros incentivos atractivos proporcionados por el administrador del sitio.<\/p>\n<p>La caracter\u00edstica de puntos pendientes MyCred, desarrollado con el \u00fanico prop\u00f3sito de incentivar los comportamientos de los usuarios deseados en un sitio web, recompensa efectivamente a los usuarios por participar en actividades como la creaci\u00f3n de contenido, el intercambio de contenido, la participaci\u00f3n en las discusiones, la finalizaci\u00f3n de los contadores o las encuestas, y muchas otras acciones dirigidas Al fomentar el compromiso. A medida que los usuarios acumulan puntos, inicialmente se marcan como \u00abpendientes\u00bb hasta que reciben la aprobaci\u00f3n del administrador del sitio y posteriormente se agregan al saldo de la cuenta del usuario.<\/p>\n<p>Un aspecto particularmente intrigante de esta caracter\u00edstica es el hecho de que ofrece a los usuarios comentarios inmediatos sobre su rendimiento, lo que les permite evaluar su progreso en tiempo real. Los usuarios tienen la capacidad de ver sus puntos pendientes, permiti\u00e9ndoles rastrear su avance y recibir una gratificaci\u00f3n instant\u00e1nea por sus esfuerzos. Esta gratificaci\u00f3n instant\u00e1nea puede ser un motivador incre\u00edblemente potente, fomentando un fuerte deseo dentro de los usuarios de continuar regresando a la plataforma.<\/p>\n<p>Adem\u00e1s, la funci\u00f3n de puntos pendientes MyCred es notablemente f\u00e1cil de usar y sin esfuerzo configurable. Los administradores del sitio tienen la flexibilidad de personalizar los puntos asignados para cada acci\u00f3n, as\u00ed como establecer un sistema de insignias o trofeos que sirven como incentivos adicionales, todo en un esfuerzo por motivar a\u00fan m\u00e1s a los usuarios a participar activamente. Tal es la efectividad de la caracter\u00edstica de puntos pendientes de MyCred que numerosas plataformas en l\u00ednea han comenzado a incorporarlo en sus estrategias de gamificaci\u00f3n, cultivando as\u00ed el compromiso y creando una experiencia en l\u00ednea cautivadora e interactiva para sus usuarios.<\/p>\n<p>En conclusi\u00f3n, la funci\u00f3n de puntos pendientes MyCred es una herramienta excepcional para cualquier plataforma en l\u00ednea que busque incentivar la participaci\u00f3n del usuario y fomentar los comportamientos deseados de sus usuarios. Con la implementaci\u00f3n de esta caracter\u00edstica, los usuarios tienen garantizado una experiencia en l\u00ednea m\u00e1s inmersiva e interactiva, mientras que los administradores del sitio obtienen una herramienta valiosa para atraer a m\u00e1s usuarios y mejorar la participaci\u00f3n general.<\/p>\n<ul>\n<li>MyCred Pending Points es un sistema de recompensa \u00fanico que motiva a los usuarios a interactuar con una plataforma al obtener puntos por ciertas acciones.<\/li>\n<li>Esta caracter\u00edstica incentiva los comportamientos deseados en un sitio web, como crear y compartir contenido, participar en discusiones y tomar cuestionarios o encuestas.<\/li>\n<li>Los usuarios acumulan puntos que est\u00e1n marcados como \u00abpendientes\u00bb hasta que el administrador del sitio los apruebe y se agregan al saldo de su cuenta.<\/li>\n<li>Los usuarios pueden ver sus puntos pendientes y realizar un seguimiento de su progreso en tiempo real, proporcionando comentarios inmediatos y satisfacci\u00f3n.<\/li>\n<li>Los administradores del sitio pueden personalizar los puntos otorgados para cada acci\u00f3n y establecer un sistema de insignias o trofeos para motivar a\u00fan m\u00e1s a los usuarios.<\/li>\n<li>MyCred Pending Points es una herramienta efectiva para las estrategias de gamificaci\u00f3n que crean el compromiso y crean una experiencia en l\u00ednea divertida e interactiva para los usuarios.<\/li>\n<li>Esta caracter\u00edstica es f\u00e1cil de usar y configurar, por lo que es una excelente herramienta para cualquier plataforma en l\u00ednea que busque incentivar la participaci\u00f3n del usuario y fomentar el comportamiento deseado.<\/li>\n<\/ul>\n","protected":false},"excerpt":{"rendered":"<p>La caracter\u00edstica de puntos pendientes MyCred sirve como un mecanismo para que los usuarios acumulen recompensas en forma de puntos a trav\u00e9s de acciones espec\u00edficas, como la creaci\u00f3n de contenido o la participaci\u00f3n en actividades designadas. Estos puntos permanecen en un estado de \u00abpendiente\u00bb hasta que se someten a la aprobaci\u00f3n del administrador del sitio y, en \u00faltima instancia, contribuyen al saldo de la cuenta del usuario. Al implementar dicho sistema, se puede fomentar efectivamente la participaci\u00f3n de los usuarios y motivar efectivamente los comportamientos deseados en un sitio web o plataforma en l\u00ednea determinada.<\/p>\n","protected":false},"featured_media":168915,"comment_status":"open","ping_status":"open","template":"","meta":[],"product_brand":[2503],"product_cat":[1214,1206,1211],"product_tag":[2187],"class_list":{"0":"post-142422","1":"product","2":"type-product","3":"status-publish","4":"has-post-thumbnail","6":"product_brand-mycred","7":"product_cat-personalizacion","8":"product_cat-plugins","9":"product_cat-wordpress-plugins","10":"product_tag-mycred","11":"member-discount","12":"discount-restricted","14":"first","15":"instock","16":"sale","17":"downloadable","18":"virtual","19":"sold-individually","20":"purchasable","21":"product-type-simple"},"_links":{"self":[{"href":"https:\/\/gpl-love.com\/es\/wp-json\/wp\/v2\/product\/142422","targetHints":{"allow":["GET"]}}],"collection":[{"href":"https:\/\/gpl-love.com\/es\/wp-json\/wp\/v2\/product"}],"about":[{"href":"https:\/\/gpl-love.com\/es\/wp-json\/wp\/v2\/types\/product"}],"replies":[{"embeddable":true,"href":"https:\/\/gpl-love.com\/es\/wp-json\/wp\/v2\/comments?post=142422"}],"wp:featuredmedia":[{"embeddable":true,"href":"https:\/\/gpl-love.com\/es\/wp-json\/wp\/v2\/media\/168915"}],"wp:attachment":[{"href":"https:\/\/gpl-love.com\/es\/wp-json\/wp\/v2\/media?parent=142422"}],"wp:term":[{"taxonomy":"product_brand","embeddable":true,"href":"https:\/\/gpl-love.com\/es\/wp-json\/wp\/v2\/product_brand?post=142422"},{"taxonomy":"product_cat","embeddable":true,"href":"https:\/\/gpl-love.com\/es\/wp-json\/wp\/v2\/product_cat?post=142422"},{"taxonomy":"product_tag","embeddable":true,"href":"https:\/\/gpl-love.com\/es\/wp-json\/wp\/v2\/product_tag?post=142422"}],"curies":[{"name":"wp","href":"https:\/\/api.w.org\/{rel}","templated":true}]}}