{"id":142418,"date":"2025-08-08T00:00:00","date_gmt":"2025-08-08T05:00:00","guid":{"rendered":"https:\/\/gpl-love.com\/es\/producto\/mycred-todo-list\/"},"modified":"2026-03-09T08:40:04","modified_gmt":"2026-03-09T13:40:04","slug":"mycred-todo-list","status":"publish","type":"product","link":"https:\/\/gpl-love.com\/es\/producto\/mycred-todo-list\/","title":{"rendered":"myCred ToDo List 1.0.2"},"content":{"rendered":"<h3>myCred ToDo List Caracteristicas<\/h3>\n<p>Si usted es el operador de un sitio web, es muy probable que est\u00e9 cargado de una multitud de tareas que manejar. Ya sea que implique generar contenido, desarrollar productos o proporcionar atenci\u00f3n al cliente, siempre hay una lista interminable de tareas que requieren atenci\u00f3n. Aqu\u00ed es precisamente donde entra en juego la lista de TODO MyCred. Al emplear este complemento de WordPress robusto y vers\u00e1til, obtendr\u00e1 la capacidad de crear y supervisar las listas de tareas directamente en su sitio web, asegurando as\u00ed que siempre est\u00e1 al tanto de las cosas y que su sitio opera sin problemas.<\/p>\n<p>Una ventaja notable de la lista de TODO MyCred es su simplicidad en el uso. Esta herramienta le permite generar nuevas tareas y asignarlas a diferentes usuarios, establecer plazos y monitorear el progreso. En consecuencia, mantenerse organizado y evitar la supervisi\u00f3n de asuntos significativos se convierte en una haza\u00f1a f\u00e1cilmente alcanzable. Adem\u00e1s, este complemento ofrece una amplia gama de opciones de personalizaci\u00f3n, lo que le permite adaptar sus caracter\u00edsticas para satisfacer sus necesidades y preferencias espec\u00edficas.<\/p>\n<p>Si ya est\u00e1 utilizando el complemento MyCred en su sitio web, le complacer\u00e1 descubrir que MyCred TODO List se integra sin problemas con \u00e9l. Esta notable integraci\u00f3n implica que tiene la capacidad de recompensar a los usuarios por completar con \u00e9xito las tareas. Tales incentivos pueden servir como una herramienta motivacional notable, alentando efectivamente a los usuarios a interactuar con su sitio. Independientemente de si est\u00e1 operando un blog, plataforma de comercio electr\u00f3nico o cualquier otro tipo de sitio web, MyCred TODO List presenta una soluci\u00f3n ideal para administrar tareas de manera efectiva y garantizar el flujo operativo suave de todo su sitio web.<\/p>\n<p>La flexibilidad ofrecida por la lista de TODO MyCred es realmente encomiable. Este complemento le permite administrar eficientemente tareas de diversos grados de complejidad, que van desde listas de tareas simples hasta proyectos intrincados. Adem\u00e1s, debido a que es un complemento de WordPress, el proceso de instalaci\u00f3n y comienzo del uso es incre\u00edblemente sencillo. Tenga la seguridad de que no necesitar\u00e1 ninguna habilidad de programaci\u00f3n especializada o experiencia t\u00e9cnica para implementar con \u00e9xito esta herramienta.<\/p>\n<p>A fin de cuentas, si est\u00e1 buscando activamente una soluci\u00f3n de gesti\u00f3n de tareas potente y adaptable para su sitio web, MyCred TODO List sin duda merece su cuidadosa consideraci\u00f3n. Con una interfaz f\u00e1cil de usar, una variedad de opciones de personalizaci\u00f3n y una integraci\u00f3n perfecta con el complemento MyCred, esta herramienta demuestra ser una excelente opci\u00f3n para cualquier persona que anhele mantener un alto nivel de organizaci\u00f3n y administrar eficientemente sus tareas.<\/p>\n<ul>\n<li>MyCred TODO List es un complemento de WordPress dise\u00f1ado para ayudarlo a crear y administrar listas de tareas en su sitio web.<\/li>\n<li>Es incre\u00edblemente f\u00e1cil de usar y le permite crear r\u00e1pidamente nuevas tareas, asignarlas a los usuarios, establecer fechas de vencimiento y rastrear el progreso.<\/li>\n<li>El complemento viene con una gama de opciones de personalizaci\u00f3n, por lo que puede adaptarlo a sus necesidades y preferencias espec\u00edficas.<\/li>\n<li>Se integra a la perfecci\u00f3n con el complemento MyCred, lo que le permite recompensar a los usuarios por completar tareas y motivarlos a interactuar con su sitio.<\/li>\n<li>Es flexible y se puede usar para administrar cualquier tipo de tarea, desde simples tareas hasta proyectos complejos.<\/li>\n<li>Es f\u00e1cil de instalar y comenzar a usar, incluso si no tiene ninguna habilidad t\u00e9cnica.<\/li>\n<li>Es una excelente opci\u00f3n para cualquiera que necesite mantenerse organizado y administrar sus tareas de manera m\u00e1s eficiente en su sitio web.<\/li>\n<\/ul>\n","protected":false},"excerpt":{"rendered":"<p>La lista de TODO MyCred es un complemento de WordPress excepcionalmente robusto y vers\u00e1til, que ofrece una variedad de funcionalidades potentes para crear y manejar efectivamente listas de tareas directamente en su sitio web. Al utilizar este complemento fenomenal, obtiene la capacidad de generar sin esfuerzo nuevas tareas, asignarlas a usuarios espec\u00edficos, establecer fechas de vencimiento y monitorear meticulosamente el progreso. Adem\u00e1s, le otorga acceder a una amplia selecci\u00f3n de opciones de personalizaci\u00f3n, asegurando una integraci\u00f3n perfecta con el complemento MyCred, lo que le permite recompensar generosamente a los usuarios al completar con \u00e9xito las tareas. Independientemente de si est\u00e1 operando un blog pr\u00f3spero o un bullicioso sitio de comercio electr\u00f3nico, MyCred TODO List se presenta como la soluci\u00f3n definitiva para administrar de manera eficiente todas sus tareas y garantizar un rendimiento \u00f3ptimo del sitio.<\/p>\n","protected":false},"featured_media":168911,"comment_status":"open","ping_status":"open","template":"","meta":[],"product_brand":[2503],"product_cat":[1214,1206,1211],"product_tag":[2187],"class_list":{"0":"post-142418","1":"product","2":"type-product","3":"status-publish","4":"has-post-thumbnail","6":"product_brand-mycred","7":"product_cat-personalizacion","8":"product_cat-plugins","9":"product_cat-wordpress-plugins","10":"product_tag-mycred","11":"member-discount","12":"discount-restricted","14":"first","15":"instock","16":"sale","17":"downloadable","18":"virtual","19":"sold-individually","20":"purchasable","21":"product-type-simple"},"_links":{"self":[{"href":"https:\/\/gpl-love.com\/es\/wp-json\/wp\/v2\/product\/142418","targetHints":{"allow":["GET"]}}],"collection":[{"href":"https:\/\/gpl-love.com\/es\/wp-json\/wp\/v2\/product"}],"about":[{"href":"https:\/\/gpl-love.com\/es\/wp-json\/wp\/v2\/types\/product"}],"replies":[{"embeddable":true,"href":"https:\/\/gpl-love.com\/es\/wp-json\/wp\/v2\/comments?post=142418"}],"wp:featuredmedia":[{"embeddable":true,"href":"https:\/\/gpl-love.com\/es\/wp-json\/wp\/v2\/media\/168911"}],"wp:attachment":[{"href":"https:\/\/gpl-love.com\/es\/wp-json\/wp\/v2\/media?parent=142418"}],"wp:term":[{"taxonomy":"product_brand","embeddable":true,"href":"https:\/\/gpl-love.com\/es\/wp-json\/wp\/v2\/product_brand?post=142418"},{"taxonomy":"product_cat","embeddable":true,"href":"https:\/\/gpl-love.com\/es\/wp-json\/wp\/v2\/product_cat?post=142418"},{"taxonomy":"product_tag","embeddable":true,"href":"https:\/\/gpl-love.com\/es\/wp-json\/wp\/v2\/product_tag?post=142418"}],"curies":[{"name":"wp","href":"https:\/\/api.w.org\/{rel}","templated":true}]}}