{"id":142417,"date":"2024-10-28T00:00:00","date_gmt":"2024-10-28T05:00:00","guid":{"rendered":"https:\/\/gpl-love.com\/es\/producto\/mycred-coupons-plus\/"},"modified":"2026-03-09T08:40:02","modified_gmt":"2026-03-09T13:40:02","slug":"mycred-coupons-plus","status":"publish","type":"product","link":"https:\/\/gpl-love.com\/es\/producto\/mycred-coupons-plus\/","title":{"rendered":"myCred Coupons Plus 1.0.4"},"content":{"rendered":"<h3>myCred Coupons Plus Caracteristicas<\/h3>\n<p>MyCred Coupons Plus es una herramienta robusta, tanto potente como f\u00e1cil de usar, espec\u00edficamente dise\u00f1ada para propietarios de sitios web con la intenci\u00f3n de incentivar a sus usuarios y mejorar la participaci\u00f3n en sus sitios web. Este complemento otorga a los administradores del sitio web la capacidad de crear y administrar sin esfuerzo una amplia gama de tipos de cupones, incluidos cupones de descuento, cupones de recompensa y cupones de lealtad, solo por nombrar algunos. Estos cupones sirven como un medio para recompensar a los usuarios por acciones espec\u00edficas, como realizar compras, completar encuestas, compartir contenido, referir a otros, etc. Al implementar este sistema, estimula efectivamente a los usuarios a interactuar con el sitio web de manera regular, lo que los motiva a realizar las acciones deseadas.<\/p>\n<p>Una de las caracter\u00edsticas m\u00e1s notables de los cupones MyCred m\u00e1s se encuentra en su integraci\u00f3n perfecta con el muy popular complemento MyCred. Esta integraci\u00f3n empodera a los administradores del sitio web con control completo sobre todo el proceso de creaci\u00f3n de cupones, as\u00ed como su posterior distribuci\u00f3n y gesti\u00f3n de puntos. Adem\u00e1s, esta integraci\u00f3n presenta una oportunidad invaluable para rastrear y analizar el comportamiento del usuario, abarcar el uso del cup\u00f3n, los puntos ganados y redimidos.<\/p>\n<p>Para aquellos que buscan transformar sus sitios web en una experiencia gamificada, completa con una capa adicional de diversi\u00f3n y emoci\u00f3n para sus usuarios, MyCred Coupons Plus sirve como una soluci\u00f3n ideal. Facilita la creaci\u00f3n de un encuentro distintivo y personalizado, lo que efectivamente alienta a los usuarios a permanecer comprometidos e interactuar m\u00e1s ampliamente con el sitio web. A trav\u00e9s de la provisi\u00f3n de opciones de cup\u00f3n personalizables y la configuraci\u00f3n de distribuci\u00f3n de puntos, los administradores del sitio poseen la capacidad de establecer un programa de cup\u00f3n que mejor se alinee con los requisitos \u00fanicos de su sitio web.<\/p>\n<p>Si su objetivo es cultivar el compromiso y fomentar las relaciones leales con los clientes, entonces MyCred Coupons Plus representa la soluci\u00f3n perfecta para usted. Es una herramienta rentable y altamente eficiente, lo que brinda a los propietarios de sitios web la oportunidad de otorgar recompensas e incentivos a sus usuarios, aumentando as\u00ed la retenci\u00f3n de los usuarios. Otorgue a sus usuarios una raz\u00f3n convincente para permanecer en su sitio web, al tiempo que eleva simult\u00e1neamente su experiencia a nuevas alturas de disfrute y satisfacci\u00f3n, cortes\u00eda de MyCred Coupons Plus.<\/p>\n<ul>\n<li>MyCred Coupons Plus es una herramienta poderosa y f\u00e1cil de usar dise\u00f1ada para que los propietarios de sitios web incentiven a sus usuarios y aumenten el compromiso.<\/li>\n<li>Este complemento permite a los administradores del sitio web crear y administrar varios tipos de cupones, como cupones de descuento, cupones de recompensa y cupones de lealtad, entre otros.<\/li>\n<li>Estos cupones se pueden usar para recompensar a los usuarios por acciones espec\u00edficas que los alientan a interactuar con el sitio web regularmente.<\/li>\n<li>MyCred Coupons Plus se integra perfectamente con el popular complemento MyCred, que proporciona un control completo sobre la creaci\u00f3n de cupones, la distribuci\u00f3n y la gesti\u00f3n de puntos.<\/li>\n<li>Con opciones de cup\u00f3n personalizables y configuraciones de distribuci\u00f3n de puntos, los administradores del sitio pueden crear un programa de cup\u00f3n que mejor se adapte a las necesidades de su sitio web.<\/li>\n<li>MyCred Coupons Plus es una herramienta ideal para aquellos que desean gamificar sus sitios web y agregar una capa adicional de diversi\u00f3n y emoci\u00f3n para sus usuarios.<\/li>\n<li>Esta herramienta rentable y eficiente permite a los propietarios de sitios web ofrecer recompensas e incentivos para aumentar la retenci\u00f3n de los usuarios y la participaci\u00f3n de la impulso.<\/li>\n<li>Ofrezca a sus usuarios una experiencia personalizada y gratificante con cupones MyCred Plus.<\/li>\n<\/ul>\n","protected":false},"excerpt":{"rendered":"<p>MyCred Coupons Plus sirve como un instrumento notablemente f\u00e1cil de usar que facilita el proceso de creaci\u00f3n y gesti\u00f3n de cupones para propietarios de sitios web, lo que les permite recompensar a sus usuarios con puntos o descuentos al completar con \u00e9xito las acciones predeterminadas. Su integraci\u00f3n perfecta con el estimado complemento MyCred permite a los administradores del sitio ejercer una autoridad integral sobre los cupones en cuesti\u00f3n, as\u00ed como la dispersi\u00f3n de los puntos. Al utilizar las capacidades notables de MyCred Coupons Plus, los propietarios de sitios web pueden aumentar efectivamente la participaci\u00f3n y fomentar la lealtad a sus plataformas en l\u00ednea, proporcionando simult\u00e1neamente a los usuarios una experiencia agradable y gratificante.<\/p>\n","protected":false},"featured_media":168910,"comment_status":"open","ping_status":"open","template":"","meta":[],"product_brand":[2503],"product_cat":[1214,1206,1211],"product_tag":[2187],"class_list":{"0":"post-142417","1":"product","2":"type-product","3":"status-publish","4":"has-post-thumbnail","6":"product_brand-mycred","7":"product_cat-personalizacion","8":"product_cat-plugins","9":"product_cat-wordpress-plugins","10":"product_tag-mycred","11":"member-discount","12":"discount-restricted","14":"first","15":"instock","16":"sale","17":"downloadable","18":"virtual","19":"sold-individually","20":"purchasable","21":"product-type-simple"},"_links":{"self":[{"href":"https:\/\/gpl-love.com\/es\/wp-json\/wp\/v2\/product\/142417","targetHints":{"allow":["GET"]}}],"collection":[{"href":"https:\/\/gpl-love.com\/es\/wp-json\/wp\/v2\/product"}],"about":[{"href":"https:\/\/gpl-love.com\/es\/wp-json\/wp\/v2\/types\/product"}],"replies":[{"embeddable":true,"href":"https:\/\/gpl-love.com\/es\/wp-json\/wp\/v2\/comments?post=142417"}],"wp:featuredmedia":[{"embeddable":true,"href":"https:\/\/gpl-love.com\/es\/wp-json\/wp\/v2\/media\/168910"}],"wp:attachment":[{"href":"https:\/\/gpl-love.com\/es\/wp-json\/wp\/v2\/media?parent=142417"}],"wp:term":[{"taxonomy":"product_brand","embeddable":true,"href":"https:\/\/gpl-love.com\/es\/wp-json\/wp\/v2\/product_brand?post=142417"},{"taxonomy":"product_cat","embeddable":true,"href":"https:\/\/gpl-love.com\/es\/wp-json\/wp\/v2\/product_cat?post=142417"},{"taxonomy":"product_tag","embeddable":true,"href":"https:\/\/gpl-love.com\/es\/wp-json\/wp\/v2\/product_tag?post=142417"}],"curies":[{"name":"wp","href":"https:\/\/api.w.org\/{rel}","templated":true}]}}