{"id":142416,"date":"2023-04-17T00:00:00","date_gmt":"2023-04-17T05:00:00","guid":{"rendered":"https:\/\/gpl-love.com\/es\/producto\/mycred-compropago\/"},"modified":"2026-03-09T08:40:01","modified_gmt":"2026-03-09T13:40:01","slug":"mycred-compropago","status":"publish","type":"product","link":"https:\/\/gpl-love.com\/es\/producto\/mycred-compropago\/","title":{"rendered":"myCred Compropago 1.0.5"},"content":{"rendered":"<h3>myCred Compropago Caracteristicas<\/h3>\n<p>MyCred Compropago es un complemento de pasarela de pago excepcional dise\u00f1ado espec\u00edficamente para usuarios de WordPress. Su funci\u00f3n principal es simplificar el proceso de pago utilizando Compropago, un m\u00e9todo de pago muy favorecido en M\u00e9xico. Si es propietario de un negocio que busca una soluci\u00f3n de pago segura y gratuita para sus clientes, este complemento es una opci\u00f3n ideal. Al integrar a Compropago como una opci\u00f3n de pago a trav\u00e9s de MyCred Compropago, puede asegurarse de que sus clientes puedan pagar sin esfuerzo sus productos y servicios.<\/p>\n<p>Una de las ventajas m\u00e1s notables de utilizar MyCred Compropago es su capacidad de integraci\u00f3n perfecta. Independientemente de su experiencia t\u00e9cnica, puede navegar f\u00e1cilmente este complemento f\u00e1cil de usar y configurarlo sin complicaciones. Independientemente del tama\u00f1o de su negocio, puede integrar sin esfuerzo este complemento en su sitio web existente o tienda en l\u00ednea, evitando la necesidad de una compleja codificaci\u00f3n o un trabajo de desarrollo extenso.<\/p>\n<p>Adem\u00e1s, MyCred Compropago ofrece un nivel excepcional de opciones de flexibilidad y personalizaci\u00f3n, lo que le permite adaptarlo de acuerdo con los requisitos de pago espec\u00edficos de su empresa. Tiene la libertad de personalizar el proceso de pago y la interfaz de usuario, lo que le permite integrarse sin problemas con los colores y logotipos de su marca. En consecuencia, sus clientes disfrutar\u00e1n de una experiencia de pago sin problemas que se siente natural y cohesivo con su sitio web.<\/p>\n<p>La seguridad de los datos de sus clientes es de suma importancia, y MyCred Compropago toma en serio este asunto. Con sus caracter\u00edsticas de seguridad avanzadas, todas las transacciones se realizan en un entorno seguro y seguro. Esto proporciona tranquilidad a sus clientes, inculcando confianza en su marca.<\/p>\n<p>En conclusi\u00f3n, MyCred Compropago es un complemento de pasarela de pago excepcional que permite que su negocio acepte pagos convenientemente utilizando el m\u00e9todo de pago de compraPaPago de buena reputaci\u00f3n en M\u00e9xico. Su facilidad de uso, opciones de personalizaci\u00f3n y flexibilidad lo convierten en una excelente opci\u00f3n para empresas de todos los tama\u00f1os. Con sus caracter\u00edsticas de seguridad avanzadas y su integraci\u00f3n perfecta, puede tener confianza en la seguridad de la informaci\u00f3n de pago de sus clientes. \u00a1Eleve la experiencia de su cliente hoy con MyCred Compropago!<\/p>\n<ul>\n<li>Permite a las empresas aceptar pagos a trav\u00e9s de Compropago en su sitio web de WordPress<\/li>\n<li>Configuraci\u00f3n f\u00e1cil de usar y directa<\/li>\n<li>Personalizable para que coincida con los colores y logotipos de la marca<\/li>\n<li>Caracter\u00edsticas de seguridad avanzadas para proteger los datos del cliente<\/li>\n<li>Flexible para empresas de todos los tama\u00f1os<\/li>\n<\/ul>\n","protected":false},"excerpt":{"rendered":"<p>MyCred Compropago es un complemento de pasarela de pago altamente eficiente y rico en funciones dise\u00f1ado espec\u00edficamente para WordPress, que sirve como una plataforma integral que permite a los usuarios adoptar el m\u00e9todo de pago de Compropago ampliamente famosos y favorecidos en M\u00e9xico. Al incorporar a MyCred Compropago en sus sitios web, las empresas est\u00e1n facultadas para ofrecer a su estimada clientela una experiencia de pago notablemente conveniente y absolutamente segura que realmente trasciende las expectativas. Con una interfaz incre\u00edblemente f\u00e1cil de usar, una flexibilidad notable y una extensa gama de caracter\u00edsticas personalizables, este complemento excepcional es impecablemente adecuado para las empresas que operan a cualquier escala, que abarca tanto peque\u00f1as empresas como corporaciones m\u00e1s grandes.<\/p>\n","protected":false},"featured_media":168909,"comment_status":"open","ping_status":"open","template":"","meta":[],"product_brand":[2503],"product_cat":[1214,1206,1211],"product_tag":[2187],"class_list":{"0":"post-142416","1":"product","2":"type-product","3":"status-publish","4":"has-post-thumbnail","6":"product_brand-mycred","7":"product_cat-personalizacion","8":"product_cat-plugins","9":"product_cat-wordpress-plugins","10":"product_tag-mycred","11":"member-discount","12":"discount-restricted","14":"first","15":"instock","16":"sale","17":"downloadable","18":"virtual","19":"sold-individually","20":"purchasable","21":"product-type-simple"},"_links":{"self":[{"href":"https:\/\/gpl-love.com\/es\/wp-json\/wp\/v2\/product\/142416","targetHints":{"allow":["GET"]}}],"collection":[{"href":"https:\/\/gpl-love.com\/es\/wp-json\/wp\/v2\/product"}],"about":[{"href":"https:\/\/gpl-love.com\/es\/wp-json\/wp\/v2\/types\/product"}],"replies":[{"embeddable":true,"href":"https:\/\/gpl-love.com\/es\/wp-json\/wp\/v2\/comments?post=142416"}],"wp:featuredmedia":[{"embeddable":true,"href":"https:\/\/gpl-love.com\/es\/wp-json\/wp\/v2\/media\/168909"}],"wp:attachment":[{"href":"https:\/\/gpl-love.com\/es\/wp-json\/wp\/v2\/media?parent=142416"}],"wp:term":[{"taxonomy":"product_brand","embeddable":true,"href":"https:\/\/gpl-love.com\/es\/wp-json\/wp\/v2\/product_brand?post=142416"},{"taxonomy":"product_cat","embeddable":true,"href":"https:\/\/gpl-love.com\/es\/wp-json\/wp\/v2\/product_cat?post=142416"},{"taxonomy":"product_tag","embeddable":true,"href":"https:\/\/gpl-love.com\/es\/wp-json\/wp\/v2\/product_tag?post=142416"}],"curies":[{"name":"wp","href":"https:\/\/api.w.org\/{rel}","templated":true}]}}