{"id":142415,"date":"2024-10-21T00:00:00","date_gmt":"2024-10-21T05:00:00","guid":{"rendered":"https:\/\/gpl-love.com\/es\/producto\/mycred-coinpayments\/"},"modified":"2026-03-09T08:39:59","modified_gmt":"2026-03-09T13:39:59","slug":"mycred-coinpayments","status":"publish","type":"product","link":"https:\/\/gpl-love.com\/es\/producto\/mycred-coinpayments\/","title":{"rendered":"myCred Coinpayments 1.1.2"},"content":{"rendered":"<h3>myCred Coinpayments Caracteristicas<\/h3>\n<p>La integraci\u00f3n de la pasarela de pago de MyCred CoinPayments representa un avance innovador en el \u00e1mbito de las transacciones en l\u00ednea, ya que ofrece a los usuarios la capacidad de utilizar la criptomoneda a trav\u00e9s del sistema de puntos MyCred. Esta integraci\u00f3n otorga a los usuarios la comodidad de ganar y utilizar recompensas en m\u00faltiples monedas digitales, facilitando as\u00ed su compromiso en el arena de criptomoneda en r\u00e1pida y emocionante criptomoneda.<\/p>\n<p>Para comprender la importancia de la criptomoneda, es vital comprender su naturaleza como una forma de moneda digital o virtual, que emplea la criptograf\u00eda para asegurar sus transacciones y hace que la fraudulencia y la falsificaci\u00f3n pr\u00e1cticamente sean pr\u00e1cticamente inquebrantables. El mantenimiento de registros de las transacciones de criptomonedas se lleva a cabo en un libro p\u00fablico descentralizado conocido como una cadena de bloques, que garantiza la transparencia y elimina la necesidad de intermediarios, como las instituciones financieras. En consecuencia, la criptomoneda se convierte en una opci\u00f3n atractiva para las personas que valoran la confidencialidad, la seguridad y la transparencia en sus tratos financieros.<\/p>\n<p>La integraci\u00f3n de la pasarela MyCred CoinPayments permite a los usuarios explotar las ventajas ofrecidas por la criptomoneda de manera perfecta y f\u00e1cil de usar. A trav\u00e9s de la acumulaci\u00f3n y gasto de recompensas en monedas digitales, los usuarios tienen la oportunidad de disfrutar de los beneficios de esta tecnolog\u00eda de vanguardia, mientras que eludir los complejos procedimientos e complejidades t\u00edpicamente asociados con la gesti\u00f3n directa de la criptomoneda.<\/p>\n<p>Esta integraci\u00f3n funciona a trav\u00e9s del sistema de puntos MyCred, un programa incre\u00edblemente flexible y personalizable centrado en la lealtad y las recompensas. Este programa permite a los propietarios de sitios web dispensar puntos a cambio de diversas acciones, como compras, compartir contenido en plataformas de redes sociales e incluso el simple acto de iniciar sesi\u00f3n. Posteriormente, los usuarios pueden canjear estos puntos acumulados por una amplia gama de recompensas, incluidas las recompensas, incluidas descuentos, productos y s\u00ed, incluso criptomoneda.<\/p>\n<p>Gracias a MyCred Coinpayments, el proceso de ganar y canjear las recompensas de criptomonedas se ha vuelto notablemente simplificado y sin complicaciones. Los usuarios pueden realizar pagos por bienes o servicios con su criptomoneda, todo el tiempo acumulando puntos que luego pueden canjearse por moneda digital. Esto no solo hace que los programas de fidelizaci\u00f3n sean m\u00e1s atractivos para los usuarios, sino que tambi\u00e9n presenta a los comerciantes una oportunidad atractiva para atraer nuevos clientes y explorar el potencial de la criptomoneda dentro de sus respectivos negocios.<\/p>\n<p>En resumen, la integraci\u00f3n de la pasarela de pago de MyCred CoinPayments representa nada menos que una herramienta que cambia el juego, ya que permite a los usuarios ganar y utilizar recompensas sin esfuerzo en una multitud de monedas digitales. Al mejorar la accesibilidad y la conveniencia de la criptomoneda, esta integraci\u00f3n posee la capacidad de revolucionar el mundo de las transacciones digitales y transformar el panorama de los programas de fidelizaci\u00f3n.<\/p>\n<ul>\n<li>Integraci\u00f3n revolucionaria de la pasarela para MyCred que permite a los usuarios pagar con criptomonedas a trav\u00e9s del sistema de puntos<\/li>\n<li>F\u00e1cil ganancias y gastos de recompensas en diferentes monedas digitales<\/li>\n<li>La criptomoneda es una moneda digital o virtual que es segura y transparente<\/li>\n<li>Ledger p\u00fablico descentralizado llamado blockchain garantiza la transparencia<\/li>\n<li>La integraci\u00f3n permite a los usuarios disfrutar de los beneficios de la criptomoneda f\u00e1cil y f\u00e1cil de usar<\/li>\n<li>El sistema MyCred Points es un programa de lealtad\/recompensas personalizable y flexible<\/li>\n<li>Los usuarios pueden canjear puntos ganados por descuentos, productos o criptomonedas<\/li>\n<li>Proceso simplificado de recompensas de criptomonedas de ingresos\/redimir<\/li>\n<li>Oportunidad para que los comerciantes atraigan a los clientes y exploren el potencial de criptomonedas<\/li>\n<li>Potencial para revolucionar las transacciones digitales y los programas de fidelizaci\u00f3n<\/li>\n<\/ul>\n","protected":false},"excerpt":{"rendered":"<p>La integraci\u00f3n de la pasarela de pago MyCred CoinPayments permite a los usuarios realizar pagos utilizando criptomonedas dentro del sistema de puntos MyCred, facilitando as\u00ed la acumulaci\u00f3n y la utilizaci\u00f3n de recompensas en m\u00faltiples monedas digitales.<\/p>\n","protected":false},"featured_media":168908,"comment_status":"open","ping_status":"open","template":"","meta":[],"product_brand":[2503],"product_cat":[1214,1206,1211],"product_tag":[2187],"class_list":{"0":"post-142415","1":"product","2":"type-product","3":"status-publish","4":"has-post-thumbnail","6":"product_brand-mycred","7":"product_cat-personalizacion","8":"product_cat-plugins","9":"product_cat-wordpress-plugins","10":"product_tag-mycred","11":"member-discount","12":"discount-restricted","14":"first","15":"instock","16":"sale","17":"downloadable","18":"virtual","19":"sold-individually","20":"purchasable","21":"product-type-simple"},"_links":{"self":[{"href":"https:\/\/gpl-love.com\/es\/wp-json\/wp\/v2\/product\/142415","targetHints":{"allow":["GET"]}}],"collection":[{"href":"https:\/\/gpl-love.com\/es\/wp-json\/wp\/v2\/product"}],"about":[{"href":"https:\/\/gpl-love.com\/es\/wp-json\/wp\/v2\/types\/product"}],"replies":[{"embeddable":true,"href":"https:\/\/gpl-love.com\/es\/wp-json\/wp\/v2\/comments?post=142415"}],"wp:featuredmedia":[{"embeddable":true,"href":"https:\/\/gpl-love.com\/es\/wp-json\/wp\/v2\/media\/168908"}],"wp:attachment":[{"href":"https:\/\/gpl-love.com\/es\/wp-json\/wp\/v2\/media?parent=142415"}],"wp:term":[{"taxonomy":"product_brand","embeddable":true,"href":"https:\/\/gpl-love.com\/es\/wp-json\/wp\/v2\/product_brand?post=142415"},{"taxonomy":"product_cat","embeddable":true,"href":"https:\/\/gpl-love.com\/es\/wp-json\/wp\/v2\/product_cat?post=142415"},{"taxonomy":"product_tag","embeddable":true,"href":"https:\/\/gpl-love.com\/es\/wp-json\/wp\/v2\/product_tag?post=142415"}],"curies":[{"name":"wp","href":"https:\/\/api.w.org\/{rel}","templated":true}]}}