{"id":142414,"date":"2024-10-21T00:00:00","date_gmt":"2024-10-21T05:00:00","guid":{"rendered":"https:\/\/gpl-love.com\/es\/producto\/mycred-coinbase\/"},"modified":"2026-03-09T08:39:58","modified_gmt":"2026-03-09T13:39:58","slug":"mycred-coinbase","status":"publish","type":"product","link":"https:\/\/gpl-love.com\/es\/producto\/mycred-coinbase\/","title":{"rendered":"myCred Coinbase 1.0.7"},"content":{"rendered":"<h3>myCred Coinbase Caracteristicas<\/h3>\n<p>A medida que las criptomonedas obtienen m\u00e1s aceptaci\u00f3n convencional, numerosas plataformas en l\u00ednea est\u00e1n explorando m\u00e9todos para incorporarlos a sus programas de recompensa y lealtad, lo que indica la creciente popularidad de las monedas digitales. Una de esas plataformas, MyCred, ha adoptado completamente esta tendencia y sirve como una soluci\u00f3n integral para la gamificaci\u00f3n, el compromiso y las recompensas en los sitios web de WordPress. Con la integraci\u00f3n de MyCred y Coinbase, los usuarios ahora tienen la capacidad de ganar y gastar recompensas de criptomonedas utilizando la plataforma MyCred, que abre infinitas posibilidades y expande el \u00e1mbito de las oportunidades.<\/p>\n<p>Gracias a esta integraci\u00f3n, los usuarios pueden conectar sin esfuerzo su cuenta Coinbase a su cuenta MyCred, otorg\u00e1ndoles la capacidad de utilizar sus recompensas de criptomonedas de varias maneras. Por ejemplo, pueden optar por cambiar sus recompensas por diferentes criptomonedas, comprarlas o venderlas a cambio de moneda fiduciaria, o transferirlas a otros usuarios o billeteras. Alternativamente, los usuarios pueden optar por utilizar sus recompensas para contribuir a sus organizaciones ben\u00e9ficas preferidas o utilizarlas como pago de bienes y servicios ofrecidos por los comerciantes participantes.<\/p>\n<p>Una de las ventajas notables de utilizar MyCred para la gesti\u00f3n de recompensas de criptomonedas se encuentra en la excepcional flexibilidad de la plataforma y las amplias opciones de personalizaci\u00f3n. Los usuarios tienen la capacidad de especificar sus reglas de recompensa deseadas, como determinar el n\u00famero de puntos otorgados para cada acci\u00f3n o especificar el n\u00famero de puntos requeridos para canjear recompensas espec\u00edficas. Adem\u00e1s, los usuarios pueden incluso crear recompensas exclusivas que sean accesibles \u00fanicamente para las personas que han alcanzado un cierto nivel de distinci\u00f3n, como el estado VIP o Elite.<\/p>\n<p>Para los comerciantes que buscan incorporar criptomonedas en sus programas de lealtad, la integraci\u00f3n de MyCred y Coinbase proporciona una soluci\u00f3n simplificada y f\u00e1cilmente manejable. Simplemente habilitando esta integraci\u00f3n, los comerciantes pueden permitir a los clientes utilizar sus saldos MyCred para pagar por productos, servicios o tarifas de membres\u00eda. Adem\u00e1s, los comerciantes pueden considerar ofrecer descuentos a los clientes que optan por pagar usando criptomonedas o establecer recompensas automatizadas para los usuarios que completan acciones espec\u00edficas, como dejar revisiones o referir amigos.<\/p>\n<p>En general, la integraci\u00f3n de MyCred y Coinbase representa un desarrollo innovador en la gesti\u00f3n de las recompensas de criptomonedas. Al permitir a los usuarios ganar y gastar recompensas sin esfuerzo de manera flexible, MyCred est\u00e1 contribuyendo activamente a la adopci\u00f3n m\u00e1s amplia de las criptomonedas y haciendo que los beneficios de esta tecnolog\u00eda revolucionaria sean accesibles para una audiencia m\u00e1s amplia que nunca. Independientemente de si usted es un blogger, propietario del sitio web o negocios en l\u00ednea, la integraci\u00f3n con MyCred y Coinbase ofrece una excelente oportunidad para elevar su programa de recompensa y fidelizaci\u00f3n y mantenerse a la vanguardia de la curva.<\/p>\n<ul>\n<li>MyCred es una soluci\u00f3n de gamificaci\u00f3n, compromiso y recompensas para sitios web de WordPress que ha adoptado la tendencia de integrar las criptomonedas en programas de recompensa y fidelizaci\u00f3n.<\/li>\n<li>La integraci\u00f3n de MyCred Coinbase permite a los usuarios ganar o gastar recompensas de criptomonedas a trav\u00e9s de la plataforma MyCred, ofreciendo una gama de posibilidades, como intercambiar recompensas para otras criptomonedas, comprar o vender por moneda fiat, o transferir a otros usuarios o billeteras.<\/li>\n<li>Los usuarios tienen amplias opciones de flexibilidad y personalizaci\u00f3n para administrar sus recompensas de criptomonedas, incluida la especificaci\u00f3n de reglas de recompensa y la creaci\u00f3n de recompensas \u00fanicas disponibles para los usuarios con un cierto nivel de logro.<\/li>\n<li>Los comerciantes que buscan incorporar criptomonedas en sus programas de fidelizaci\u00f3n pueden permitir que la integraci\u00f3n de MyCred Coinbase ofrezca a los clientes una soluci\u00f3n simplificada y f\u00e1cil de administrar, incluidos descuentos para los clientes que pagan con criptomonedas y recompensas autom\u00e1ticas por acciones espec\u00edficas.<\/li>\n<li>La integraci\u00f3n de MyCred Coinbase ayuda a impulsar la adopci\u00f3n m\u00e1s amplia de las criptomonedas y aporta los beneficios de esta tecnolog\u00eda a un p\u00fablico m\u00e1s amplio, ofreciendo una excelente manera para que los bloggers, los propietarios de sitios web y las empresas en l\u00ednea eleven sus programas de recompensa y lealtad.<\/li>\n<\/ul>\n","protected":false},"excerpt":{"rendered":"<p>La integraci\u00f3n de MyCred con Coinbase brinda a los usuarios la oportunidad de acumular o utilizar recompensas de criptomonedas a trav\u00e9s de la plataforma MyCred, facilitando as\u00ed una experiencia perfecta. Al establecer una conexi\u00f3n entre su cuenta de Coinbase y MyCred, los usuarios obtienen acceso a una gran cantidad de posibilidades, incluida, entre otros, la adquisici\u00f3n o liquidaci\u00f3n de activos digitales, la provisi\u00f3n de apoyo financiero para causas caritativas y la facilitaci\u00f3n de compras en los comerciantes colaboradores .<\/p>\n","protected":false},"featured_media":168907,"comment_status":"open","ping_status":"open","template":"","meta":[],"product_brand":[2503],"product_cat":[1214,1206,1211],"product_tag":[2187],"class_list":{"0":"post-142414","1":"product","2":"type-product","3":"status-publish","4":"has-post-thumbnail","6":"product_brand-mycred","7":"product_cat-personalizacion","8":"product_cat-plugins","9":"product_cat-wordpress-plugins","10":"product_tag-mycred","11":"member-discount","12":"discount-restricted","14":"first","15":"instock","16":"sale","17":"downloadable","18":"virtual","19":"sold-individually","20":"purchasable","21":"product-type-simple"},"_links":{"self":[{"href":"https:\/\/gpl-love.com\/es\/wp-json\/wp\/v2\/product\/142414","targetHints":{"allow":["GET"]}}],"collection":[{"href":"https:\/\/gpl-love.com\/es\/wp-json\/wp\/v2\/product"}],"about":[{"href":"https:\/\/gpl-love.com\/es\/wp-json\/wp\/v2\/types\/product"}],"replies":[{"embeddable":true,"href":"https:\/\/gpl-love.com\/es\/wp-json\/wp\/v2\/comments?post=142414"}],"wp:featuredmedia":[{"embeddable":true,"href":"https:\/\/gpl-love.com\/es\/wp-json\/wp\/v2\/media\/168907"}],"wp:attachment":[{"href":"https:\/\/gpl-love.com\/es\/wp-json\/wp\/v2\/media?parent=142414"}],"wp:term":[{"taxonomy":"product_brand","embeddable":true,"href":"https:\/\/gpl-love.com\/es\/wp-json\/wp\/v2\/product_brand?post=142414"},{"taxonomy":"product_cat","embeddable":true,"href":"https:\/\/gpl-love.com\/es\/wp-json\/wp\/v2\/product_cat?post=142414"},{"taxonomy":"product_tag","embeddable":true,"href":"https:\/\/gpl-love.com\/es\/wp-json\/wp\/v2\/product_tag?post=142414"}],"curies":[{"name":"wp","href":"https:\/\/api.w.org\/{rel}","templated":true}]}}