{"id":142413,"date":"2025-08-09T00:00:00","date_gmt":"2025-08-09T05:00:00","guid":{"rendered":"https:\/\/gpl-love.com\/es\/producto\/mycred-anniversary\/"},"modified":"2026-03-09T08:39:57","modified_gmt":"2026-03-09T13:39:57","slug":"mycred-anniversary","status":"publish","type":"product","link":"https:\/\/gpl-love.com\/es\/producto\/mycred-anniversary\/","title":{"rendered":"myCred Anniversary 1.0.4"},"content":{"rendered":"<h3>myCred Anniversary Caracteristicas<\/h3>\n<p>El complemento MyCred Anniversary Pro, que es un complemento de WordPress incomparable, ofrece a los propietarios de sitios web la capacidad de crear y administrar eventos de aniversario que proporcionan a los usuarios puntos, insignias u otros incentivos como recompensa por su lealtad. Este complemento no solo es incre\u00edblemente flexible, sino tambi\u00e9n una herramienta poderosa que permite a las empresas involucrar a sus clientes y fomentar la lealtad a largo plazo al motivarlos a volver a visitar su sitio web.<\/p>\n<p>Una de las caracter\u00edsticas notables de este complemento es la capacidad de los propietarios de sitios web para establecer eventos de aniversario que conmemoren hitos espec\u00edficos en el viaje de un usuario. Estos hitos pueden incluir la fecha en que el usuario se registr\u00f3 por primera vez o el n\u00famero de a\u00f1os que ha sido cliente, entre otras ocasiones importantes. Una vez que se configuran estos eventos, se pueden programar para activar recompensas autom\u00e1ticas para los usuarios, como puntos redimibles, insignias personalizadas o ventajas exclusivas. Estas recompensas est\u00e1n dise\u00f1adas para atraer a los usuarios a continuar relacionados con el sitio web.<\/p>\n<p>Adem\u00e1s de su naturaleza f\u00e1cil de usar, el complemento MyCred Anniversary Pro ofrece una gran cantidad de opciones de personalizaci\u00f3n. Esto permite a las empresas adaptar recompensas y eventos que se alinean con su marca y mensajes. Ya sea que una empresa est\u00e9 creando un programa de fidelizaci\u00f3n simple o una estructura de incentivos compleja, este complemento proporciona una inmensa flexibilidad y todas las caracter\u00edsticas necesarias para una integraci\u00f3n perfecta con cualquier sitio web. Las p\u00e1ginas de Configuraci\u00f3n y tablero f\u00e1cil de usar del complemento, junto con su interfaz f\u00e1cil de usar, proporcionan a los propietarios de sitios web una descripci\u00f3n general de todos los datos que requieren.<\/p>\n<p>Adem\u00e1s, este complemento ofrece an\u00e1lisis avanzados y capacidades de informes. Esto permite a las empresas rastrear el impacto de sus eventos de aniversario y ajustarlos para lograr la m\u00e1xima participaci\u00f3n del cliente. Al aprovechar estos datos perspicaces, las empresas pueden asegurarse de que est\u00e1n invirtiendo en las estructuras de incentivos correctas y adoptando un enfoque basado en datos para su estrategia de retenci\u00f3n de clientes.<\/p>\n<p>Cuando se trata de compatibilidad, el complemento MyCred Anniversary Pro es compatible con pr\u00e1cticamente todos los temas de WordPress. Tambi\u00e9n se puede integrar f\u00e1cilmente con complementos populares como WooCommerce, BuddyPress y LearnPress. Esta compatibilidad lo convierte en una soluci\u00f3n poderosa que permite a los propietarios de sitios web construir un programa de lealtad integral y aumentar la participaci\u00f3n del cliente sin la necesidad de scripts complicados o desarrolladores de contrataci\u00f3n.<\/p>\n<p>En conclusi\u00f3n, el complemento MyCred Anniversary Pro es una herramienta esencial para las empresas que buscan aumentar la lealtad y el compromiso del cliente. Sus potentes caracter\u00edsticas, opciones de personalizaci\u00f3n flexible y opciones de integraci\u00f3n f\u00e1ciles lo convierten en una soluci\u00f3n ideal para cualquier sitio web de WordPress. Al aprovechar el poder de este complemento, las empresas pueden crear eventos de aniversario efectivos, recompensar a sus clientes m\u00e1s leales y fomentar la lealtad a largo plazo de la marca. Experimente los beneficios de MyCred Anniversary Pro hoy y<\/p>\n<ul>\n<li>MyCred Anniversary Pro es un complemento de WordPress que permite a los propietarios de sitios web crear y administrar eventos de aniversario que recompensen a los usuarios por su lealtad.<\/li>\n<li>El complemento ofrece una gama de opciones, incluidos puntos, insignias e incentivos, que las empresas pueden usar para involucrar a sus clientes y fomentar la lealtad a largo plazo.<\/li>\n<li>Los propietarios de sitios web pueden establecer eventos de aniversario para conmemorar hitos en el viaje de un usuario y el programa recompensas autom\u00e1ticas para activar para los usuarios.<\/li>\n<li>Las empresas pueden personalizar sus recompensas y eventos para alinearse con su marca y mensajes utilizando la interfaz de uso de usuarios del complemento y las opciones de personalizaci\u00f3n.<\/li>\n<li>MyCred Anniversary Pro presenta un sistema de an\u00e1lisis e informes avanzados que las empresas pueden usar para rastrear el impacto de sus eventos de aniversario y optimizar su estrategia de retenci\u00f3n de clientes.<\/li>\n<li>El complemento es compatible con pr\u00e1cticamente todos los temas de WordPress y se puede integrar f\u00e1cilmente con complementos populares, incluidos WooCommerce, BuddyPress y LearnPress.<\/li>\n<li>MyCred Anniversary Pro es una soluci\u00f3n poderosa para las empresas que buscan aumentar la participaci\u00f3n del cliente y aumentar la lealtad del cliente.<\/li>\n<\/ul>\n","protected":false},"excerpt":{"rendered":"<p>El complemento MyCred Anniversary Pro, desarrollado espec\u00edficamente para sitios web de WordPress, sirve como una herramienta indispensable que permite a los propietarios de sitios web establecer y supervisar los eventos de aniversario. En virtud de este complemento avanzado, los usuarios son debidamente reconocidos por su compromiso a trav\u00e9s de la asignaci\u00f3n de puntos, insignias u otros beneficios atractivos. Armado con sus notables capacidades, este complemento fomenta efectivamente la participaci\u00f3n del usuario, fortificando la lealtad del cliente e incentivando las visitas recurrentes a su estimado sitio web.<\/p>\n","protected":false},"featured_media":168906,"comment_status":"open","ping_status":"open","template":"","meta":[],"product_brand":[2503],"product_cat":[1214,1206,1211],"product_tag":[2187],"class_list":{"0":"post-142413","1":"product","2":"type-product","3":"status-publish","4":"has-post-thumbnail","6":"product_brand-mycred","7":"product_cat-personalizacion","8":"product_cat-plugins","9":"product_cat-wordpress-plugins","10":"product_tag-mycred","11":"member-discount","12":"discount-restricted","14":"first","15":"instock","16":"sale","17":"downloadable","18":"virtual","19":"sold-individually","20":"purchasable","21":"product-type-simple"},"_links":{"self":[{"href":"https:\/\/gpl-love.com\/es\/wp-json\/wp\/v2\/product\/142413","targetHints":{"allow":["GET"]}}],"collection":[{"href":"https:\/\/gpl-love.com\/es\/wp-json\/wp\/v2\/product"}],"about":[{"href":"https:\/\/gpl-love.com\/es\/wp-json\/wp\/v2\/types\/product"}],"replies":[{"embeddable":true,"href":"https:\/\/gpl-love.com\/es\/wp-json\/wp\/v2\/comments?post=142413"}],"wp:featuredmedia":[{"embeddable":true,"href":"https:\/\/gpl-love.com\/es\/wp-json\/wp\/v2\/media\/168906"}],"wp:attachment":[{"href":"https:\/\/gpl-love.com\/es\/wp-json\/wp\/v2\/media?parent=142413"}],"wp:term":[{"taxonomy":"product_brand","embeddable":true,"href":"https:\/\/gpl-love.com\/es\/wp-json\/wp\/v2\/product_brand?post=142413"},{"taxonomy":"product_cat","embeddable":true,"href":"https:\/\/gpl-love.com\/es\/wp-json\/wp\/v2\/product_cat?post=142413"},{"taxonomy":"product_tag","embeddable":true,"href":"https:\/\/gpl-love.com\/es\/wp-json\/wp\/v2\/product_tag?post=142413"}],"curies":[{"name":"wp","href":"https:\/\/api.w.org\/{rel}","templated":true}]}}