{"id":142412,"date":"2024-10-21T00:00:00","date_gmt":"2024-10-21T05:00:00","guid":{"rendered":"https:\/\/gpl-love.com\/es\/producto\/mycred-2checkout\/"},"modified":"2026-03-09T08:39:56","modified_gmt":"2026-03-09T13:39:56","slug":"mycred-2checkout","status":"publish","type":"product","link":"https:\/\/gpl-love.com\/es\/producto\/mycred-2checkout\/","title":{"rendered":"myCred 2checkout 1.0.6"},"content":{"rendered":"<h3>myCred 2checkout Caracteristicas<\/h3>\n<p>La integraci\u00f3n MyCred 2 Checkout es un complemento altamente completo y sofisticado que conecta perfectamente el sistema de gesti\u00f3n de puntos MyCred ampliamente utilizado con la pasarela de pago de 2 checkout de buena reputaci\u00f3n. Esta integraci\u00f3n ofrece a los usuarios una plataforma conveniente y confiable a trav\u00e9s de la cual pueden comprar puntos o recompensas, simplificando as\u00ed todo el procedimiento de compra de puntos y mejorando significativamente la experiencia general del usuario. Como resultado, este complemento sirve como una soluci\u00f3n extremadamente efectiva para monetizar el sistema de recompensas de su sitio web, al tiempo que defiende y fortalece simult\u00e1neamente la confianza y la confianza del usuario.<\/p>\n<p>Con el complemento MyCred 2 Checkout, tiene la capacidad de establecer y administrar eficientemente la venta de puntos o recompensas, lo que permite a los usuarios comprarlos directamente desde su sitio web utilizando una variedad de m\u00e9todos de pago respaldados por 2 checkout, como tarjetas de cr\u00e9dito, PayPal y muchos otros. Adem\u00e1s, este complemento cuenta con una interfaz f\u00e1cil de usar que simplifica el proceso para que los usuarios seleccionen su paquete de puntos deseado y complete sin esfuerzo la transacci\u00f3n.<\/p>\n<p>Una de las ventajas m\u00e1s notables de utilizar MyCred 2 Checkout es la seguridad excepcional que ofrece tanto a los propietarios de sitios web como a los usuarios. Al integrarse sin problemas con la pasarela de pago de 2 checkout, este complemento garantiza que todas las transacciones se procesen de forma segura y en pleno cumplimiento de los \u00faltimos est\u00e1ndares de la industria, incluidos PCI DSS. Este alto nivel de seguridad no solo salvaguarda efectivamente los datos del usuario confidencial, sino que tambi\u00e9n juega un papel fundamental en el establecimiento y fomento de la confianza del usuario y la confianza en el sistema de recompensas de su sitio web.<\/p>\n<p>El complemento MyCred 2 Checkout tambi\u00e9n es incre\u00edblemente flexible, lo que le permite adaptar el sistema de puntos para satisfacer con precisi\u00f3n las necesidades espec\u00edficas de su sitio web y p\u00fablico objetivo. Esto significa que tiene la capacidad de crear paquetes de puntos personalizados, establecer diferentes niveles de precios e incluso ofrecer descuentos promocionales con el objetivo de incentivar a los usuarios a comprar puntos e interactuar activamente con el contenido de su sitio web.<\/p>\n<p>Adem\u00e1s, este complemento se integra perfectamente con el complemento MyCred, asegurando una integraci\u00f3n completamente suave y sin problemas con su sistema de gesti\u00f3n de puntos existente. Esta compatibilidad permite el funcionamiento perfecto de su programa de recompensas, lo que hace que sea excepcionalmente f\u00e1cil para los usuarios comprar, canjear y administrar sus puntos, lo que finalmente resulta en una mayor participaci\u00f3n y lealtad a largo plazo.<\/p>\n<p>En conclusi\u00f3n, el complemento MyCred 2 Checkout representa una herramienta invaluable e indispensable que cierra de manera efectiva la brecha entre el sistema de gesti\u00f3n de puntos MyCred inmensamente popular y la pasarela de pago de 2 checkout de confianza. Al simplificar el proceso de compra de puntos, mejorar la experiencia del usuario y proporcionar una soluci\u00f3n segura y confiable para monetizar el sistema de recompensas de su sitio web, esta integraci\u00f3n<\/p>\n<ul>\n<li>Integraci\u00f3n integral entre el sistema de gesti\u00f3n de puntos MyCred y la pasarela de pago de 2 checkout<\/li>\n<li>Permite a los usuarios comprar puntos o recompensas a trav\u00e9s de una plataforma segura y confiable.<\/li>\n<li>Producir el proceso de compra de puntos y mejora la experiencia general del usuario<\/li>\n<li>Proporciona una soluci\u00f3n efectiva para monetizar el sistema de recompensas mientras mantiene la confianza del usuario y la confianza<\/li>\n<li>F\u00e1cil configuraci\u00f3n y gesti\u00f3n de ventas de puntos con m\u00e9todos de pago de 2 checkout (tarjetas de cr\u00e9dito, PayPal, etc.)<\/li>\n<li>Las medidas de seguridad s\u00f3lidas aseguran el cumplimiento de los est\u00e1ndares de la industria, incluido PCI DSS<\/li>\n<li>Dise\u00f1o flexible para paquetes de puntos personalizados y niveles de precios<\/li>\n<li>Integraci\u00f3n perfecta con complemento MyCred para el funcionamiento suave del programa de recompensas<\/li>\n<li>Herramienta invaluable para impulsar el programa de participaci\u00f3n del usuario y monetizaci\u00f3n de recompensas.<\/li>\n<\/ul>\n","protected":false},"excerpt":{"rendered":"<p>La integraci\u00f3n MyCred 2 Checkout es una amalgama altamente eficiente y perfecta del ampliamente aclamado sistema de gesti\u00f3n de puntos MyCred y la inmensamente popular pasarela de pago de 2 checkout. Esta integraci\u00f3n excepcional facilita a los usuarios en la adquisici\u00f3n de puntos o recompensas de una manera notablemente sin esfuerzo y sin problemas, todo dentro de los l\u00edmites de una plataforma segura e inquebrantablemente confiable. La inclusi\u00f3n de este notable complemento no solo optimiza todo el proceso de compra de puntos, sino que tambi\u00e9n eleva sustancialmente la experiencia general del usuario, proporcionando as\u00ed una soluci\u00f3n excepcionalmente confiable y confiable para monetizar de manera efectiva el sistema de recompensas de su estimado sitio web.<\/p>\n","protected":false},"featured_media":168905,"comment_status":"open","ping_status":"open","template":"","meta":[],"product_brand":[2503],"product_cat":[1214,1206,1211],"product_tag":[2187],"class_list":{"0":"post-142412","1":"product","2":"type-product","3":"status-publish","4":"has-post-thumbnail","6":"product_brand-mycred","7":"product_cat-personalizacion","8":"product_cat-plugins","9":"product_cat-wordpress-plugins","10":"product_tag-mycred","11":"member-discount","12":"discount-restricted","14":"first","15":"instock","16":"sale","17":"downloadable","18":"virtual","19":"sold-individually","20":"purchasable","21":"product-type-simple"},"_links":{"self":[{"href":"https:\/\/gpl-love.com\/es\/wp-json\/wp\/v2\/product\/142412","targetHints":{"allow":["GET"]}}],"collection":[{"href":"https:\/\/gpl-love.com\/es\/wp-json\/wp\/v2\/product"}],"about":[{"href":"https:\/\/gpl-love.com\/es\/wp-json\/wp\/v2\/types\/product"}],"replies":[{"embeddable":true,"href":"https:\/\/gpl-love.com\/es\/wp-json\/wp\/v2\/comments?post=142412"}],"wp:featuredmedia":[{"embeddable":true,"href":"https:\/\/gpl-love.com\/es\/wp-json\/wp\/v2\/media\/168905"}],"wp:attachment":[{"href":"https:\/\/gpl-love.com\/es\/wp-json\/wp\/v2\/media?parent=142412"}],"wp:term":[{"taxonomy":"product_brand","embeddable":true,"href":"https:\/\/gpl-love.com\/es\/wp-json\/wp\/v2\/product_brand?post=142412"},{"taxonomy":"product_cat","embeddable":true,"href":"https:\/\/gpl-love.com\/es\/wp-json\/wp\/v2\/product_cat?post=142412"},{"taxonomy":"product_tag","embeddable":true,"href":"https:\/\/gpl-love.com\/es\/wp-json\/wp\/v2\/product_tag?post=142412"}],"curies":[{"name":"wp","href":"https:\/\/api.w.org\/{rel}","templated":true}]}}