{"id":142410,"date":"2026-03-25T00:00:00","date_gmt":"2026-03-25T05:00:00","guid":{"rendered":"https:\/\/gpl-love.com\/es\/producto\/themify-post-type-builder-submissions\/"},"modified":"2026-03-25T17:17:04","modified_gmt":"2026-03-25T22:17:04","slug":"themify-post-type-builder-submissions","status":"publish","type":"product","link":"https:\/\/gpl-love.com\/es\/producto\/themify-post-type-builder-submissions\/","title":{"rendered":"Themify Post Type Builder Submissions 2.2.7"},"content":{"rendered":"<h3>Themify Post Type Builder Submissions Caracteristicas<\/h3>\n<p>El complemento Themify Post Type Builder Complements es una herramienta incre\u00edblemente potente y flexible que ha sido dise\u00f1ada espec\u00edfica y meticulosamente para integrarse perfectamente con el tipo de constructor de tipos de postes. Esta integraci\u00f3n permite a los usuarios enviar y administrar el contenido sin esfuerzo para los tipos de publicaciones personalizadas, proporcionando una experiencia notablemente f\u00e1cil de usar. Gracias a las capacidades del complemento, el proceso de env\u00edo de contenido se simplifica significativamente, lo que hace que sea incre\u00edblemente f\u00e1cil para los visitantes del sitio web contribuir a su sitio. Como resultado, este complemento fomenta un entorno de participaci\u00f3n comunitaria y contenido generado por los usuarios, creando un espacio en l\u00ednea vibrante y din\u00e1mico.<\/p>\n<p>Una de las caracter\u00edsticas clave del complemento Themify Post Type Builder Complements es su capacidad para crear formularios personalizados que se adapten perfectamente a sus requisitos espec\u00edficos. Esto asegura que el contenido enviado se alinee armoniosamente con la estructura y el dise\u00f1o general de su sitio. Con este complemento, tiene un control completo sobre el tipo de contenido que se puede enviar gracias a la incorporaci\u00f3n de varios campos de entrada, como las cargas de texto, imagen y archivos.<\/p>\n<p>Adem\u00e1s de facilitar el env\u00edo de contenido, el complemento tambi\u00e9n proporciona un sistema de administraci\u00f3n optimizado para revisar y moderar el contenido enviado por el usuario. Los administradores pueden aprobar, editar o eliminar las presentaciones directamente del backend, lo que garantiza que solo se publique contenido de alta calidad y relevante en el sitio. Adem\u00e1s, el complemento ofrece la capacidad invaluable para configurar notificaciones por correo electr\u00f3nico, asegurando que los administradores sean informados de inmediato sobre nuevas presentaciones y actualizaciones en tiempo real.<\/p>\n<p>Para mejorar a\u00fan m\u00e1s la experiencia del usuario, el complemento Themify Post Type Builder Complements admite env\u00edos y edici\u00f3n de frontends. Esto faculta significativamente a los usuarios al permitirles enviar y administrar su contenido sin esfuerzo sin necesidad de acceder al tablero de WordPress. Esta caracter\u00edstica no solo simplifica el proceso de env\u00edo para los usuarios, sino que tambi\u00e9n mantiene la seguridad y la integridad generales de su sitio web.<\/p>\n<p>A fin de cuentas, el complemento de env\u00edos de Tipo de Tipo de Post Themify es una herramienta indispensable para cualquier sitio web que busque fomentar contenido generado por el usuario, mejorar la participaci\u00f3n de la comunidad y optimizar el proceso de env\u00edo y administraci\u00f3n de contenido. Al aprovechar las capacidades notables de este complemento, puede crear un espacio en l\u00ednea asombroso y cautivador que prospera en las contribuciones de sus usuarios.<\/p>\n<ul>\n<li>Se integra sin problemas con el tipo de constructor de tipos de poste de themify<\/li>\n<li>Simplifica el proceso de env\u00edo y gesti\u00f3n de contenido<\/li>\n<li>Formularios personalizables adaptados a requisitos espec\u00edficos<\/li>\n<li>Admite varios campos de entrada, incluidos las cargas de texto, imagen y archivos<\/li>\n<li>Sistema de revisi\u00f3n y moderaci\u00f3n de contenido optimizado<\/li>\n<li>Notificaciones por correo electr\u00f3nico para nuevas presentaciones y actualizaciones<\/li>\n<li>Env\u00edos y edici\u00f3n de frontend para mejorar la experiencia del usuario<\/li>\n<li>Mejora la participaci\u00f3n de la comunidad y el contenido generado por los usuarios<\/li>\n<li>Mantiene la seguridad del sitio web e integridad<\/li>\n<li>Ideal para sitios web que buscan fomentar un entorno din\u00e1mico y rico en contenido<\/li>\n<\/ul>\n","protected":false},"excerpt":{"rendered":"<p>El complemento Themify Post Type Builder Complements es una herramienta incre\u00edblemente vers\u00e1til que ofrece a los usuarios la capacidad perfecta de enviar sin esfuerzo y administrar efectivamente el contenido para los tipos de publicaciones personalizados que se han creado utilizando el tipo de constructor de tipos de publicaciones de Themify. Con su interfaz intuitiva y f\u00e1cil de usar, esta soluci\u00f3n empodera a los visitantes del sitio web al permitirles contribuir activamente con su propio contenido, lo que lo convierte en un excelente recurso para fomentar la participaci\u00f3n de la comunidad y el contenido generado por los usuarios. Adem\u00e1s, simplifica enormemente el proceso general de env\u00edo de contenido, lo que resulta en una experiencia m\u00e1s simplificada y eficiente.<\/p>\n","protected":false},"featured_media":168903,"comment_status":"open","ping_status":"open","template":"","meta":[],"product_brand":[2578],"product_cat":[1214,1206,1211],"product_tag":[1400],"class_list":{"0":"post-142410","1":"product","2":"type-product","3":"status-publish","4":"has-post-thumbnail","6":"product_brand-themify","7":"product_cat-personalizacion","8":"product_cat-plugins","9":"product_cat-wordpress-plugins","10":"product_tag-themify","11":"member-discount","12":"discount-restricted","14":"first","15":"instock","16":"sale","17":"downloadable","18":"virtual","19":"sold-individually","20":"purchasable","21":"product-type-simple"},"_links":{"self":[{"href":"https:\/\/gpl-love.com\/es\/wp-json\/wp\/v2\/product\/142410","targetHints":{"allow":["GET"]}}],"collection":[{"href":"https:\/\/gpl-love.com\/es\/wp-json\/wp\/v2\/product"}],"about":[{"href":"https:\/\/gpl-love.com\/es\/wp-json\/wp\/v2\/types\/product"}],"replies":[{"embeddable":true,"href":"https:\/\/gpl-love.com\/es\/wp-json\/wp\/v2\/comments?post=142410"}],"wp:featuredmedia":[{"embeddable":true,"href":"https:\/\/gpl-love.com\/es\/wp-json\/wp\/v2\/media\/168903"}],"wp:attachment":[{"href":"https:\/\/gpl-love.com\/es\/wp-json\/wp\/v2\/media?parent=142410"}],"wp:term":[{"taxonomy":"product_brand","embeddable":true,"href":"https:\/\/gpl-love.com\/es\/wp-json\/wp\/v2\/product_brand?post=142410"},{"taxonomy":"product_cat","embeddable":true,"href":"https:\/\/gpl-love.com\/es\/wp-json\/wp\/v2\/product_cat?post=142410"},{"taxonomy":"product_tag","embeddable":true,"href":"https:\/\/gpl-love.com\/es\/wp-json\/wp\/v2\/product_tag?post=142410"}],"curies":[{"name":"wp","href":"https:\/\/api.w.org\/{rel}","templated":true}]}}