{"id":142409,"date":"2026-01-23T00:00:00","date_gmt":"2026-01-23T05:00:00","guid":{"rendered":"https:\/\/gpl-love.com\/es\/producto\/learndash-lms-notifications\/"},"modified":"2026-03-09T08:39:52","modified_gmt":"2026-03-09T13:39:52","slug":"learndash-lms-notifications","status":"publish","type":"product","link":"https:\/\/gpl-love.com\/es\/producto\/learndash-lms-notifications\/","title":{"rendered":"LearnDash LMS Notifications 1.6.7"},"content":{"rendered":"<h3>LearnDash LMS Notifications Caracteristicas<\/h3>\n<p>El complemento de notificaciones de Lears LMS, un invaluable recurso meticulosamente dise\u00f1ado para aumentar la gesti\u00f3n del aprendizaje en l\u00ednea de los usuarios, ha sido ingeniosamente dise\u00f1ado para impartir alertas y actualizaciones oportunas relacionadas con el progreso de los cursos. Este notable complemento muestra una gran cantidad de funcionalidades invaluables, incluida la capacidad de proporcionar recordatorios suaves con respecto a los plazos inminentes, difundir anuncios informativos con respecto a la disponibilidad de materiales frescos del curso y notificaciones sobre las debidas asignaciones o cuestionarios. En virtud de su notable versatilidad, el complemento de notificaciones LMSDASH LMS facilita una amplia personalizaci\u00f3n, lo que permite a los usuarios adaptar su configuraci\u00f3n de notificaci\u00f3n en perfectas de acuerdo con sus requisitos \u00fanicos y preferencias individualizadas. En consecuencia, este complemento innovador capacita a los usuarios para permanecer firmemente al tanto de sus cursos en curso, eliminando efectivamente la posibilidad de perder los plazos fundamentales, todo al mismo tiempo que evitan la necesidad de recordatorios manuales engorrosos. Por lo tanto, emerge inequ\u00edvocamente como una herramienta indispensable, una garantizada para satisfacer las diversas necesidades y requisitos de los alumnos, educadores y, de hecho, cualquier persona que busque maximizar su experiencia de aprendizaje digitalizada.<\/p>\n<ul>\n<li>Ofrece notificaciones autom\u00e1ticas a los usuarios<\/li>\n<li>Plantillas de correo electr\u00f3nico personalizables<\/li>\n<li>Configurar notificaciones por curso o grupo<\/li>\n<li>Acomoda varios desencadenantes y acciones<\/li>\n<li>Transmisiones de actividad en vivo<\/li>\n<li>Env\u00eda notificaciones por correo electr\u00f3nico o SMS<\/li>\n<li>Compatible con configuraciones multisitio de WordPress<\/li>\n<li>Sincronizaciones con Zapier<\/li>\n<li>Compra individual con cero cargos en curso<\/li>\n<li>Admite LearnDash LMS versi\u00f3n 3.0 y superior<\/li>\n<\/ul>\n","protected":false},"excerpt":{"rendered":"<p>Al introducir una novela dimensi\u00f3n de compromiso, esta extensi\u00f3n mejora efectivamente la participaci\u00f3n del alumno en sus cursos de LearnDash. Le permite configurar una variedad diversa de notificaciones autom\u00e1ticas que se desencadenan por las acciones o inacciones de los alumnos dentro de un curso. Esta notable herramienta es perfectamente adecuada para elevar la participaci\u00f3n del alumno, la motivaci\u00f3n, los esfuerzos promocionales y capitalizar las oportunidades de venta cruzada.<\/p>\n","protected":false},"featured_media":168902,"comment_status":"open","ping_status":"open","template":"","meta":[],"product_brand":[2483],"product_cat":[1232,1206,1211],"product_tag":[1320],"class_list":{"0":"post-142409","1":"product","2":"type-product","3":"status-publish","4":"has-post-thumbnail","6":"product_brand-learndash","7":"product_cat-marketing-wordpress-plugins","8":"product_cat-plugins","9":"product_cat-wordpress-plugins","10":"product_tag-learndash","11":"member-discount","12":"discount-restricted","14":"first","15":"instock","16":"sale","17":"downloadable","18":"virtual","19":"sold-individually","20":"purchasable","21":"product-type-simple"},"_links":{"self":[{"href":"https:\/\/gpl-love.com\/es\/wp-json\/wp\/v2\/product\/142409","targetHints":{"allow":["GET"]}}],"collection":[{"href":"https:\/\/gpl-love.com\/es\/wp-json\/wp\/v2\/product"}],"about":[{"href":"https:\/\/gpl-love.com\/es\/wp-json\/wp\/v2\/types\/product"}],"replies":[{"embeddable":true,"href":"https:\/\/gpl-love.com\/es\/wp-json\/wp\/v2\/comments?post=142409"}],"wp:featuredmedia":[{"embeddable":true,"href":"https:\/\/gpl-love.com\/es\/wp-json\/wp\/v2\/media\/168902"}],"wp:attachment":[{"href":"https:\/\/gpl-love.com\/es\/wp-json\/wp\/v2\/media?parent=142409"}],"wp:term":[{"taxonomy":"product_brand","embeddable":true,"href":"https:\/\/gpl-love.com\/es\/wp-json\/wp\/v2\/product_brand?post=142409"},{"taxonomy":"product_cat","embeddable":true,"href":"https:\/\/gpl-love.com\/es\/wp-json\/wp\/v2\/product_cat?post=142409"},{"taxonomy":"product_tag","embeddable":true,"href":"https:\/\/gpl-love.com\/es\/wp-json\/wp\/v2\/product_tag?post=142409"}],"curies":[{"name":"wp","href":"https:\/\/api.w.org\/{rel}","templated":true}]}}