{"id":142401,"date":"2026-03-23T00:00:00","date_gmt":"2026-03-23T05:00:00","guid":{"rendered":"https:\/\/gpl-love.com\/es\/producto\/ai-engine-pro-1-5-2\/"},"modified":"2026-03-23T17:16:46","modified_gmt":"2026-03-23T22:16:46","slug":"ai-engine-pro-1-5-2","status":"publish","type":"product","link":"https:\/\/gpl-love.com\/es\/producto\/ai-engine-pro-1-5-2\/","title":{"rendered":"AI Engine Pro 3.4.5"},"content":{"rendered":"<h3>AI Engine Pro Caracteristicas<\/h3>\n<p>Ai Engine Pro es un complemento excepcional de WordPress que se ha creado meticulosamente para optimizar el contenido en l\u00ednea para los motores de b\u00fasqueda aprovechando el poder inigualable de la inteligencia artificial. Este extraordinario conjunto de herramientas, con sus extensas capacidades, permite a los propietarios de sitios web mejorar significativamente la visibilidad y el rendimiento del contenido de su sitio de una manera que es altamente eficiente y notablemente efectiva.<\/p>\n<p>Funcionando como una soluci\u00f3n integral, impulsada por la IA todo en uno para la optimizaci\u00f3n del sitio web, AI Engine Pro ofrece a los usuarios una experiencia perfecta al permitirles descubrir, reescribir y mejorar sin esfuerzo sus p\u00e1ginas web y publicaciones. Con su tecnolog\u00eda avanzada, el complemento automatiza el laborioso proceso de evaluar el contenido para posibles problemas de optimizaci\u00f3n de motores de b\u00fasqueda, simplificando as\u00ed el proceso de optimizaci\u00f3n y ahorrando un tiempo valioso.<\/p>\n<p>Adem\u00e1s, AI Engine Pro est\u00e1 equipado con una variedad diversa y rica de herramientas de SEO que se adaptan espec\u00edficamente a satisfacer las necesidades de los webmasters y los profesionales de SEO. Estas herramientas invaluables abarcan una variedad de caracter\u00edsticas, que incluyen auto-etiquetado, investigaci\u00f3n de palabras clave, reticulaci\u00f3n, mejora de la calidad del contenido, construcci\u00f3n de enlaces y optimizaci\u00f3n de velocidad de p\u00e1gina. Como un complemento rentable y altamente confiable, AI Engine Pro no solo facilita la expansi\u00f3n del alcance del contenido de un usuario, sino que tambi\u00e9n permite un an\u00e1lisis exhaustivo del contenido, identificando r\u00e1pidamente las \u00e1reas que requieren mejoras. Adem\u00e1s, proporciona informaci\u00f3n valiosa sobre el rendimiento y el contenido del sitio web, lo que permite a los usuarios ajustar sus estrategias de SEO y lograr resultados \u00f3ptimos.<\/p>\n<p>Al emplear las capacidades formidables de AI Engine Pro, los propietarios de sitios web pueden estar seguros de que su contenido seguir\u00e1 siendo competitivo a largo plazo, lo que finalmente conduce a una mayor visibilidad y un mejor rendimiento.<\/p>\n<ul>\n<li>Optimizaci\u00f3n de im\u00e1genes de l\u00ednea de optimizaci\u00f3n para el SEO m\u00e1ximo sin esfuerzo adicional<\/li>\n<li>La interfaz f\u00e1cil de usar no requiere experiencia en codificaci\u00f3n<\/li>\n<li>Automatizar el nombre de etiquetas para etiquetas organizadas y limpias<\/li>\n<li>Aumenta la legibilidad a trav\u00e9s de sugerencias de etiquetas automatizadas<\/li>\n<li>Genera metaetics autom\u00e1ticamente para mejorar el SEO<\/li>\n<li>Proporciona comentarios sobre t\u00edtulos de publicaci\u00f3n y encabezados para optimizar el SEO<\/li>\n<li>Aplica autom\u00e1ticamente la optimizaci\u00f3n de SEO fundamental a las im\u00e1genes y el texto<\/li>\n<li>Acomoda sitios web multiling\u00fces<\/li>\n<\/ul>\n","protected":false},"excerpt":{"rendered":"<p>AI Engine Pro, una soluci\u00f3n de complemento revolucionaria creada por Meow Apps, est\u00e1 equipada con algoritmos de aprendizaje autom\u00e1tico de \u00faltima generaci\u00f3n que poseen la capacidad de adaptarse a una extensa gama de tareas. Estas tareas abarcan una amplia gama de funcionalidades, incluido el procesamiento del lenguaje natural, el reconocimiento de im\u00e1genes, el an\u00e1lisis de datos y el pron\u00f3stico. Un alcance tan completo de capacidades sirve como un testimonio de la notable versatilidad y la naturaleza de vanguardia de AI Engine Pro.<\/p>\n","protected":false},"featured_media":168901,"comment_status":"open","ping_status":"open","template":"","meta":[],"product_brand":[2487],"product_cat":[1232,1206,1211],"product_tag":[1658],"class_list":{"0":"post-142401","1":"product","2":"type-product","3":"status-publish","4":"has-post-thumbnail","6":"product_brand-meow-apps","7":"product_cat-marketing-wordpress-plugins","8":"product_cat-plugins","9":"product_cat-wordpress-plugins","10":"product_tag-meow-apps","11":"member-discount","12":"discount-restricted","14":"first","15":"instock","16":"sale","17":"downloadable","18":"virtual","19":"sold-individually","20":"purchasable","21":"product-type-simple"},"_links":{"self":[{"href":"https:\/\/gpl-love.com\/es\/wp-json\/wp\/v2\/product\/142401","targetHints":{"allow":["GET"]}}],"collection":[{"href":"https:\/\/gpl-love.com\/es\/wp-json\/wp\/v2\/product"}],"about":[{"href":"https:\/\/gpl-love.com\/es\/wp-json\/wp\/v2\/types\/product"}],"replies":[{"embeddable":true,"href":"https:\/\/gpl-love.com\/es\/wp-json\/wp\/v2\/comments?post=142401"}],"wp:featuredmedia":[{"embeddable":true,"href":"https:\/\/gpl-love.com\/es\/wp-json\/wp\/v2\/media\/168901"}],"wp:attachment":[{"href":"https:\/\/gpl-love.com\/es\/wp-json\/wp\/v2\/media?parent=142401"}],"wp:term":[{"taxonomy":"product_brand","embeddable":true,"href":"https:\/\/gpl-love.com\/es\/wp-json\/wp\/v2\/product_brand?post=142401"},{"taxonomy":"product_cat","embeddable":true,"href":"https:\/\/gpl-love.com\/es\/wp-json\/wp\/v2\/product_cat?post=142401"},{"taxonomy":"product_tag","embeddable":true,"href":"https:\/\/gpl-love.com\/es\/wp-json\/wp\/v2\/product_tag?post=142401"}],"curies":[{"name":"wp","href":"https:\/\/api.w.org\/{rel}","templated":true}]}}