{"id":142209,"date":"2025-12-15T00:00:00","date_gmt":"2025-12-15T05:00:00","guid":{"rendered":"https:\/\/gpl-love.com\/es\/producto\/peepso-wp-job-manager\/"},"modified":"2026-03-09T08:39:50","modified_gmt":"2026-03-09T13:39:50","slug":"peepso-wp-job-manager","status":"publish","type":"product","link":"https:\/\/gpl-love.com\/es\/producto\/peepso-wp-job-manager\/","title":{"rendered":"PeepSo WP Job Manager 8.0.0.0"},"content":{"rendered":"<h3>PeepSo WP Job Manager Caracteristicas<\/h3>\n<p>Peepso WP Job Manager presenta una v\u00eda excepcional para amplificar su comunidad Peepso e incorporar una caracter\u00edstica invaluable para sus usuarios. Ya sea que est\u00e9 construyendo un tablero de trabajo desde cero o integr\u00e1ndolo en una comunidad de Peepso existente, esta fusi\u00f3n perfecta agiliza todo el proceso, lo que lo hace intuitivo sin esfuerzo.<\/p>\n<p>Adem\u00e1s de las ventajas antes mencionadas, la utilizaci\u00f3n del gerente de trabajo de Peepso WP produce una mir\u00edada de beneficios complementarios. Estos abarcan niveles de participaci\u00f3n elevados en el sitio de su comunidad, la afluencia de tr\u00e1fico aumentado a medida que los solicitantes de empleo y los empleadores utilizan activamente la junta de trabajo, y la oportunidad de monetizar su sitio imponiendo cargos por listados de empleo o obteniendo una comisi\u00f3n de las ubicaciones de trabajo. Adem\u00e1s, tenga la seguridad de que el complemento sufre actualizaciones regulares y recibe un soporte inquebrantable, garantizando as\u00ed su perpetuidad como un m\u00e9todo confiable y eficaz para incorporar un tablero de trabajo en su comunidad de Peepso.<\/p>\n<ul>\n<li>Integre perfectamente los complementos de Manager de trabajo Peepso y WP<\/li>\n<li>Permita que los miembros de su comunidad Peepso creen y soliciten empleos<\/li>\n<li>Permitir a los empleadores publicar listados de trabajo y administrar aplicaciones<\/li>\n<li>Ver y administrar todos los listados y aplicaciones de trabajo desde el tablero de WordPress<\/li>\n<li>Obtener notificaciones sobre nuevas publicaciones y solicitudes de trabajo<\/li>\n<li>Personalice el tablero de trabajo para que coincida con el dise\u00f1o y la marca de su sitio web<\/li>\n<\/ul>\n","protected":false},"excerpt":{"rendered":"<p>Peepso WP Job Manager es una integraci\u00f3n inmensamente potente que combina perfectamente el complemento Peepso Social Networking con el complemento WP Job Manager. Esta integraci\u00f3n transforma efectivamente su comunidad PEEPSO en una junta de trabajo integral y totalmente funcional, empodera a los miembros de su comunidad Peepso para generar y enviar sin esfuerzo listados de trabajo, examinar las oportunidades de trabajo disponibles y recibir notificaciones oportunas con respecto a las publicaciones de trabajo que se alinean con sus respectivos intereses. Adem\u00e1s, esta integraci\u00f3n tambi\u00e9n abarca un tablero meticulosamente dise\u00f1ado, que ofrece a los empleadores la capacidad de administrar sin esfuerzo sus listados y aplicaciones de trabajo. El complemento Peepso WP Job Manager, con su interfaz perfecta y f\u00e1cil de usar, representa un mecanismo incre\u00edblemente efectivo para incorporar una placa de trabajo en su comunidad Peepso.<\/p>\n","protected":false},"featured_media":168900,"comment_status":"open","ping_status":"open","template":"","meta":[],"product_brand":[2525],"product_cat":[1325,1206,1211],"product_tag":[2246],"class_list":{"0":"post-142209","1":"product","2":"type-product","3":"status-publish","4":"has-post-thumbnail","6":"product_brand-peepso","7":"product_cat-afiliacion","8":"product_cat-plugins","9":"product_cat-wordpress-plugins","10":"product_tag-peepso","11":"member-discount","12":"discount-restricted","14":"first","15":"instock","16":"sale","17":"downloadable","18":"virtual","19":"sold-individually","20":"purchasable","21":"product-type-simple"},"_links":{"self":[{"href":"https:\/\/gpl-love.com\/es\/wp-json\/wp\/v2\/product\/142209","targetHints":{"allow":["GET"]}}],"collection":[{"href":"https:\/\/gpl-love.com\/es\/wp-json\/wp\/v2\/product"}],"about":[{"href":"https:\/\/gpl-love.com\/es\/wp-json\/wp\/v2\/types\/product"}],"replies":[{"embeddable":true,"href":"https:\/\/gpl-love.com\/es\/wp-json\/wp\/v2\/comments?post=142209"}],"wp:featuredmedia":[{"embeddable":true,"href":"https:\/\/gpl-love.com\/es\/wp-json\/wp\/v2\/media\/168900"}],"wp:attachment":[{"href":"https:\/\/gpl-love.com\/es\/wp-json\/wp\/v2\/media?parent=142209"}],"wp:term":[{"taxonomy":"product_brand","embeddable":true,"href":"https:\/\/gpl-love.com\/es\/wp-json\/wp\/v2\/product_brand?post=142209"},{"taxonomy":"product_cat","embeddable":true,"href":"https:\/\/gpl-love.com\/es\/wp-json\/wp\/v2\/product_cat?post=142209"},{"taxonomy":"product_tag","embeddable":true,"href":"https:\/\/gpl-love.com\/es\/wp-json\/wp\/v2\/product_tag?post=142209"}],"curies":[{"name":"wp","href":"https:\/\/api.w.org\/{rel}","templated":true}]}}