{"id":142208,"date":"2025-12-12T00:00:00","date_gmt":"2025-12-12T05:00:00","guid":{"rendered":"https:\/\/gpl-love.com\/es\/producto\/peepso-givewp\/"},"modified":"2026-03-09T08:39:48","modified_gmt":"2026-03-09T13:39:48","slug":"peepso-givewp","status":"publish","type":"product","link":"https:\/\/gpl-love.com\/es\/producto\/peepso-givewp\/","title":{"rendered":"PeepSo GiveWP 8.0.0.0"},"content":{"rendered":"<h3>PeepSo GiveWP Caracteristicas<\/h3>\n<p>Peepso GiveWp, conocido por su facilidad de instalaci\u00f3n y configuraci\u00f3n, proporciona a los usuarios una experiencia perfecta. Con solo unos pocos pasos directos, puede establecer sin esfuerzo el formulario de donaci\u00f3n y adaptarlo para alinearse con el dise\u00f1o de su sitio web. Adem\u00e1s, la flexibilidad de esta plataforma le permite definir los objetivos de donaci\u00f3n, presentar a los usuarios una variedad de cantidades de donaci\u00f3n para elegir e incluso permitir donaciones recurrentes. La integraci\u00f3n de este complemento con Peepso es perfecta, y le otorga la libertad de mostrar el formulario de donaci\u00f3n en cualquier lugar dentro de su sitio, ya sea en la transmisi\u00f3n de su comunidad, p\u00e1ginas de perfil o grupos. Adem\u00e1s, la funcionalidad avanzada proporcionada por PEEPSO GiveWP le permite monitorear meticulosamente las donaciones, generar recibos de donaci\u00f3n y expresar su gratitud a sus estimados donantes a trav\u00e9s de correos electr\u00f3nicos de agradecimiento personalizados.<\/p>\n<ul>\n<li>Integraci\u00f3n perfecta con formularios de donaci\u00f3n dadawp amd peepso<\/li>\n<li>F\u00e1cil de instalar y configurar<\/li>\n<li>Formulario de donaci\u00f3n personalizable para que coincida con el dise\u00f1o de su sitio web<\/li>\n<li>Establecer objetivos de donaci\u00f3n y donaciones recurrentes<\/li>\n<li>Rastrear donaciones y enviar recibos de donaci\u00f3n y correos electr\u00f3nicos de agradecimiento<\/li>\n<li>Muestre el formulario de donaci\u00f3n en cualquier lugar de su sitio, incluida la transmisi\u00f3n de la comunidad, las p\u00e1ginas de perfil y los grupos.<\/li>\n<\/ul>\n","protected":false},"excerpt":{"rendered":"<p>Peepso GiveWp, un complemento de destreza sustancial, le proporciona la notable capacidad de incorporar a la perfecci\u00f3n los formularios de donaci\u00f3n GiveWP en su sitio web de Peepso Community. GiveWp, un complemento de renombre de WordPress, le permite fabricar meticulosamente los formularios de donaci\u00f3n a medida, recibir pagos sin esfuerzo y administrar eficientemente sus contribuciones invaluables. En virtud de la impresionante amalgamaci\u00f3n de Peepso GiveWP, ahora est\u00e1 dotado de la oportunidad sin precedentes de agregar un formulario de donaci\u00f3n directamente a su estimado sitio comunitario, proporcionando as\u00ed a sus estimados usuarios con un avenido incomparable, aerodin\u00e1mico e inmensamente conveniente para expresar su su Benevolencia a trav\u00e9s de donaciones. Este aumento incomparable es particularmente adecuado para organizaciones sin fines de lucro, organizaciones ben\u00e9ficas, congregaciones religiosas y todo tipo de comunidades que albergan un apasionado deseo de recaudar capital por causas nobles.<\/p>\n","protected":false},"featured_media":168899,"comment_status":"open","ping_status":"open","template":"","meta":[],"product_brand":[2525],"product_cat":[1325,1206,1211],"product_tag":[2246],"class_list":{"0":"post-142208","1":"product","2":"type-product","3":"status-publish","4":"has-post-thumbnail","6":"product_brand-peepso","7":"product_cat-afiliacion","8":"product_cat-plugins","9":"product_cat-wordpress-plugins","10":"product_tag-peepso","11":"member-discount","12":"discount-restricted","14":"first","15":"instock","16":"sale","17":"downloadable","18":"virtual","19":"sold-individually","20":"purchasable","21":"product-type-simple"},"_links":{"self":[{"href":"https:\/\/gpl-love.com\/es\/wp-json\/wp\/v2\/product\/142208","targetHints":{"allow":["GET"]}}],"collection":[{"href":"https:\/\/gpl-love.com\/es\/wp-json\/wp\/v2\/product"}],"about":[{"href":"https:\/\/gpl-love.com\/es\/wp-json\/wp\/v2\/types\/product"}],"replies":[{"embeddable":true,"href":"https:\/\/gpl-love.com\/es\/wp-json\/wp\/v2\/comments?post=142208"}],"wp:featuredmedia":[{"embeddable":true,"href":"https:\/\/gpl-love.com\/es\/wp-json\/wp\/v2\/media\/168899"}],"wp:attachment":[{"href":"https:\/\/gpl-love.com\/es\/wp-json\/wp\/v2\/media?parent=142208"}],"wp:term":[{"taxonomy":"product_brand","embeddable":true,"href":"https:\/\/gpl-love.com\/es\/wp-json\/wp\/v2\/product_brand?post=142208"},{"taxonomy":"product_cat","embeddable":true,"href":"https:\/\/gpl-love.com\/es\/wp-json\/wp\/v2\/product_cat?post=142208"},{"taxonomy":"product_tag","embeddable":true,"href":"https:\/\/gpl-love.com\/es\/wp-json\/wp\/v2\/product_tag?post=142208"}],"curies":[{"name":"wp","href":"https:\/\/api.w.org\/{rel}","templated":true}]}}