{"id":142207,"date":"2025-12-12T00:00:00","date_gmt":"2025-12-12T05:00:00","guid":{"rendered":"https:\/\/gpl-love.com\/es\/producto\/peepso-ideapush\/"},"modified":"2026-03-09T08:39:47","modified_gmt":"2026-03-09T13:39:47","slug":"peepso-ideapush","status":"publish","type":"product","link":"https:\/\/gpl-love.com\/es\/producto\/peepso-ideapush\/","title":{"rendered":"PeepSo IdeaPush 8.0.0.0"},"content":{"rendered":"<h3>PeepSo IdeaPush Caracteristicas<\/h3>\n<p>Peepso IdeaPush se presenta como una resoluci\u00f3n ejemplar para empresas, organizaciones y comunidades que aspiran a interactuar activamente con sus usuarios y clientes. Atiende perfectamente a los requisitos de desarrollo de productos, solicitudes de funciones, atenci\u00f3n al cliente y m\u00e1s all\u00e1. Al aprovechar IdeaPush, posee la capacidad de establecer un ambiente que todo abarque que fomente una atm\u00f3sfera de atenci\u00f3n y apreciaci\u00f3n hacia los usuarios, al tiempo que cultiva simult\u00e1neamente conexiones m\u00e1s fuertes con su audiencia. Los procesos de instalaci\u00f3n y configuraci\u00f3n del complemento son sencillos y sin complicaciones, y su integraci\u00f3n perfecta con Peepso lo convierte en un activo indispensable para cualquier comunidad PEEPSO.<\/p>\n<ul>\n<li>Enviar, votar y discutir ideas<\/li>\n<li>Sistema de moderaci\u00f3n incorporado<\/li>\n<li>Notificaciones para nuevas ideas y actividades<\/li>\n<li>Integraci\u00f3n perfecta con Peepso<\/li>\n<li>F\u00e1cil de instalar y configurar<\/li>\n<\/ul>\n","protected":false},"excerpt":{"rendered":"<p>Peepso IdeaPush es un complemento de WordPress incre\u00edblemente robusto e influyente que ofrece a los usuarios la capacidad de enviar, votar y votar sin esfuerzo sobre discusiones sobre ideas en una plataforma basada en la comunidad. Este complemento excepcional le permite reunir sin esfuerzo comentarios y sugerencias de su comunidad de Peepso, transform\u00e1ndolos en planes tangibles y procesables. El proceso perfecto permite a los usuarios enviar sus ideas innovadoras, al tiempo que permite que otros usuarios expresen su apoyo u objeciones a trav\u00e9s del poder de votar y dejar comentarios. Como resultado, las ideas m\u00e1s populares y de gran prestigio ascienden al pin\u00e1culo de la lista, proporcion\u00e1ndole una comprensi\u00f3n clara y concisa de los deseos y necesidades de su comunidad. Sorprendentemente, IdeaPush tambi\u00e9n incorpora un sistema de moderaci\u00f3n incorporado notablemente efectivo que le proporciona la capacidad de evaluar meticulosamente y aprobar o rechazar ideas antes de que sean liberadas al p\u00fablico. Adem\u00e1s, tiene la capacidad de configurar notificaciones que lo mantendr\u00e1n impecablemente actualizado sobre todas y cada una de las nuevas ideas, as\u00ed como el nivel general de actividad que se produce dentro de la comunidad.<\/p>\n","protected":false},"featured_media":168898,"comment_status":"open","ping_status":"open","template":"","meta":[],"product_brand":[2525],"product_cat":[1325,1206,1211],"product_tag":[2246],"class_list":{"0":"post-142207","1":"product","2":"type-product","3":"status-publish","4":"has-post-thumbnail","6":"product_brand-peepso","7":"product_cat-afiliacion","8":"product_cat-plugins","9":"product_cat-wordpress-plugins","10":"product_tag-peepso","11":"member-discount","12":"discount-restricted","14":"first","15":"instock","16":"sale","17":"downloadable","18":"virtual","19":"sold-individually","20":"purchasable","21":"product-type-simple"},"_links":{"self":[{"href":"https:\/\/gpl-love.com\/es\/wp-json\/wp\/v2\/product\/142207","targetHints":{"allow":["GET"]}}],"collection":[{"href":"https:\/\/gpl-love.com\/es\/wp-json\/wp\/v2\/product"}],"about":[{"href":"https:\/\/gpl-love.com\/es\/wp-json\/wp\/v2\/types\/product"}],"replies":[{"embeddable":true,"href":"https:\/\/gpl-love.com\/es\/wp-json\/wp\/v2\/comments?post=142207"}],"wp:featuredmedia":[{"embeddable":true,"href":"https:\/\/gpl-love.com\/es\/wp-json\/wp\/v2\/media\/168898"}],"wp:attachment":[{"href":"https:\/\/gpl-love.com\/es\/wp-json\/wp\/v2\/media?parent=142207"}],"wp:term":[{"taxonomy":"product_brand","embeddable":true,"href":"https:\/\/gpl-love.com\/es\/wp-json\/wp\/v2\/product_brand?post=142207"},{"taxonomy":"product_cat","embeddable":true,"href":"https:\/\/gpl-love.com\/es\/wp-json\/wp\/v2\/product_cat?post=142207"},{"taxonomy":"product_tag","embeddable":true,"href":"https:\/\/gpl-love.com\/es\/wp-json\/wp\/v2\/product_tag?post=142207"}],"curies":[{"name":"wp","href":"https:\/\/api.w.org\/{rel}","templated":true}]}}