{"id":142206,"date":"2025-12-12T00:00:00","date_gmt":"2025-12-12T05:00:00","guid":{"rendered":"https:\/\/gpl-love.com\/es\/producto\/peepso-tutor-lms\/"},"modified":"2026-03-09T08:39:46","modified_gmt":"2026-03-09T13:39:46","slug":"peepso-tutor-lms","status":"publish","type":"product","link":"https:\/\/gpl-love.com\/es\/producto\/peepso-tutor-lms\/","title":{"rendered":"PeepSo Tutor LMS 8.0.0.0"},"content":{"rendered":"<h3>PeepSo Tutor LMS Caracteristicas<\/h3>\n<p>Peepso Tutor LMS ha sido meticulosamente dise\u00f1ado para garantizar que sea f\u00e1cil de usar y personalizable, que atiende a personas que no poseen experiencia t\u00e9cnica. Este complemento fenomenal comprende un constructor de cursos de arrastrar y soltar de \u00faltima generaci\u00f3n, lo que lo permite a los cursos de moda sin esfuerzo a trav\u00e9s de una interfaz visual intuitiva. Adem\u00e1s, tiene la libertad de otorgar a sus cursos con una apariencia distintiva e incorporar su propia marca \u00fanica, completa con logotipos, esquemas de color y selecciones de fuentes. Adem\u00e1s de estas caracter\u00edsticas notables, Peepso Tutor LMS cuenta con una impresionante variedad de pasarelas de pago, lo que le permite monetizar sin esfuerzo sus cursos y comercializarlos en l\u00ednea. Cuando se combinan todas estas cualidades excepcionales, Peepso Tutor LMS emerge como un sistema de gesti\u00f3n de aprendizaje extraordinariamente poderoso e infinitamente adaptable, lo que le permite idear una comunidad de aprendizaje en l\u00ednea vibrante dentro de su propio sitio de WordPress.<\/p>\n<ul>\n<li>Cree una plataforma de aprendizaje en l\u00ednea completa en su sitio de WordPress<\/li>\n<li>Crear y vender cursos f\u00e1cilmente, administrar las inscripciones y rastrear el progreso de los estudiantes.<\/li>\n<li>Integraci\u00f3n perfecta con el complemento de redes sociales Peepso para una experiencia de aprendizaje social<\/li>\n<li>Certificados del curso, cuestionarios y tareas para crear cursos interactivos e interactivos<\/li>\n<li>Builder de cursos de arrastrar y soltar para una f\u00e1cil creaci\u00f3n de cursos<\/li>\n<li>Look y sensaci\u00f3n personalizables con su propia marca<\/li>\n<li>M\u00faltiples pasarelas de pago para una f\u00e1cil monetizaci\u00f3n de los cursos<\/li>\n<\/ul>\n","protected":false},"excerpt":{"rendered":"<p>Peepso Tutor LMS, un complemento dise\u00f1ado espec\u00edficamente para el complemento de redes sociales PEEPSO ampliamente utilizado, le permite la capacidad de establecer una plataforma de aprendizaje en l\u00ednea integral directamente en su sitio de WordPress. Con las notables capacidades de Peepso Tutor LMS, puede crear y comercializar sin esfuerzo cursos, supervisar eficientemente las inscripciones de los estudiantes y monitorear con precisi\u00f3n su progresi\u00f3n, todo mientras opera dentro de los l\u00edmites de su comunidad impulsada por Peepso. Este ingenioso complemento se integra armoniosamente con la plataforma Peepso, que finalmente proporciona a sus usuarios una experiencia de aprendizaje social inmersiva. Entre su gran parte de caracter\u00edsticas notables, Peepso Tutor LMS ofrece funcionalidades como discusiones grupales, anuncios de cursos y paneles individualizados para cada estudiante, mejorando a\u00fan m\u00e1s la naturaleza interactiva del proceso de aprendizaje. Adem\u00e1s, Peepso Tutor LMS tambi\u00e9n abarca la inclusi\u00f3n de certificados de curso, cuestionarios y tareas, lo que hace que la creaci\u00f3n de cursos cautivadores y estimulantes para sus alumnos ansiosos sea un esfuerzo sin esfuerzo.<\/p>\n","protected":false},"featured_media":168897,"comment_status":"open","ping_status":"open","template":"","meta":[],"product_brand":[2525],"product_cat":[1325,1206,1211],"product_tag":[2246],"class_list":{"0":"post-142206","1":"product","2":"type-product","3":"status-publish","4":"has-post-thumbnail","6":"product_brand-peepso","7":"product_cat-afiliacion","8":"product_cat-plugins","9":"product_cat-wordpress-plugins","10":"product_tag-peepso","11":"member-discount","12":"discount-restricted","14":"first","15":"instock","16":"sale","17":"downloadable","18":"virtual","19":"sold-individually","20":"purchasable","21":"product-type-simple"},"_links":{"self":[{"href":"https:\/\/gpl-love.com\/es\/wp-json\/wp\/v2\/product\/142206","targetHints":{"allow":["GET"]}}],"collection":[{"href":"https:\/\/gpl-love.com\/es\/wp-json\/wp\/v2\/product"}],"about":[{"href":"https:\/\/gpl-love.com\/es\/wp-json\/wp\/v2\/types\/product"}],"replies":[{"embeddable":true,"href":"https:\/\/gpl-love.com\/es\/wp-json\/wp\/v2\/comments?post=142206"}],"wp:featuredmedia":[{"embeddable":true,"href":"https:\/\/gpl-love.com\/es\/wp-json\/wp\/v2\/media\/168897"}],"wp:attachment":[{"href":"https:\/\/gpl-love.com\/es\/wp-json\/wp\/v2\/media?parent=142206"}],"wp:term":[{"taxonomy":"product_brand","embeddable":true,"href":"https:\/\/gpl-love.com\/es\/wp-json\/wp\/v2\/product_brand?post=142206"},{"taxonomy":"product_cat","embeddable":true,"href":"https:\/\/gpl-love.com\/es\/wp-json\/wp\/v2\/product_cat?post=142206"},{"taxonomy":"product_tag","embeddable":true,"href":"https:\/\/gpl-love.com\/es\/wp-json\/wp\/v2\/product_tag?post=142206"}],"curies":[{"name":"wp","href":"https:\/\/api.w.org\/{rel}","templated":true}]}}