{"id":142205,"date":"2025-12-12T00:00:00","date_gmt":"2025-12-12T05:00:00","guid":{"rendered":"https:\/\/gpl-love.com\/es\/producto\/peepso-file-uploads\/"},"modified":"2026-03-09T08:39:45","modified_gmt":"2026-03-09T13:39:45","slug":"peepso-file-uploads","status":"publish","type":"product","link":"https:\/\/gpl-love.com\/es\/producto\/peepso-file-uploads\/","title":{"rendered":"PeepSo File Uploads 8.0.0.0"},"content":{"rendered":"<h3>PeepSo File Uploads Caracteristicas<\/h3>\n<p>El complemento Peepso File Supars ofrece una multitud de caracter\u00edsticas notables. Una de esas caracter\u00edsticas es la capacidad de los usuarios para cargar convenientemente archivos directamente desde sus perfiles. Adem\u00e1s, los usuarios tienen la opci\u00f3n de ejercer control sobre los l\u00edmites de carga de archivos y pueden imponer restricciones de tipo de archivo. Adem\u00e1s, los usuarios tienen la comodidad de poder ver, descargar y eliminar los archivos sin esfuerzo de sus perfiles. En particular, el administrador del sitio est\u00e1 facultado para administrar eficientemente archivos desde el tablero de WordPress. Adem\u00e1s, es crucial mencionar que el complemento es totalmente receptivo y amigable con el m\u00f3vil, lo que lo hace compatible con cualquier dispositivo. En consecuencia, los usuarios pueden cargar y administrar archivos sin esfuerzo independientemente del dispositivo que est\u00e9n utilizando. Al integrar las cargas de archivos PEEPSO en su sitio de redes sociales Peepso, tiene la oportunidad de elevar la funcionalidad del sitio y ofrecer una experiencia de usuario mejorada a sus valiosos usuarios.<\/p>\n<ul>\n<li>Permite a los usuarios cargar archivos directamente desde sus perfiles<\/li>\n<li>Controlar l\u00edmites de carga de archivo, restricciones de tipo de archivo y m\u00e1s<\/li>\n<li>Los usuarios pueden ver, descargar y eliminar f\u00e1cilmente archivos de sus perfiles<\/li>\n<li>El administrador del sitio puede administrar archivos desde el tablero de WordPress<\/li>\n<li>Totalmente receptivo y amigable para m\u00f3viles<\/li>\n<\/ul>\n","protected":false},"excerpt":{"rendered":"<p>Las cargas de archivos Peepso, un complemento complementario integrado con el muy popular complemento de redes sociales Peepso para WordPress, demuestra ser una herramienta incre\u00edblemente conveniente y pr\u00e1ctica. Su funcionalidad permite a los usuarios cargar sin esfuerzo una amplia gama de archivos, que abarca no solo fotograf\u00edas sino tambi\u00e9n videos, archivos de audio y documentos, directamente de sus perfiles individuales. Sorprendentemente, se puede acceder convenientemente a estos archivos cargados de m\u00faltiples maneras: pueden verlos, descargar o incluso erradicarse por el usuario que inicialmente los carg\u00f3 o, alternativamente, por el estimado administrador del sitio. Este complemento, en esencia, sirve como un activo invaluable para las plataformas de redes sociales que atienden predominantemente a una audiencia que abarca creativos, artistas y profesionales que desean presentar sus esfuerzos art\u00edsticos o compartir documentos significativos con otros usuarios. Con una interfaz que prioriza ardientemente la facilidad de uso, las cargas de archivos PEEPSO sobresalen para simplificar la tarea ardua de cargar y administrar archivos en su sitio Peepso.<\/p>\n","protected":false},"featured_media":168896,"comment_status":"open","ping_status":"open","template":"","meta":[],"product_brand":[2525],"product_cat":[1325,1206,1211],"product_tag":[2246],"class_list":{"0":"post-142205","1":"product","2":"type-product","3":"status-publish","4":"has-post-thumbnail","6":"product_brand-peepso","7":"product_cat-afiliacion","8":"product_cat-plugins","9":"product_cat-wordpress-plugins","10":"product_tag-peepso","11":"member-discount","12":"discount-restricted","14":"first","15":"instock","16":"sale","17":"downloadable","18":"virtual","19":"sold-individually","20":"purchasable","21":"product-type-simple"},"_links":{"self":[{"href":"https:\/\/gpl-love.com\/es\/wp-json\/wp\/v2\/product\/142205","targetHints":{"allow":["GET"]}}],"collection":[{"href":"https:\/\/gpl-love.com\/es\/wp-json\/wp\/v2\/product"}],"about":[{"href":"https:\/\/gpl-love.com\/es\/wp-json\/wp\/v2\/types\/product"}],"replies":[{"embeddable":true,"href":"https:\/\/gpl-love.com\/es\/wp-json\/wp\/v2\/comments?post=142205"}],"wp:featuredmedia":[{"embeddable":true,"href":"https:\/\/gpl-love.com\/es\/wp-json\/wp\/v2\/media\/168896"}],"wp:attachment":[{"href":"https:\/\/gpl-love.com\/es\/wp-json\/wp\/v2\/media?parent=142205"}],"wp:term":[{"taxonomy":"product_brand","embeddable":true,"href":"https:\/\/gpl-love.com\/es\/wp-json\/wp\/v2\/product_brand?post=142205"},{"taxonomy":"product_cat","embeddable":true,"href":"https:\/\/gpl-love.com\/es\/wp-json\/wp\/v2\/product_cat?post=142205"},{"taxonomy":"product_tag","embeddable":true,"href":"https:\/\/gpl-love.com\/es\/wp-json\/wp\/v2\/product_tag?post=142205"}],"curies":[{"name":"wp","href":"https:\/\/api.w.org\/{rel}","templated":true}]}}