{"id":141371,"date":"2026-02-26T00:00:00","date_gmt":"2026-02-26T05:00:00","guid":{"rendered":"https:\/\/gpl-love.com\/es\/producto\/newsletter-sendgrid\/"},"modified":"2026-03-09T08:39:44","modified_gmt":"2026-03-09T13:39:44","slug":"newsletter-sendgrid","status":"publish","type":"product","link":"https:\/\/gpl-love.com\/es\/producto\/newsletter-sendgrid\/","title":{"rendered":"Newsletter Sendgrid 4.5.4"},"content":{"rendered":"<h3>Newsletter Sendgrid Caracteristicas<\/h3>\n<p>El complemento est\u00e1 equipado con una interfaz dise\u00f1ada para ser f\u00e1cil de usar, lo que le permitir\u00e1 configurar y administrar f\u00e1cilmente sus campa\u00f1as de correo electr\u00f3nico. Al utilizar este complemento, tiene la capacidad de crear y personalizar boletines utilizando un editor de arrastrar y soltar, brind\u00e1ndole la flexibilidad de dise\u00f1ar sus campa\u00f1as seg\u00fan sus especificaciones exactas. Adem\u00e1s, tiene la opci\u00f3n de elegir entre una amplia gama de plantillas predise\u00f1adas, simplificando a\u00fan m\u00e1s el proceso de creaci\u00f3n. Adem\u00e1s, puede programar sus campa\u00f1as que se entregar\u00e1n en los momentos \u00f3ptimos para el m\u00e1ximo impacto. Este complemento tambi\u00e9n ofrece caracter\u00edsticas de segmentaci\u00f3n y orientaci\u00f3n robusta, lo que le permite personalizar sus mensajes y asegurarse de que se entreguen a la audiencia apropiada en el momento m\u00e1s oportuno. Como resultado, puede esperar ver un mayor compromiso y conversiones. Es esencial que las empresas de todos los tama\u00f1os, ya sean peque\u00f1os o grandes, utilicen el bolet\u00edn SendGrid Addon, ya que es una herramienta invaluable para todas sus necesidades de marketing por correo electr\u00f3nico.<\/p>\n<ul>\n<li>Integraci\u00f3n perfecta con el complemento del bolet\u00edn<\/li>\n<li>Autenticaci\u00f3n SMTP para una mayor seguridad de correo electr\u00f3nico y capacidad de entrega<\/li>\n<li>Estad\u00edsticas de entrega avanzadas y seguimiento de correo electr\u00f3nico<\/li>\n<li>Interfaz f\u00e1cil de usar con editor de arrastrar y soltar y plantillas predise\u00f1adas<\/li>\n<li>Potentes caracter\u00edsticas de segmentaci\u00f3n y orientaci\u00f3n para campa\u00f1as personalizadas<\/li>\n<li>Soporte para tipos de publicaci\u00f3n personalizados y taxonom\u00edas<\/li>\n<li>Opci\u00f3n para programar campa\u00f1as para tiempos de entrega \u00f3ptimos<\/li>\n<\/ul>\n","protected":false},"excerpt":{"rendered":"<p>El bolet\u00edn SendGrid Addon, que se integra perfectamente con el complemento del bolet\u00edn, es una herramienta extremadamente potente y efectiva que mejora significativamente las capacidades de marketing por correo electr\u00f3nico de su sitio web. Al aprovechar este complemento, est\u00e1 facultado para enviar boletines sin esfuerzo a sus estimados suscriptores a trav\u00e9s de la utilizaci\u00f3n del servicio de entrega de correo electr\u00f3nico SendGrid notablemente confiable y escalable. Adem\u00e1s, este complemento ofrece una variedad de caracter\u00edsticas sofisticadas, como la autenticaci\u00f3n SMTP, las estad\u00edsticas de entrega y el seguimiento de correo electr\u00f3nico, que juegan un papel fundamental en ayudarlo a ajustar sus campa\u00f1as de correo electr\u00f3nico y obtener resultados superiores.<\/p>\n","protected":false},"featured_media":168895,"comment_status":"open","ping_status":"open","template":"","meta":[],"product_brand":[2506],"product_cat":[1216,1206,1211],"product_tag":[2211],"class_list":{"0":"post-141371","1":"product","2":"type-product","3":"status-publish","4":"has-post-thumbnail","6":"product_brand-newsletter","7":"product_cat-formas","8":"product_cat-plugins","9":"product_cat-wordpress-plugins","10":"product_tag-newsletter","11":"member-discount","12":"discount-restricted","14":"first","15":"instock","16":"sale","17":"downloadable","18":"virtual","19":"sold-individually","20":"purchasable","21":"product-type-simple"},"_links":{"self":[{"href":"https:\/\/gpl-love.com\/es\/wp-json\/wp\/v2\/product\/141371","targetHints":{"allow":["GET"]}}],"collection":[{"href":"https:\/\/gpl-love.com\/es\/wp-json\/wp\/v2\/product"}],"about":[{"href":"https:\/\/gpl-love.com\/es\/wp-json\/wp\/v2\/types\/product"}],"replies":[{"embeddable":true,"href":"https:\/\/gpl-love.com\/es\/wp-json\/wp\/v2\/comments?post=141371"}],"wp:featuredmedia":[{"embeddable":true,"href":"https:\/\/gpl-love.com\/es\/wp-json\/wp\/v2\/media\/168895"}],"wp:attachment":[{"href":"https:\/\/gpl-love.com\/es\/wp-json\/wp\/v2\/media?parent=141371"}],"wp:term":[{"taxonomy":"product_brand","embeddable":true,"href":"https:\/\/gpl-love.com\/es\/wp-json\/wp\/v2\/product_brand?post=141371"},{"taxonomy":"product_cat","embeddable":true,"href":"https:\/\/gpl-love.com\/es\/wp-json\/wp\/v2\/product_cat?post=141371"},{"taxonomy":"product_tag","embeddable":true,"href":"https:\/\/gpl-love.com\/es\/wp-json\/wp\/v2\/product_tag?post=141371"}],"curies":[{"name":"wp","href":"https:\/\/api.w.org\/{rel}","templated":true}]}}