{"id":141370,"date":"2026-03-20T00:00:00","date_gmt":"2026-03-20T05:00:00","guid":{"rendered":"https:\/\/gpl-love.com\/es\/producto\/geodirectory-events-tickets-marketplace\/"},"modified":"2026-03-20T17:16:45","modified_gmt":"2026-03-20T22:16:45","slug":"geodirectory-events-tickets-marketplace","status":"publish","type":"product","link":"https:\/\/gpl-love.com\/es\/producto\/geodirectory-events-tickets-marketplace\/","title":{"rendered":"GeoDirectory Events Tickets Marketplace 2.1.6"},"content":{"rendered":"<h3>GeoDirectory Events Tickets Marketplace Caracteristicas<\/h3>\n<p>El mercado de boletos de eventos geodirectorio es una soluci\u00f3n incre\u00edblemente robusta y altamente vers\u00e1til que ofrece una multitud de caracter\u00edsticas para administrar y supervisar efectivamente la venta de entradas para todos sus eventos. Esta plataforma innovadora cuenta con un proceso de creaci\u00f3n de eventos f\u00e1cil de usar, asegurando una experiencia sin problemas y sin problemas tanto para los organizadores de eventos como para los asistentes. Adem\u00e1s, con su sistema de comisi\u00f3n integrada, capacidades avanzadas de b\u00fasqueda y filtrado, opciones de dise\u00f1o personalizables, as\u00ed como documentaci\u00f3n integral y recursos de soporte, el mercado de boletos de eventos geodirectorio realmente abarca todas las herramientas y caracter\u00edsticas necesarias para expandir con \u00e9xito su negocio de eventos y vender efectivamente tickets a tu p\u00fablico objetivo.<\/p>\n<ul>\n<li>Mercado de boletos de eventos geodirectorio: Crear y administrar un mercado para vender boletos a eventos desde su tablero de WordPress<\/li>\n<li>Crear y administrar f\u00e1cilmente eventos<\/li>\n<li>Vender boletos con facilidad<\/li>\n<li>Rastrear las transacciones en tiempo real<\/li>\n<li>Organiza tanto grandes conferencias como peque\u00f1os eventos comunitarios<\/li>\n<li>Haga crecer su negocio con mayor exposici\u00f3n y mayor venta de entradas<\/li>\n<\/ul>\n","protected":false},"excerpt":{"rendered":"<p>El mercado de tickets de eventos geodirectorio es un complemento de WordPress altamente vers\u00e1til y f\u00e1cil de usar que ofrece una amplia gama de funcionalidades para la creaci\u00f3n y gesti\u00f3n de un mercado totalmente funcional dedicado a la venta y distribuci\u00f3n de boletos de eventos. Al aprovechar el poder de este complemento excepcional, los usuarios est\u00e1n facultados para generar y supervisar eventos sin esfuerzo, ejecutar ventas de entradas y rastrear meticulosamente todas las transacciones asociadas, todas las cuales pueden lograrse sin problemas dentro de los confines familiares y convenientes de su tablero de WordPress. Independientemente de la escala o el alcance del evento que se organiza, ya sea una conferencia en expansi\u00f3n o una reuni\u00f3n comunitaria \u00edntima, el mercado de boletos de eventos geodirectorio es una soluci\u00f3n incomparable que garantiza una eficiencia y eficacia \u00f3ptimas en la gesti\u00f3n de la venta de entradas, que facilita la expansi\u00f3n de la expansi\u00f3n y mejora de sus operaciones comerciales.<\/p>\n","protected":false},"featured_media":168894,"comment_status":"open","ping_status":"open","template":"","meta":[],"product_brand":[2464],"product_cat":[1214,1206,1211],"product_tag":[1791],"class_list":{"0":"post-141370","1":"product","2":"type-product","3":"status-publish","4":"has-post-thumbnail","6":"product_brand-ayecode","7":"product_cat-personalizacion","8":"product_cat-plugins","9":"product_cat-wordpress-plugins","10":"product_tag-ayecode","11":"member-discount","12":"discount-restricted","14":"first","15":"instock","16":"sale","17":"downloadable","18":"virtual","19":"sold-individually","20":"purchasable","21":"product-type-simple"},"_links":{"self":[{"href":"https:\/\/gpl-love.com\/es\/wp-json\/wp\/v2\/product\/141370","targetHints":{"allow":["GET"]}}],"collection":[{"href":"https:\/\/gpl-love.com\/es\/wp-json\/wp\/v2\/product"}],"about":[{"href":"https:\/\/gpl-love.com\/es\/wp-json\/wp\/v2\/types\/product"}],"replies":[{"embeddable":true,"href":"https:\/\/gpl-love.com\/es\/wp-json\/wp\/v2\/comments?post=141370"}],"wp:featuredmedia":[{"embeddable":true,"href":"https:\/\/gpl-love.com\/es\/wp-json\/wp\/v2\/media\/168894"}],"wp:attachment":[{"href":"https:\/\/gpl-love.com\/es\/wp-json\/wp\/v2\/media?parent=141370"}],"wp:term":[{"taxonomy":"product_brand","embeddable":true,"href":"https:\/\/gpl-love.com\/es\/wp-json\/wp\/v2\/product_brand?post=141370"},{"taxonomy":"product_cat","embeddable":true,"href":"https:\/\/gpl-love.com\/es\/wp-json\/wp\/v2\/product_cat?post=141370"},{"taxonomy":"product_tag","embeddable":true,"href":"https:\/\/gpl-love.com\/es\/wp-json\/wp\/v2\/product_tag?post=141370"}],"curies":[{"name":"wp","href":"https:\/\/api.w.org\/{rel}","templated":true}]}}