{"id":141369,"date":"2024-12-27T00:00:00","date_gmt":"2024-12-27T05:00:00","guid":{"rendered":"https:\/\/gpl-love.com\/es\/producto\/geodirectory-marketplace\/"},"modified":"2026-03-09T08:39:41","modified_gmt":"2026-03-09T13:39:41","slug":"geodirectory-marketplace","status":"publish","type":"product","link":"https:\/\/gpl-love.com\/es\/producto\/geodirectory-marketplace\/","title":{"rendered":"GeoDirectory Marketplace 2.2"},"content":{"rendered":"<h3>GeoDirectory Marketplace Caracteristicas<\/h3>\n<p>El mercado de geodirectorio ofrece una soluci\u00f3n altamente sofisticada y multifac\u00e9tica para el establecimiento de un mercado o directorio comercial basado en la comunidad. Sus capacidades excepcionales de gesti\u00f3n de listados, sistema de pago integrado sin problemas, estructura de la comisi\u00f3n, opciones de b\u00fasqueda y filtrado avanzadas, caracter\u00edsticas de dise\u00f1o personalizables, as\u00ed como su documentaci\u00f3n y soporte integral, proporcionan colectivamente todos los componentes esenciales necesarios para la construcci\u00f3n de un mercado en l\u00ednea pr\u00f3spero y lucrativo .<\/p>\n<ul>\n<li>Un directorio de mercado integral que ayuda a las empresas a aumentar su visibilidad a los clientes potenciales.<\/li>\n<li>Conecta a los clientes con empresas locales, mostrando sus productos y servicios en una plataforma centralizada.<\/li>\n<li>Cuenta con una interfaz f\u00e1cil de usar que permite a los usuarios buscar f\u00e1cilmente las empresas en funci\u00f3n de la ubicaci\u00f3n, la categor\u00eda o el servicio.<\/li>\n<li>Ofrece a las empresas la capacidad de mostrar sus productos y servicios, publicar fotos, horas de operaci\u00f3n, informaci\u00f3n de contacto y m\u00e1s.<\/li>\n<li>Ayuda a las empresas a expandir su base de clientes, conectarse con nuevos clientes potenciales o clientes, y aumentar su presencia en l\u00ednea.<\/li>\n<li>Proporciona una ventanilla \u00fanica para que los usuarios encuentren toda la informaci\u00f3n que necesitan sobre un negocio en particular en una ubicaci\u00f3n conveniente.<\/li>\n<li>Permite a las empresas locales competir con empresas m\u00e1s grandes en un campo de juego nivelado, amplificando la presencia de su marca en l\u00ednea.<\/li>\n<li>Permite a las empresas mantenerse conectadas con sus clientes presentando rese\u00f1as, calificaciones y comentarios de los clientes.<\/li>\n<li>Proporciona una soluci\u00f3n de marketing rentable para peque\u00f1as empresas, con la oportunidad de llegar a m\u00e1s clientes a un precio asequible.<\/li>\n<li>Ofrece a las empresas la oportunidad de crear un perfil personalizado para su negocio, incluida la marca, los enlaces de redes sociales y m\u00e1s.<\/li>\n<\/ul>\n","protected":false},"excerpt":{"rendered":"<p>Geodirectory Marketplace es un complemento de WordPress incre\u00edblemente robusto que tiene la capacidad de revolucionar completamente su sitio web, convirti\u00e9ndolo en un mercado altamente funcional y din\u00e1mico. Este complemento excepcional le permite establecer y supervisar sin esfuerzo los listados, procesar los pagos sin problemas y monitorear meticulosamente las transacciones, todas desde la comodidad y la facilidad de su tablero de WordPress. Independientemente de si aspira a construir un mercado especializado y dirigido o un directorio de negocios amplio y expansivo, Geodirectorio Marketplace se presenta como la soluci\u00f3n ideal y definitiva.<\/p>\n","protected":false},"featured_media":168893,"comment_status":"open","ping_status":"open","template":"","meta":[],"product_brand":[2464],"product_cat":[1214,1206,1211],"product_tag":[1791],"class_list":{"0":"post-141369","1":"product","2":"type-product","3":"status-publish","4":"has-post-thumbnail","6":"product_brand-ayecode","7":"product_cat-personalizacion","8":"product_cat-plugins","9":"product_cat-wordpress-plugins","10":"product_tag-ayecode","11":"member-discount","12":"discount-restricted","14":"first","15":"instock","16":"sale","17":"downloadable","18":"virtual","19":"sold-individually","20":"purchasable","21":"product-type-simple"},"_links":{"self":[{"href":"https:\/\/gpl-love.com\/es\/wp-json\/wp\/v2\/product\/141369","targetHints":{"allow":["GET"]}}],"collection":[{"href":"https:\/\/gpl-love.com\/es\/wp-json\/wp\/v2\/product"}],"about":[{"href":"https:\/\/gpl-love.com\/es\/wp-json\/wp\/v2\/types\/product"}],"replies":[{"embeddable":true,"href":"https:\/\/gpl-love.com\/es\/wp-json\/wp\/v2\/comments?post=141369"}],"wp:featuredmedia":[{"embeddable":true,"href":"https:\/\/gpl-love.com\/es\/wp-json\/wp\/v2\/media\/168893"}],"wp:attachment":[{"href":"https:\/\/gpl-love.com\/es\/wp-json\/wp\/v2\/media?parent=141369"}],"wp:term":[{"taxonomy":"product_brand","embeddable":true,"href":"https:\/\/gpl-love.com\/es\/wp-json\/wp\/v2\/product_brand?post=141369"},{"taxonomy":"product_cat","embeddable":true,"href":"https:\/\/gpl-love.com\/es\/wp-json\/wp\/v2\/product_cat?post=141369"},{"taxonomy":"product_tag","embeddable":true,"href":"https:\/\/gpl-love.com\/es\/wp-json\/wp\/v2\/product_tag?post=141369"}],"curies":[{"name":"wp","href":"https:\/\/api.w.org\/{rel}","templated":true}]}}