{"id":141334,"date":"2024-03-24T00:00:00","date_gmt":"2024-03-24T05:00:00","guid":{"rendered":"https:\/\/gpl-love.com\/es\/producto\/travesia-a-travel-agency-wordpress-theme\/"},"modified":"2026-03-13T17:36:14","modified_gmt":"2026-03-13T22:36:14","slug":"travesia-a-travel-agency-wordpress-theme","status":"publish","type":"product","link":"https:\/\/gpl-love.com\/es\/producto\/travesia-a-travel-agency-wordpress-theme\/","title":{"rendered":"Travesia A Travel Agency WordPress Theme 1.1.12"},"content":{"rendered":"<h3>Travesia A Travel Agency WordPress Theme Caracteristicas<\/h3>\n<p>Travesia surge como una opci\u00f3n realmente excepcional para las agencias de viajes y los operadores tur\u00edsticos que anhelan dise\u00f1ar un sitio web visualmente cautivador y operacionalmente eficiente. Ofreciendo una p\u00e1gina de inicio vers\u00e1til que se puede personalizar para cumplir con sus especificaciones \u00fanicas, las capacidades de gesti\u00f3n de reservas sin problemas, las p\u00e1ginas de destino visualmente llamativas, la capacidad de personalizar la tipograf\u00eda y los colores para alinearse con su identidad de marca, una gran cantidad de plantillas de p\u00e1gina para elegir e integraci\u00f3n sin costura e integraci\u00f3n sin costura Con las plataformas de redes sociales, Travesia presenta un conjunto integral de caracter\u00edsticas que satisfacen todas sus necesidades para elaborar una experiencia de usuario interactiva e indeleble para su estimada clientela.<\/p>\n<ul>\n<li>Un tema de WordPress elegante y moderno dise\u00f1ado espec\u00edficamente para agencias de viajes<\/li>\n<li>Dise\u00f1o receptivo que se ve muy bien en cualquier dispositivo<\/li>\n<li>P\u00e1gina de inicio personalizable con m\u00faltiples opciones de dise\u00f1o<\/li>\n<li>Formulario de reserva f\u00e1cil de usar para que los clientes hagan reservas<\/li>\n<li>Integraci\u00f3n con pasarelas de pago populares como PayPal y Stripe<\/li>\n<li>Tablas de precios personalizables para mostrar paquetes y tarifas tur\u00edsticas<\/li>\n<li>Integraci\u00f3n perfecta con complementos populares de WordPress como yoast SEO y el formulario de contacto 7<\/li>\n<li>M\u00faltiples dise\u00f1os de blog para compartir contenido relacionado con viajes e interactuar con los clientes<\/li>\n<li>Importar demostraci\u00f3n de un solo clic para configurar r\u00e1pidamente su sitio web<\/li>\n<li>Documentaci\u00f3n y apoyo integral del desarrollador de temas<\/li>\n<\/ul>\n","protected":false},"excerpt":{"rendered":"<p>Travesia, un tema innovador y elegante de WordPress para las agencias de viajes, ha sido meticulosamente elaborada para cumplir con los requisitos espec\u00edficos de las empresas en la industria de viajes y turismo en constante evoluci\u00f3n. Este tema de vanguardia cuenta con un dise\u00f1o totalmente sensible, que ofrece una gran cantidad de opciones de dise\u00f1o que muestran perfectamente sus paquetes de viaje excepcionales, destinos impresionantes, fotos cautivadoras y testimonios de clientes satisfechos. Enfatizando la importancia de la personalizaci\u00f3n, Travesia proporciona una amplia gama de opciones de personalizaci\u00f3n, lo que le permite alinear sin esfuerzo la apariencia y el ambiente de su sitio web con la identidad distintiva de su marca. Adem\u00e1s de su notable adaptabilidad, este tema abarca funcionalidades indispensables, como formularios de reserva f\u00e1ciles de usar, mesas de precios integrales y un constructor de p\u00e1ginas de arrastre intuitivo, que lo capacita para establecer sin esfuerzo una presencia autorizada y cautivadora en l\u00ednea para su est\u00e9til de viaje estimado. negocio.<\/p>\n","protected":false},"featured_media":168892,"comment_status":"open","ping_status":"open","template":"","meta":[],"product_brand":[2337],"product_cat":[1548,1237,1238],"product_tag":[1391],"class_list":{"0":"post-141334","1":"product","2":"type-product","3":"status-publish","4":"has-post-thumbnail","6":"product_brand-themeforest","7":"product_cat-resort-hotel","8":"product_cat-temas","9":"product_cat-wordpress-temas","10":"product_tag-themeforest","11":"member-discount","12":"discount-restricted","14":"first","15":"instock","16":"sale","17":"downloadable","18":"virtual","19":"sold-individually","20":"purchasable","21":"product-type-simple"},"_links":{"self":[{"href":"https:\/\/gpl-love.com\/es\/wp-json\/wp\/v2\/product\/141334","targetHints":{"allow":["GET"]}}],"collection":[{"href":"https:\/\/gpl-love.com\/es\/wp-json\/wp\/v2\/product"}],"about":[{"href":"https:\/\/gpl-love.com\/es\/wp-json\/wp\/v2\/types\/product"}],"replies":[{"embeddable":true,"href":"https:\/\/gpl-love.com\/es\/wp-json\/wp\/v2\/comments?post=141334"}],"wp:featuredmedia":[{"embeddable":true,"href":"https:\/\/gpl-love.com\/es\/wp-json\/wp\/v2\/media\/168892"}],"wp:attachment":[{"href":"https:\/\/gpl-love.com\/es\/wp-json\/wp\/v2\/media?parent=141334"}],"wp:term":[{"taxonomy":"product_brand","embeddable":true,"href":"https:\/\/gpl-love.com\/es\/wp-json\/wp\/v2\/product_brand?post=141334"},{"taxonomy":"product_cat","embeddable":true,"href":"https:\/\/gpl-love.com\/es\/wp-json\/wp\/v2\/product_cat?post=141334"},{"taxonomy":"product_tag","embeddable":true,"href":"https:\/\/gpl-love.com\/es\/wp-json\/wp\/v2\/product_tag?post=141334"}],"curies":[{"name":"wp","href":"https:\/\/api.w.org\/{rel}","templated":true}]}}