{"id":141333,"date":"2025-08-07T00:00:00","date_gmt":"2025-08-07T05:00:00","guid":{"rendered":"https:\/\/gpl-love.com\/es\/producto\/maia-jewelry-shop-wordpress-theme\/"},"modified":"2026-03-13T17:36:13","modified_gmt":"2026-03-13T22:36:13","slug":"maia-jewelry-shop-wordpress-theme","status":"publish","type":"product","link":"https:\/\/gpl-love.com\/es\/producto\/maia-jewelry-shop-wordpress-theme\/","title":{"rendered":"Maia Jewelry Shop WordPress Theme 1.1.20"},"content":{"rendered":"<h3>Maia Jewelry Shop WordPress Theme Caracteristicas<\/h3>\n<p>La joyer\u00eda de Maia ofrece una gran cantidad de caracter\u00edsticas incre\u00edbles que lo convierten en una opci\u00f3n impecable para joyas y tiendas de moda con el objetivo de establecer una tienda en l\u00ednea est\u00e9ticamente agradable y altamente eficiente. Su notable p\u00e1gina de inicio personalizable, gesti\u00f3n de productos sin esfuerzo, impresionantes galer\u00edas de productos, tipograf\u00eda adaptable y opciones de color, diversas plantillas de p\u00e1ginas e integraci\u00f3n de redes sociales sin problemas lo equipan colectivamente con todas las herramientas necesarias para elaborar una experiencia de compra inmersiva e inolvidable para sus estimados clientes.<\/p>\n<ul>\n<li>Tema de WordPress altamente personalizable dise\u00f1ado espec\u00edficamente para joyer\u00eda<\/li>\n<li>Dise\u00f1o elegante y moderno con un enfoque en exhibir productos de joyer\u00eda<\/li>\n<li>Instalaci\u00f3n de demostraci\u00f3n de un solo clic para configurar f\u00e1cilmente el tema y el sitio<\/li>\n<li>Compatible con WooCommerce e incluye plantillas de taller preconstruidas<\/li>\n<li>M\u00faltiples plantillas de p\u00e1gina para una f\u00e1cil personalizaci\u00f3n de contenido y dise\u00f1o<\/li>\n<li>Dise\u00f1o receptivo que se ve muy bien en todos los dispositivos<\/li>\n<li>Integraci\u00f3n de las redes sociales para compartir f\u00e1cilmente los productos<\/li>\n<li>Incluye un blog para compartir noticias y actualizaciones de la industria<\/li>\n<li>SEO optimizado para mejorar la clasificaci\u00f3n del motor de b\u00fasqueda<\/li>\n<li>Documentaci\u00f3n y soporte extenso para una f\u00e1cil configuraci\u00f3n y uso<\/li>\n<\/ul>\n","protected":false},"excerpt":{"rendered":"<p>El tema de WordPress de la joyer\u00eda de Maia, una plantilla exquisita y contempor\u00e1nea meticulosamente elaborada para exhibir la esencia de su estimada empresa de joyas y accesorios a escala global, irradia inequ\u00edvocamente elegancia y sofisticaci\u00f3n. Con dise\u00f1os impresionantes e interfaces f\u00e1ciles de usar que cautivan sin esfuerzo el ojo exigente, este tema abarca una variedad de caracter\u00edsticas impresionantes, que comprende una galer\u00eda de productos a medida, una integraci\u00f3n sin interrupciones con plataformas de redes sociales y un dise\u00f1o inherentemente receptivo, asegurando ingeniosamente que su sitio web Exuda la magnificencia y la perfecci\u00f3n en todos los tipos de dispositivos electr\u00f3nicos. Enriquecido con opciones sin esfuerzo navegables y personalizables, que acent\u00faan sin problemas la prominencia de sus productos y servicios incomparables, aproveche esta oportunidad de oro para impulsar el floreciente \u00e9xito de su empresa al adoptar el inesperado tema de joyer\u00eda de Maia WordPress.<\/p>\n","protected":false},"featured_media":168891,"comment_status":"open","ping_status":"open","template":"","meta":[],"product_brand":[2337],"product_cat":[1263,1264,1237],"product_tag":[1391],"class_list":{"0":"post-141333","1":"product","2":"type-product","3":"status-publish","4":"has-post-thumbnail","6":"product_brand-themeforest","7":"product_cat-comercio-electronico-temas","8":"product_cat-negocio","9":"product_cat-temas","10":"product_tag-themeforest","11":"member-discount","12":"discount-restricted","14":"first","15":"instock","16":"sale","17":"downloadable","18":"virtual","19":"sold-individually","20":"purchasable","21":"product-type-simple"},"_links":{"self":[{"href":"https:\/\/gpl-love.com\/es\/wp-json\/wp\/v2\/product\/141333","targetHints":{"allow":["GET"]}}],"collection":[{"href":"https:\/\/gpl-love.com\/es\/wp-json\/wp\/v2\/product"}],"about":[{"href":"https:\/\/gpl-love.com\/es\/wp-json\/wp\/v2\/types\/product"}],"replies":[{"embeddable":true,"href":"https:\/\/gpl-love.com\/es\/wp-json\/wp\/v2\/comments?post=141333"}],"wp:featuredmedia":[{"embeddable":true,"href":"https:\/\/gpl-love.com\/es\/wp-json\/wp\/v2\/media\/168891"}],"wp:attachment":[{"href":"https:\/\/gpl-love.com\/es\/wp-json\/wp\/v2\/media?parent=141333"}],"wp:term":[{"taxonomy":"product_brand","embeddable":true,"href":"https:\/\/gpl-love.com\/es\/wp-json\/wp\/v2\/product_brand?post=141333"},{"taxonomy":"product_cat","embeddable":true,"href":"https:\/\/gpl-love.com\/es\/wp-json\/wp\/v2\/product_cat?post=141333"},{"taxonomy":"product_tag","embeddable":true,"href":"https:\/\/gpl-love.com\/es\/wp-json\/wp\/v2\/product_tag?post=141333"}],"curies":[{"name":"wp","href":"https:\/\/api.w.org\/{rel}","templated":true}]}}