{"id":141332,"date":"2024-05-07T00:00:00","date_gmt":"2024-05-07T05:00:00","guid":{"rendered":"https:\/\/gpl-love.com\/es\/producto\/launchflows\/"},"modified":"2026-03-09T08:39:38","modified_gmt":"2026-03-09T13:39:38","slug":"launchflows","status":"publish","type":"product","link":"https:\/\/gpl-love.com\/es\/producto\/launchflows\/","title":{"rendered":"LaunchFlows 4.4.22"},"content":{"rendered":"<h3>LaunchFlows Caracteristicas<\/h3>\n<p>Launchflows es una herramienta altamente encomiable que ofrece asistencia invaluable a las empresas que buscan mejorar su embudo de ventas y reforzar sus tasas de conversi\u00f3n. En virtud de su constructor de p\u00e1ginas de arrastrar y soltar f\u00e1cilmente de uso de usuarios, una integraci\u00f3n perfecta con WooCommerce, plantillas meticulosamente elaboradas que producen altas tasas de conversi\u00f3n, la convocat\u00eda de ventas y ventas de venta de un solo clic, capacidades de recuperaci\u00f3n de carros abandonadas y la capacidad de la capacidad y la capacidad de la capacidad y la capacidad para Efectivamente rastrear las conversiones, el lanzamiento de Flows inequ\u00edvocamente proporciona todas las caracter\u00edsticas indispensables necesarias para la creaci\u00f3n de un embudo de ventas que est\u00e1 optimizado para conversiones m\u00e1ximas y crecimiento comercial exponencial.<\/p>\n<ul>\n<li>Proceso de lanzamiento eficiente y simplificado para empresas de todos los tama\u00f1os.<\/li>\n<li>Plantillas personalizables para adaptarse a cualquier oferta de productos o servicios.<\/li>\n<li>Flujos de trabajo automatizados para minimizar las tareas manuales y el error humano.<\/li>\n<li>Seguimiento anal\u00edtico en tiempo real para informaci\u00f3n sobre el \u00e9xito del lanzamiento.<\/li>\n<li>Integraci\u00f3n con plataformas populares de marketing y comercio electr\u00f3nico.<\/li>\n<li>Acceso de equipo colaborativo y herramientas de comunicaci\u00f3n.<\/li>\n<li>Escalable para acomodar el crecimiento de la compa\u00f1\u00eda y cambiar las necesidades de lanzamiento.<\/li>\n<li>Recursos dedicados de atenci\u00f3n al cliente y capacitaci\u00f3n.<\/li>\n<li>Almacenamiento de datos seguro y protecci\u00f3n de la privacidad.<\/li>\n<\/ul>\n","protected":false},"excerpt":{"rendered":"<p>Launchflows ofrece una soluci\u00f3n integral y altamente efectiva para las empresas con el objetivo de mejorar la eficiencia de su embudo de ventas y optimizar las tasas de conversi\u00f3n. Al aprovechar su interfaz f\u00e1cil de usar y su amplia gama de plantillas personalizables, Launchflows permite a los usuarios generar sin esfuerzo p\u00e1ginas de ventas visualmente atractivas, secuencias de correo electr\u00f3nico y p\u00e1ginas de pago en cuesti\u00f3n de minutos. Adem\u00e1s, la inclusi\u00f3n de una caracter\u00edstica de an\u00e1lisis robusto permite a los usuarios no solo monitorear, sino tambi\u00e9n evaluar el rendimiento de sus campa\u00f1as, facilitando as\u00ed los procesos de toma de decisiones basados \u200b\u200ben datos que finalmente conducen a una mayor generaci\u00f3n de ingresos. Independientemente de si opera una tienda de comercio electr\u00f3nico, sirve como vendedor digital o administra un negocio en l\u00ednea, LunderFlows se presenta como la respuesta final para maximizar sus cifras de ventas y lograr un notable retorno de la inversi\u00f3n (ROI).<\/p>\n","protected":false},"featured_media":168890,"comment_status":"open","ping_status":"open","template":"","meta":[],"product_brand":[2664],"product_cat":[1232,1206,1211],"product_tag":[2285],"class_list":{"0":"post-141332","1":"product","2":"type-product","3":"status-publish","4":"has-post-thumbnail","6":"product_brand-launchflows","7":"product_cat-marketing-wordpress-plugins","8":"product_cat-plugins","9":"product_cat-wordpress-plugins","10":"product_tag-launchflows","11":"member-discount","12":"discount-restricted","14":"first","15":"instock","16":"sale","17":"downloadable","18":"virtual","19":"sold-individually","20":"purchasable","21":"product-type-simple"},"_links":{"self":[{"href":"https:\/\/gpl-love.com\/es\/wp-json\/wp\/v2\/product\/141332","targetHints":{"allow":["GET"]}}],"collection":[{"href":"https:\/\/gpl-love.com\/es\/wp-json\/wp\/v2\/product"}],"about":[{"href":"https:\/\/gpl-love.com\/es\/wp-json\/wp\/v2\/types\/product"}],"replies":[{"embeddable":true,"href":"https:\/\/gpl-love.com\/es\/wp-json\/wp\/v2\/comments?post=141332"}],"wp:featuredmedia":[{"embeddable":true,"href":"https:\/\/gpl-love.com\/es\/wp-json\/wp\/v2\/media\/168890"}],"wp:attachment":[{"href":"https:\/\/gpl-love.com\/es\/wp-json\/wp\/v2\/media?parent=141332"}],"wp:term":[{"taxonomy":"product_brand","embeddable":true,"href":"https:\/\/gpl-love.com\/es\/wp-json\/wp\/v2\/product_brand?post=141332"},{"taxonomy":"product_cat","embeddable":true,"href":"https:\/\/gpl-love.com\/es\/wp-json\/wp\/v2\/product_cat?post=141332"},{"taxonomy":"product_tag","embeddable":true,"href":"https:\/\/gpl-love.com\/es\/wp-json\/wp\/v2\/product_tag?post=141332"}],"curies":[{"name":"wp","href":"https:\/\/api.w.org\/{rel}","templated":true}]}}