{"id":141278,"date":"2023-03-12T00:00:00","date_gmt":"2023-03-12T05:00:00","guid":{"rendered":"https:\/\/gpl-love.com\/es\/producto\/facebook-chat-for-amp\/"},"modified":"2026-03-09T08:39:36","modified_gmt":"2026-03-09T13:39:36","slug":"facebook-chat-for-amp","status":"publish","type":"product","link":"https:\/\/gpl-love.com\/es\/producto\/facebook-chat-for-amp\/","title":{"rendered":"Facebook Chat For AMP 1.2.6"},"content":{"rendered":"<h3>Facebook Chat For AMP Caracteristicas<\/h3>\n<p>El chat de Facebook para AMP es una herramienta incre\u00edblemente eficiente y f\u00e1cil de usar que ofrece a los usuarios la oportunidad de incorporar la funcionalidad de chat de Facebook en sus sitios web acelerados de p\u00e1ginas m\u00f3viles (AMP). Esta notable herramienta ofrece a los propietarios del sitio web la capacidad de ofrecer una experiencia de Messenger de Facebook familiar y confiable a sus usuarios, todo sin necesidad de que naveguen desde el sitio web. La integraci\u00f3n del chat de Facebook dentro de AMP garantiza una experiencia de usuario suave e ininterrumpida, reforzando el atractivo general y la funcionalidad del sitio web. A trav\u00e9s de la utilizaci\u00f3n de esta herramienta, los propietarios de sitios web pueden establecer sin esfuerzo conexiones con sus clientes y extender el soporte en tiempo real, lo que contribuye a niveles elevados de participaci\u00f3n y satisfacci\u00f3n del cliente. En esencia, la disponibilidad de Facebook Chat para AMP sirve como un activo indispensable para las empresas que aspiran a elevar su presencia en l\u00ednea y cultivar relaciones m\u00e1s fruct\u00edferas de los clientes.<\/p>\n<ul>\n<li>Integre sin esfuerzo el chat de Facebook en su sitio web de p\u00e1ginas m\u00f3viles aceleradas (AMP)<\/li>\n<li>Permita que los clientes se involucren f\u00e1cilmente con su marca a trav\u00e9s de Facebook Messenger desde sus p\u00e1ginas de AMP<\/li>\n<li>Aumentar la satisfacci\u00f3n del cliente con el soporte en tiempo real a trav\u00e9s del chat de Facebook<\/li>\n<li>Haz que sea conveniente que los visitantes compartan tus p\u00e1ginas de AMP con amigos y familiares a trav\u00e9s del chat de Facebook<\/li>\n<li>Widget de chat personalizable para que coincida con la est\u00e9tica y las preferencias de su marca<\/li>\n<li>Proceso de configuraci\u00f3n simple con instrucciones paso a paso y recursos de soporte disponibles<\/li>\n<li>No se requiere codificaci\u00f3n, por lo que es accesible para los propietarios de sitios web de todos los niveles de habilidad.<\/li>\n<li>Dise\u00f1o amigable para dispositivos m\u00f3viles para una experiencia de usuario perfecta en cualquier dispositivo<\/li>\n<li>Actualizaciones y mejoras regulares para mantenerse al d\u00eda con los \u00faltimos desarrollos y mejoras de Facebook.<\/li>\n<\/ul>\n","protected":false},"excerpt":{"rendered":"<p>El chat de Facebook para AMP es una herramienta incre\u00edblemente robusta y eficiente que facilita la comunicaci\u00f3n instant\u00e1nea y perfecta entre los visitantes de los sitios web y los propietarios de las p\u00e1ginas de Facebook. Al integrar perfectamente esta funcionalidad de chat en su sitio web utilizando AMP, puede comprometerse de manera efectiva y eficiente con su audiencia y proporcionarles r\u00e1pidamente las respuestas y soluciones que buscan. Este notable producto no solo ofrece un proceso de configuraci\u00f3n sencillo y sin problemas, sino que tambi\u00e9n ofrece amplias opciones de personalizaci\u00f3n y notificaciones de mensajer\u00eda en tiempo real, lo que le hace un activo indispensable para cualquier propietario de la p\u00e1gina de Facebook que desee mejorar y elevar su apoyo al cliente y comunicaci\u00f3n. esfuerzos.<\/p>\n","protected":false},"featured_media":168889,"comment_status":"open","ping_status":"open","template":"","meta":[],"product_brand":[2351],"product_cat":[1206,1579,1211],"product_tag":[2229],"class_list":{"0":"post-141278","1":"product","2":"type-product","3":"status-publish","4":"has-post-thumbnail","6":"product_brand-amp-wp","7":"product_cat-plugins","8":"product_cat-rendimiento","9":"product_cat-wordpress-plugins","10":"product_tag-amp-wp","11":"member-discount","12":"discount-restricted","14":"first","15":"instock","16":"sale","17":"downloadable","18":"virtual","19":"sold-individually","20":"purchasable","21":"product-type-simple"},"_links":{"self":[{"href":"https:\/\/gpl-love.com\/es\/wp-json\/wp\/v2\/product\/141278","targetHints":{"allow":["GET"]}}],"collection":[{"href":"https:\/\/gpl-love.com\/es\/wp-json\/wp\/v2\/product"}],"about":[{"href":"https:\/\/gpl-love.com\/es\/wp-json\/wp\/v2\/types\/product"}],"replies":[{"embeddable":true,"href":"https:\/\/gpl-love.com\/es\/wp-json\/wp\/v2\/comments?post=141278"}],"wp:featuredmedia":[{"embeddable":true,"href":"https:\/\/gpl-love.com\/es\/wp-json\/wp\/v2\/media\/168889"}],"wp:attachment":[{"href":"https:\/\/gpl-love.com\/es\/wp-json\/wp\/v2\/media?parent=141278"}],"wp:term":[{"taxonomy":"product_brand","embeddable":true,"href":"https:\/\/gpl-love.com\/es\/wp-json\/wp\/v2\/product_brand?post=141278"},{"taxonomy":"product_cat","embeddable":true,"href":"https:\/\/gpl-love.com\/es\/wp-json\/wp\/v2\/product_cat?post=141278"},{"taxonomy":"product_tag","embeddable":true,"href":"https:\/\/gpl-love.com\/es\/wp-json\/wp\/v2\/product_tag?post=141278"}],"curies":[{"name":"wp","href":"https:\/\/api.w.org\/{rel}","templated":true}]}}