{"id":141154,"date":"2024-12-10T00:00:00","date_gmt":"2024-12-10T05:00:00","guid":{"rendered":"https:\/\/gpl-love.com\/es\/producto\/wpml-wpforms\/"},"modified":"2026-03-09T08:39:35","modified_gmt":"2026-03-09T13:39:35","slug":"wpml-wpforms","status":"publish","type":"product","link":"https:\/\/gpl-love.com\/es\/producto\/wpml-wpforms\/","title":{"rendered":"WPML WPForms 0.4.1"},"content":{"rendered":"<h3>WPML WPForms Caracteristicas<\/h3>\n<p>WPML WPFORMS es un complemento excepcionalmente robusto que permite a sus usuarios la capacidad de traducir sin problemas y sin esfuerzo sus formas y encuestas meticulosamente elaboradas a una multitud de idiomas. La gran versatilidad de este complemento permite la creaci\u00f3n de formas en la lengua nativa, que posteriormente facilita la traducci\u00f3n de dichas formas en cualquier idioma deseado. Este atributo particular demuestra ser extremadamente ventajoso para las empresas que realizan sus operaciones en varias naciones, lo que requiere la capacidad de acomodar una variedad de clientes que poseen diversas capacidades ling\u00fc\u00edsticas. WPML WPFORMS se distingue a\u00fan m\u00e1s al ofrecer un repertorio extenso de caracter\u00edsticas adicionales, desde herramientas de construcci\u00f3n de forma de vanguardia hasta la integraci\u00f3n de un mecanismo de protecci\u00f3n de spam incorporado, lo que garantiza una experiencia de usuario \u00f3ptima. Adem\u00e1s, la adaptabilidad innata de este complemento a los dispositivos m\u00f3viles es otro testimonio de su dedicaci\u00f3n incomparable a la conveniencia del usuario. Por lo tanto, emerge inequ\u00edvocamente como la elecci\u00f3n por excelencia para cualquier individuo que aspira a las formas y encuestas biling\u00fces o multiling\u00fces de moda que exudan profesionalismo y al mismo tiempo permanecen amigables con el usuario.<\/p>\n<ul>\n<li>WPML WPFORMS es un complemento que le permite crear formularios de contacto multiling\u00fces para su sitio web de WordPress.<\/li>\n<li>Con el soporte WPML, puede traducir f\u00e1cilmente sus formularios a varios idiomas.<\/li>\n<li>El complemento es f\u00e1cil de usar y f\u00e1cil de usar, con un constructor de arrastrar y soltar para crear sus formularios.<\/li>\n<li>WPML WPFORMS se integra a la perfecci\u00f3n con otros complementos, como MailChimp y PayPal, para mejorar la funcionalidad de su sitio web.<\/li>\n<li>Puede agregar diferentes tipos de campos a sus formularios, incluidos el texto, el men\u00fa desplegable y la opci\u00f3n m\u00faltiple.<\/li>\n<li>El complemento incluye plantillas de formulario previamente construidas que puede usar para ahorrar tiempo y mejorar su flujo de trabajo.<\/li>\n<li>WPML WPFORMS es altamente personalizable, por lo que puede adaptar sus formularios a sus necesidades espec\u00edficas.<\/li>\n<li>El complemento se actualiza regularmente para garantizar la compatibilidad con las \u00faltimas versiones de WordPress y otros complementos.<\/li>\n<li>WPML WPFORMS tiene un dise\u00f1o receptivo, lo que facilita a los usuarios completar formularios en cualquier dispositivo.<\/li>\n<li>El complemento tambi\u00e9n incluye caracter\u00edsticas avanzadas, como la l\u00f3gica condicional y la protecci\u00f3n de spam, para ayudarlo a crear formas m\u00e1s complejas y seguras.<\/li>\n<\/ul>\n","protected":false},"excerpt":{"rendered":"<p>WPML WPFORMS, un complemento incre\u00edblemente potente, cuenta con la notable capacidad de permitir la funcionalidad multiling\u00fce dentro del generador de formulario WordPress ampliamente aclamado conocido como WPFORMS. Esta caracter\u00edstica innovadora faculta a los usuarios generar formas sin esfuerzo en m\u00faltiples idiomas y posteriormente traducirlos con la mayor facilidad, facilitando as\u00ed una comunicaci\u00f3n efectiva con una audiencia significativamente m\u00e1s amplia. Con un proceso de instalaci\u00f3n sin interrupciones y una interfaz f\u00e1cil de usar, este complemento se ha convertido en una herramienta indispensable para sitios web que buscan establecer una participaci\u00f3n de visitantes eficiente e impactante. Desbloquee todo el potencial de su sitio web integrando WPML WPFORMS para mejorar su usabilidad y fomentar la mayor participaci\u00f3n del usuario.<\/p>\n","protected":false},"featured_media":168888,"comment_status":"open","ping_status":"open","template":"","meta":[],"product_brand":[2353],"product_cat":[1216,1206,1211],"product_tag":[1451],"class_list":{"0":"post-141154","1":"product","2":"type-product","3":"status-publish","4":"has-post-thumbnail","6":"product_brand-wpml","7":"product_cat-formas","8":"product_cat-plugins","9":"product_cat-wordpress-plugins","10":"product_tag-wpml","11":"member-discount","12":"discount-restricted","14":"first","15":"instock","16":"sale","17":"downloadable","18":"virtual","19":"sold-individually","20":"purchasable","21":"product-type-simple"},"_links":{"self":[{"href":"https:\/\/gpl-love.com\/es\/wp-json\/wp\/v2\/product\/141154","targetHints":{"allow":["GET"]}}],"collection":[{"href":"https:\/\/gpl-love.com\/es\/wp-json\/wp\/v2\/product"}],"about":[{"href":"https:\/\/gpl-love.com\/es\/wp-json\/wp\/v2\/types\/product"}],"replies":[{"embeddable":true,"href":"https:\/\/gpl-love.com\/es\/wp-json\/wp\/v2\/comments?post=141154"}],"wp:featuredmedia":[{"embeddable":true,"href":"https:\/\/gpl-love.com\/es\/wp-json\/wp\/v2\/media\/168888"}],"wp:attachment":[{"href":"https:\/\/gpl-love.com\/es\/wp-json\/wp\/v2\/media?parent=141154"}],"wp:term":[{"taxonomy":"product_brand","embeddable":true,"href":"https:\/\/gpl-love.com\/es\/wp-json\/wp\/v2\/product_brand?post=141154"},{"taxonomy":"product_cat","embeddable":true,"href":"https:\/\/gpl-love.com\/es\/wp-json\/wp\/v2\/product_cat?post=141154"},{"taxonomy":"product_tag","embeddable":true,"href":"https:\/\/gpl-love.com\/es\/wp-json\/wp\/v2\/product_tag?post=141154"}],"curies":[{"name":"wp","href":"https:\/\/api.w.org\/{rel}","templated":true}]}}