{"id":141153,"date":"2026-04-16T00:00:00","date_gmt":"2026-04-16T05:00:00","guid":{"rendered":"https:\/\/gpl-love.com\/es\/producto\/ultimate-video-player\/"},"modified":"2026-04-16T17:17:18","modified_gmt":"2026-04-16T22:17:18","slug":"ultimate-video-player","status":"publish","type":"product","link":"https:\/\/gpl-love.com\/es\/producto\/ultimate-video-player\/","title":{"rendered":"Ultimate Video Player 11.0"},"content":{"rendered":"<h3>Ultimate Video Player Caracteristicas<\/h3>\n<p>El mejor reproductor de video, conocido por su excepcional calidad de reproducci\u00f3n de video y compatibilidad con los \u00faltimos formatos de video, es un reproductor multimedia de alto rendimiento. Con su interfaz f\u00e1cil de usar, navegar y controlar la reproducci\u00f3n de video es muy f\u00e1cil. No solo ofrece soporte de subt\u00edtulos, sino que tambi\u00e9n cuenta con controles de video personalizables y la capacidad de reproducir videos de varias fuentes, desde archivos locales hasta plataformas en l\u00ednea populares como YouTube y Vimeo. Este reproductor de video vers\u00e1til es la opci\u00f3n ideal para los usuarios que buscan una soluci\u00f3n poderosa e intuitiva para cumplir con todos sus requisitos de reproducci\u00f3n de video.<\/p>\n<ul>\n<li>Reproducci\u00f3n de video de alta calidad con soporte HD y 4K<\/li>\n<li>Interfaz personalizable con controles f\u00e1ciles de usar<\/li>\n<li>Integraci\u00f3n perfecta con plataformas de video populares (YouTube, Vimeo, etc.)<\/li>\n<li>Capacidad para transmitir contenido de video en vivo<\/li>\n<li>Herramientas de gesti\u00f3n de listas de reproducci\u00f3n y cap\u00edtulos robustos<\/li>\n<li>Opciones para bucle de video y reproducci\u00f3n autom\u00e1tica<\/li>\n<li>Soporte de subt\u00edtulos y subt\u00edtulos cerrados<\/li>\n<li>Compatibilidad con una amplia variedad de formatos de archivo de video<\/li>\n<li>An\u00e1lisis de video avanzado para rastrear la audiencia y la participaci\u00f3n<\/li>\n<li>Documentaci\u00f3n integral y atenci\u00f3n al cliente confiable.<\/li>\n<\/ul>\n","protected":false},"excerpt":{"rendered":"<p>Descubra el ep\u00edtome de un reproductor de video que abarca la tecnolog\u00eda de vanguardia de la entrada, ofreciendo una amplia gama de caracter\u00edsticas que atienden a todos los formatos de video prevalentes y garantizan una reproducci\u00f3n impecable en cualquier dispositivo. Con controles personalizables y una plataforma integrada sin problemas con sus servicios de transmisi\u00f3n preferidos, el reproductor de video de entrada no solo garantiza una experiencia de visualizaci\u00f3n incomparable, sino que tambi\u00e9n facilita sin esfuerzo la exploraci\u00f3n y el consumo de su contenido querido. Eleve su reproductor de video a nuevas alturas adoptando las capacidades transformadoras de la entrada hoy.<\/p>\n","protected":false},"featured_media":168887,"comment_status":"open","ping_status":"open","template":"","meta":[],"product_brand":[2339],"product_cat":[1214,1206,1211],"product_tag":[1256],"class_list":{"0":"post-141153","1":"product","2":"type-product","3":"status-publish","4":"has-post-thumbnail","6":"product_brand-codecanyon","7":"product_cat-personalizacion","8":"product_cat-plugins","9":"product_cat-wordpress-plugins","10":"product_tag-codecanyon","11":"member-discount","12":"discount-restricted","14":"first","15":"instock","16":"sale","17":"downloadable","18":"virtual","19":"sold-individually","20":"purchasable","21":"product-type-simple"},"_links":{"self":[{"href":"https:\/\/gpl-love.com\/es\/wp-json\/wp\/v2\/product\/141153","targetHints":{"allow":["GET"]}}],"collection":[{"href":"https:\/\/gpl-love.com\/es\/wp-json\/wp\/v2\/product"}],"about":[{"href":"https:\/\/gpl-love.com\/es\/wp-json\/wp\/v2\/types\/product"}],"replies":[{"embeddable":true,"href":"https:\/\/gpl-love.com\/es\/wp-json\/wp\/v2\/comments?post=141153"}],"wp:featuredmedia":[{"embeddable":true,"href":"https:\/\/gpl-love.com\/es\/wp-json\/wp\/v2\/media\/168887"}],"wp:attachment":[{"href":"https:\/\/gpl-love.com\/es\/wp-json\/wp\/v2\/media?parent=141153"}],"wp:term":[{"taxonomy":"product_brand","embeddable":true,"href":"https:\/\/gpl-love.com\/es\/wp-json\/wp\/v2\/product_brand?post=141153"},{"taxonomy":"product_cat","embeddable":true,"href":"https:\/\/gpl-love.com\/es\/wp-json\/wp\/v2\/product_cat?post=141153"},{"taxonomy":"product_tag","embeddable":true,"href":"https:\/\/gpl-love.com\/es\/wp-json\/wp\/v2\/product_tag?post=141153"}],"curies":[{"name":"wp","href":"https:\/\/api.w.org\/{rel}","templated":true}]}}