{"id":141151,"date":"2026-03-26T00:00:00","date_gmt":"2026-03-26T05:00:00","guid":{"rendered":"https:\/\/gpl-love.com\/es\/producto\/vault-multipurpose-elementor-wordpress-theme\/"},"modified":"2026-03-26T17:16:41","modified_gmt":"2026-03-26T22:16:41","slug":"vault-multipurpose-elementor-wordpress-theme","status":"publish","type":"product","link":"https:\/\/gpl-love.com\/es\/producto\/vault-multipurpose-elementor-wordpress-theme\/","title":{"rendered":"Vault Multipurpose Elementor WordPress Theme 3.3.1"},"content":{"rendered":"<h3>Vault Multipurpose Elementor WordPress Theme Caracteristicas<\/h3>\n<p>El tema de WordPress de Vault MultipurSose ElementRor es un tema de WordPress incre\u00edblemente vers\u00e1til y exquisitamente elegante que est\u00e1 espec\u00edficamente dise\u00f1ado para facilitar la creaci\u00f3n de un sitio web profesional y muy atractivo. Con un constructor de p\u00e1ginas de elementor incre\u00edblemente intuitivo y f\u00e1cil de usar, este tema le permite adaptar sin esfuerzo su sitio web de acuerdo con sus requisitos y preferencias personales \u00fanicas. Lo que distingue a este tema es su amplia gama de plantillas predise\u00f1adas, widgets y m\u00f3dulos, todos los cuales son fundamentales para permitirle elaborar p\u00e1ginas web visualmente cautivadoras y agradables est\u00e9ticamente sin necesitar ninguna experiencia de codificaci\u00f3n o conocimiento previo. Adem\u00e1s, es imperativo mencionar que este tema es totalmente receptivo y meticulosamente optimizado para los tiempos de carga acelerados, asegurando as\u00ed una experiencia de usuario ininterrumpida y sin problemas para todos sus apreciados visitantes. Ya sea que aspire a desarrollar una cartera fascinante, un blog atractivo o incluso una plataforma de comercio electr\u00f3nico elaborada, tenga la seguridad de que el tema de WordPress de Vault MultipurSose WordPress lo ha cubierto de manera integral. En virtud de su confiabilidad inquebrantable y su formidable poder, esta ingeniosa soluci\u00f3n le permitir\u00e1 fabricar un sitio web espl\u00e9ndido, din\u00e1mico y altamente funcional en un santiam\u00e9n.<\/p>\n<ul>\n<li>Opciones de dise\u00f1o totalmente personalizables y flexibles<\/li>\n<li>Dise\u00f1o de respuesta m\u00f3vil para navegaci\u00f3n sin costuras en todos los dispositivos<\/li>\n<li>Compatible con Elementor Pro y totalmente compatible con el editor de Gutenberg<\/li>\n<li>Viene con demostraciones preconstruidas para una f\u00e1cil configuraci\u00f3n y personalizaci\u00f3n<\/li>\n<li>Cuenta con un potente constructor de p\u00e1ginas de arrastrar y soltar para una f\u00e1cil personalizaci\u00f3n<\/li>\n<li>Incluye una amplia gama de widgets para mostrar contenido y funcionalidad.<\/li>\n<li>Dise\u00f1os m\u00faltiples de encabezado y pie de p\u00e1gina para elegir<\/li>\n<li>SEO optimizado para una mejor clasificaci\u00f3n de motores de b\u00fasqueda<\/li>\n<li>Lista de traducci\u00f3n para su uso en varios idiomas<\/li>\n<li>Integraci\u00f3n f\u00e1cil con complementos populares como WooCommerce y el Formulario de contacto 7<\/li>\n<li>Actualizaciones regulares y apoyo del equipo de desarrollo.<\/li>\n<\/ul>\n","protected":false},"excerpt":{"rendered":"<p>El tema de WordPress de Vault MultipurSose WordPress, reconocido por su versatilidad y naturaleza f\u00e1cil de usar, sirve como una soluci\u00f3n de dise\u00f1o ejemplar para aquellos que buscan crear sitios web visuales y profesionales. Impulsado por el notable constructor de p\u00e1ginas Elementor, este tema presenta una extensa variedad de p\u00e1ginas y dise\u00f1os predise\u00f1ados, adaptados para atender varios nichos y objetivos. Equipado con una variedad de opciones de personalizaci\u00f3n avanzada, como una interfaz de arrastrar y soltar f\u00e1cilmente con usuarios, una variedad de caracter\u00edsticas y widgets atractivos, as\u00ed como un panel de opciones de tema integral, este tema facilita la creaci\u00f3n sin esfuerzo de sitios web distintivos y cautivadores . Con una capacidad de respuesta perfecta y velocidades de carga r\u00e1pida, este tema demuestra ser una opci\u00f3n ideal para cualquier tipo de sitio web, ya sea una cartera, blog, negocios o plataforma de comercio electr\u00f3nico.<\/p>\n","protected":false},"featured_media":168885,"comment_status":"open","ping_status":"open","template":"","meta":[],"product_brand":[2337],"product_cat":[1239,1237,1238],"product_tag":[1391],"class_list":{"0":"post-141151","1":"product","2":"type-product","3":"status-publish","4":"has-post-thumbnail","6":"product_brand-themeforest","7":"product_cat-de-multiples-fines","8":"product_cat-temas","9":"product_cat-wordpress-temas","10":"product_tag-themeforest","11":"member-discount","12":"discount-restricted","14":"first","15":"instock","16":"sale","17":"downloadable","18":"virtual","19":"sold-individually","20":"purchasable","21":"product-type-simple"},"_links":{"self":[{"href":"https:\/\/gpl-love.com\/es\/wp-json\/wp\/v2\/product\/141151","targetHints":{"allow":["GET"]}}],"collection":[{"href":"https:\/\/gpl-love.com\/es\/wp-json\/wp\/v2\/product"}],"about":[{"href":"https:\/\/gpl-love.com\/es\/wp-json\/wp\/v2\/types\/product"}],"replies":[{"embeddable":true,"href":"https:\/\/gpl-love.com\/es\/wp-json\/wp\/v2\/comments?post=141151"}],"wp:featuredmedia":[{"embeddable":true,"href":"https:\/\/gpl-love.com\/es\/wp-json\/wp\/v2\/media\/168885"}],"wp:attachment":[{"href":"https:\/\/gpl-love.com\/es\/wp-json\/wp\/v2\/media?parent=141151"}],"wp:term":[{"taxonomy":"product_brand","embeddable":true,"href":"https:\/\/gpl-love.com\/es\/wp-json\/wp\/v2\/product_brand?post=141151"},{"taxonomy":"product_cat","embeddable":true,"href":"https:\/\/gpl-love.com\/es\/wp-json\/wp\/v2\/product_cat?post=141151"},{"taxonomy":"product_tag","embeddable":true,"href":"https:\/\/gpl-love.com\/es\/wp-json\/wp\/v2\/product_tag?post=141151"}],"curies":[{"name":"wp","href":"https:\/\/api.w.org\/{rel}","templated":true}]}}