{"id":141150,"date":"2025-07-19T00:00:00","date_gmt":"2025-07-19T05:00:00","guid":{"rendered":"https:\/\/gpl-love.com\/es\/producto\/wp-latest-posts-pro-addon\/"},"modified":"2026-03-09T08:39:30","modified_gmt":"2026-03-09T13:39:30","slug":"wp-latest-posts-pro-addon","status":"publish","type":"product","link":"https:\/\/gpl-love.com\/es\/producto\/wp-latest-posts-pro-addon\/","title":{"rendered":"WP Latest Posts Pro Addon 4.7.0"},"content":{"rendered":"<h3>WP Latest Posts Pro Addon Caracteristicas<\/h3>\n<p>El \u00faltimo WP Posts Pro Addon es una extensi\u00f3n incre\u00edblemente robusta y poderosa para el sistema de gesti\u00f3n de contenido muy popular, WordPress. Este notable complemento faculta a los usuarios la capacidad de exhibir sin esfuerzo las publicaciones m\u00e1s recientes de su sitio web en una multitud de formatos diversos y cautivadores. Al utilizar este ingenioso complemento, a los usuarios se les otorga la libertad y la flexibilidad para construir publicaciones personalizadas, cuadr\u00edculas y controles deslizantes que se adapten perfectamente a una variedad de dispositivos y tama\u00f1os de pantalla, asegurando una experiencia de usuario \u00f3ptima e inmersiva. Adem\u00e1s, el complemento abarca una variedad de caracter\u00edsticas sofisticadas y de vanguardia que est\u00e1n dise\u00f1adas para elevar y mejorar la funcionalidad general y la est\u00e9tica de un sitio web. Estos incluyen, entre otros, no se limitan a la integraci\u00f3n de m\u00faltiples filtros post, la inclusi\u00f3n de tipos de publicaci\u00f3n personalizados y la provisi\u00f3n de opciones de paginaci\u00f3n. Es este conjunto completo de herramientas y funcionalidades que permite a los usuarios crear un sitio web elegante y sofisticado sin esfuerzo y eficiente que exude la profesionalidad y la sofisticaci\u00f3n. Por lo tanto, ya sea que usted sea un \u00e1vido blogger, un vendedor inteligente o un propietario de un negocio din\u00e1mico, el WP Last Posts Pro Addon se considera una herramienta indispensable e invaluable que sin duda revolucionar\u00e1 la forma en que administra y presenta el contenido convincente y cautivador de su sitio web.<\/p>\n<ul>\n<li>Proporciona una forma elegante y personalizable de mostrar sus \u00faltimas publicaciones de WordPress en su sitio web.<\/li>\n<li>Ofrece m\u00faltiples opciones de dise\u00f1o para elegir, incluidas la cuadr\u00edcula, el control deslizante, la lista y la mamposter\u00eda.<\/li>\n<li>Le permite especificar qu\u00e9 categor\u00edas de publicaciones mostrar, brind\u00e1ndole un mayor control sobre su contenido.<\/li>\n<li>Cuenta con un sistema de almacenamiento de cach\u00e9 incorporado para un rendimiento mejorado y tiempos de carga de p\u00e1gina m\u00e1s r\u00e1pidos.<\/li>\n<li>Incluye una gama de opciones de personalizaci\u00f3n para elementos como t\u00edtulos de publicaci\u00f3n, im\u00e1genes destacadas y meta datos.<\/li>\n<li>Compatible con una amplia gama de temas y complementos de WordPress.<\/li>\n<li>Proporciona documentaci\u00f3n detallada y soporte r\u00e1pido del desarrollador.<\/li>\n<li>Actualizado regularmente con nuevas funciones y correcciones de errores para garantizar un rendimiento \u00f3ptimo.<\/li>\n<\/ul>\n","protected":false},"excerpt":{"rendered":"<p>El \u00faltimo WP Posts Pro Addon es una herramienta incre\u00edblemente robusta y eficiente que permite a los usuarios mostrar sin esfuerzo sus publicaciones de blog de WordPress m\u00e1s actualizadas en cualquier secci\u00f3n de su sitio web. Al ofrecer una amplia gama de dise\u00f1os y estilos personalizables, este complemento permite a las personas resaltar efectivamente su contenido m\u00e1s fresco y atractivo, asegurando que los visitantes de su sitio permanezcan cautivados y absortos en su material. Sorprendentemente, este notable complemento es totalmente compatible con los constructores de p\u00e1ginas de Elementor y Beaver Builder, proporcionando as\u00ed a los usuarios una interfaz f\u00e1cil de navegar que puede integrarse perfectamente en su sitio web existente con solo unos pocos clics simples. Adem\u00e1s, con la notable capacidad de filtrar puestos en funci\u00f3n de sus respectivas categor\u00edas, etiquetas o autores, las personas pueden organizar y presentar de manera eficiente sus temas espec\u00edficos de inter\u00e9s, lo que mejora significativamente la experiencia general del usuario y la accesibilidad para sus valiosos visitantes. No pierda el tiempo en la adquisici\u00f3n de WP Last Posts Pro Addon hoy, y desbloquee un reino completamente nuevo de posibilidades ilimitadas para su estimado blog de WordPress.<\/p>\n","protected":false},"featured_media":168884,"comment_status":"open","ping_status":"open","template":"","meta":[],"product_brand":[2622],"product_cat":[1212,1206,1211],"product_tag":[1493],"class_list":{"0":"post-141150","1":"product","2":"type-product","3":"status-publish","4":"has-post-thumbnail","6":"product_brand-joomunited","7":"product_cat-administracion-wordpress-plugins","8":"product_cat-plugins","9":"product_cat-wordpress-plugins","10":"product_tag-joomunited","11":"member-discount","12":"discount-restricted","14":"first","15":"instock","16":"sale","17":"downloadable","18":"virtual","19":"sold-individually","20":"purchasable","21":"product-type-simple"},"_links":{"self":[{"href":"https:\/\/gpl-love.com\/es\/wp-json\/wp\/v2\/product\/141150","targetHints":{"allow":["GET"]}}],"collection":[{"href":"https:\/\/gpl-love.com\/es\/wp-json\/wp\/v2\/product"}],"about":[{"href":"https:\/\/gpl-love.com\/es\/wp-json\/wp\/v2\/types\/product"}],"replies":[{"embeddable":true,"href":"https:\/\/gpl-love.com\/es\/wp-json\/wp\/v2\/comments?post=141150"}],"wp:featuredmedia":[{"embeddable":true,"href":"https:\/\/gpl-love.com\/es\/wp-json\/wp\/v2\/media\/168884"}],"wp:attachment":[{"href":"https:\/\/gpl-love.com\/es\/wp-json\/wp\/v2\/media?parent=141150"}],"wp:term":[{"taxonomy":"product_brand","embeddable":true,"href":"https:\/\/gpl-love.com\/es\/wp-json\/wp\/v2\/product_brand?post=141150"},{"taxonomy":"product_cat","embeddable":true,"href":"https:\/\/gpl-love.com\/es\/wp-json\/wp\/v2\/product_cat?post=141150"},{"taxonomy":"product_tag","embeddable":true,"href":"https:\/\/gpl-love.com\/es\/wp-json\/wp\/v2\/product_tag?post=141150"}],"curies":[{"name":"wp","href":"https:\/\/api.w.org\/{rel}","templated":true}]}}