{"id":140854,"date":"2023-05-19T00:00:00","date_gmt":"2023-05-19T05:00:00","guid":{"rendered":"https:\/\/gpl-love.com\/es\/producto\/share-logins-pro\/"},"modified":"2026-03-09T08:39:29","modified_gmt":"2026-03-09T13:39:29","slug":"share-logins-pro","status":"publish","type":"product","link":"https:\/\/gpl-love.com\/es\/producto\/share-logins-pro\/","title":{"rendered":"Share Logins Pro 5.3"},"content":{"rendered":"<h3>Share Logins Pro Caracteristicas<\/h3>\n<p>Share Logins Pro, una herramienta de administraci\u00f3n de contrase\u00f1as de gran prestigio, proporciona a los usuarios la capacidad de almacenar y compartir de forma segura las credenciales de inicio de sesi\u00f3n con su equipo. Cuenta con una interfaz f\u00e1cil de usar y caracter\u00edsticas de seguridad robustas, lo que lo convierte en una herramienta indispensable para organizaciones de todos los tama\u00f1os. Al utilizar los inicios de sesi\u00f3n de Share Pro, los usuarios pueden otorgar acceso sin esfuerzo a los miembros del equipo, ejercer control sobre los permisos y monitorear las actividades de inicio de sesi\u00f3n para reforzar las medidas de seguridad. Adem\u00e1s, esta herramienta ofrece una gran cantidad de caracter\u00edsticas dise\u00f1adas para optimizar el flujo de trabajo, como un generador de contrase\u00f1as, funcionalidad de relleno autom\u00e1tico y opciones de intercambio seguras que garantizan la protecci\u00f3n perpetua de datos confidenciales. En esencia, Share Logins Pro se presenta como una opci\u00f3n excepcional para las empresas que buscan simplificar los procesos de gesti\u00f3n de contrase\u00f1as y fortalecer sus protocolos de seguridad.<\/p>\n<ul>\n<li>Ayuda a administrar y compartir credenciales de inicio de sesi\u00f3n de forma segura<\/li>\n<li>Habilita la colaboraci\u00f3n y conveniencia del equipo<\/li>\n<li>Relevante la administraci\u00f3n de contrase\u00f1as con un solo inicio de sesi\u00f3n para todas las cuentas<\/li>\n<li>Permisos de usuario personalizables y control de acceso<\/li>\n<li>Reduce el riesgo de p\u00e9rdida de contrase\u00f1a, robo o mal uso<\/li>\n<li>Aumenta la productividad a trav\u00e9s de la gesti\u00f3n eficiente de las credenciales de inicio de sesi\u00f3n<\/li>\n<li>Compatible con diferentes plataformas y dispositivos<\/li>\n<li>Proporciona registros de acceso detallados y seguimiento del historial<\/li>\n<li>F\u00e1cil de configurar y usar con una interfaz f\u00e1cil de usar<\/li>\n<li>Ofrece atenci\u00f3n al cliente y actualizaciones regulares<\/li>\n<\/ul>\n","protected":false},"excerpt":{"rendered":"<p>Share Logins Pro es una soluci\u00f3n de software muy aclamada que tiene como objetivo optimizar y simplificar la ardua tarea de iniciar sesi\u00f3n en m\u00faltiples cuentas en l\u00ednea. Al utilizar los inicios de sesi\u00f3n de Share Pro, los usuarios pueden compartir de manera segura y con confianza sus credenciales de inicio de sesi\u00f3n con los miembros de su equipo, eliminando efectivamente la carga de tener que recordar una variedad de nombres de usuario y contrase\u00f1as. Las caracter\u00edsticas de cifrado avanzadas se integran en el software, aumentando el nivel de seguridad y asegurando que solo las personas a las que se les ha otorgado la autorizaci\u00f3n se puede acceder a las cuentas designadas. Con los inicios de sesi\u00f3n de Share Pro a su disposici\u00f3n, tiene la capacidad de optimizar el flujo de trabajo de su equipo, mantener un sentido de orden y organizaci\u00f3n y mejorar significativamente la productividad general. No dude por m\u00e1s tiempo: adquirir Compartir los inicios de sesi\u00f3n Pro hoy y sumergirse en el mundo de la administraci\u00f3n de cuentas en l\u00ednea perfecta.<\/p>\n","protected":false},"featured_media":168883,"comment_status":"open","ping_status":"open","template":"","meta":[],"product_brand":[2662],"product_cat":[1212,1206,1211],"product_tag":[2283],"class_list":{"0":"post-140854","1":"product","2":"type-product","3":"status-publish","4":"has-post-thumbnail","6":"product_brand-codexpert","7":"product_cat-administracion-wordpress-plugins","8":"product_cat-plugins","9":"product_cat-wordpress-plugins","10":"product_tag-codexpert","11":"member-discount","12":"discount-restricted","14":"first","15":"instock","16":"sale","17":"downloadable","18":"virtual","19":"sold-individually","20":"purchasable","21":"product-type-simple"},"_links":{"self":[{"href":"https:\/\/gpl-love.com\/es\/wp-json\/wp\/v2\/product\/140854","targetHints":{"allow":["GET"]}}],"collection":[{"href":"https:\/\/gpl-love.com\/es\/wp-json\/wp\/v2\/product"}],"about":[{"href":"https:\/\/gpl-love.com\/es\/wp-json\/wp\/v2\/types\/product"}],"replies":[{"embeddable":true,"href":"https:\/\/gpl-love.com\/es\/wp-json\/wp\/v2\/comments?post=140854"}],"wp:featuredmedia":[{"embeddable":true,"href":"https:\/\/gpl-love.com\/es\/wp-json\/wp\/v2\/media\/168883"}],"wp:attachment":[{"href":"https:\/\/gpl-love.com\/es\/wp-json\/wp\/v2\/media?parent=140854"}],"wp:term":[{"taxonomy":"product_brand","embeddable":true,"href":"https:\/\/gpl-love.com\/es\/wp-json\/wp\/v2\/product_brand?post=140854"},{"taxonomy":"product_cat","embeddable":true,"href":"https:\/\/gpl-love.com\/es\/wp-json\/wp\/v2\/product_cat?post=140854"},{"taxonomy":"product_tag","embeddable":true,"href":"https:\/\/gpl-love.com\/es\/wp-json\/wp\/v2\/product_tag?post=140854"}],"curies":[{"name":"wp","href":"https:\/\/api.w.org\/{rel}","templated":true}]}}