{"id":140421,"date":"2026-03-20T00:00:00","date_gmt":"2026-03-20T05:00:00","guid":{"rendered":"https:\/\/gpl-love.com\/es\/producto\/user-registration-activecampaign-1-0-0\/"},"modified":"2026-03-20T17:16:44","modified_gmt":"2026-03-20T22:16:44","slug":"user-registration-activecampaign-1-0-0","status":"publish","type":"product","link":"https:\/\/gpl-love.com\/es\/producto\/user-registration-activecampaign-1-0-0\/","title":{"rendered":"User Registration ActiveCampaign 1.1.10"},"content":{"rendered":"<h3>User Registration ActiveCampaign Caracteristicas<\/h3>\n<p>El registro de usuarios ActiveCampaign es una herramienta incre\u00edblemente robusta y eficiente que sirve como un recurso invaluable para empresas y organizaciones que buscan racionalizar y optimizar su proceso de registro. Ofreciendo una conveniencia y simplicidad incomparables, los usuarios pueden registrarse sin esfuerzo para una amplia gama de eventos, membres\u00edas y otras actividades con solo unos pocos clics directos. Adem\u00e1s, esta herramienta din\u00e1mica permite a las empresas recopilar y compilar informaci\u00f3n vital de sus usuarios, que abarca detalles cruciales como la informaci\u00f3n de contacto y las preferencias, que posteriormente se pueden utilizar para alimentar futuras iniciativas de marketing y esfuerzos de divulgaci\u00f3n. Lo que distingue al registro del usuario Activecampaign como verdaderamente excepcional es su notable facilidad de uso y adaptabilidad, lo que permite a las empresas adaptar a la perfecci\u00f3n sus formularios de registro para alinearse sin problemas con su marca y especificaciones \u00fanicas. Con la ayuda de esta notable herramienta, las empresas est\u00e1n preparadas para mejorar y elevar su experiencia del usuario, lo que genera niveles elevados de compromiso y tasas de conversi\u00f3n.<\/p>\n<ul>\n<li>Configuraci\u00f3n e integraci\u00f3n f\u00e1cil con ActiveCampaign<\/li>\n<li>Proceso integral de registro del usuario<\/li>\n<li>Campos de registro personalizables para informaci\u00f3n espec\u00edfica del usuario<\/li>\n<li>Notificaciones de correo electr\u00f3nico automatizadas para un registro exitoso<\/li>\n<li>Capacidad para rastrear la actividad del usuario y la participaci\u00f3n dentro de Activecampaign<\/li>\n<li>Conexi\u00f3n perfecta con otras herramientas de marketing de ActiveCampaign para campa\u00f1as espec\u00edficas<\/li>\n<li>Datos de usuario seguros y protegidos con configuraci\u00f3n de cifrado y privacidad<\/li>\n<li>Interfaz f\u00e1cil de usar tanto para administrador como para usuarios<\/li>\n<li>Informes y an\u00e1lisis incorporados para mejores informaci\u00f3n sobre el comportamiento y el rendimiento del usuario<\/li>\n<li>Soluci\u00f3n escalable para empresas y organizaciones en crecimiento.<\/li>\n<\/ul>\n","protected":false},"excerpt":{"rendered":"<p>El registro de usuarios ActiveCampaign es una herramienta excepcionalmente potente que le permite incorporar sin esfuerzo los formularios de registro del usuario en su cuenta de ActiveCampaign, lo que le da una experiencia sin costuras y cohesivas. Este complemento impresionante cuenta con una usabilidad sin esfuerzo, lo que le permite forjar formularios de registro a medida que capturan con precisi\u00f3n la informaci\u00f3n requerida de sus estimados usuarios. Posteriormente, una vez que estos usuarios se han registrado con \u00e9xito, su informaci\u00f3n invaluable se adjunta autom\u00e1ticamente a su cuenta de ActiveCampaign, que culmin\u00f3 en un enfoque simplificado para el seguimiento, la participaci\u00f3n y la comunicaci\u00f3n de manera efectiva con sus estimados usuarios. Al aprovechar el registro del usuario ActivEcampaign, puede asegurarse de que la totalidad de sus estimados datos de usuario se sincronice armoniosamente dentro de una ubicaci\u00f3n solitaria y centralizada, marcando as\u00ed en una era de eficacia incomparable en la gesti\u00f3n de la informaci\u00f3n del usuario, as\u00ed como cultivaci\u00f3n y fomento de relaciones de usuario invaluables. .<\/p>\n","protected":false},"featured_media":168882,"comment_status":"open","ping_status":"open","template":"","meta":[],"product_brand":[2585],"product_cat":[1214,1206,1211],"product_tag":[2159],"class_list":{"0":"post-140421","1":"product","2":"type-product","3":"status-publish","4":"has-post-thumbnail","6":"product_brand-wpeverest","7":"product_cat-personalizacion","8":"product_cat-plugins","9":"product_cat-wordpress-plugins","10":"product_tag-wpeverest","11":"member-discount","12":"discount-restricted","14":"first","15":"instock","16":"sale","17":"downloadable","18":"virtual","19":"sold-individually","20":"purchasable","21":"product-type-simple"},"_links":{"self":[{"href":"https:\/\/gpl-love.com\/es\/wp-json\/wp\/v2\/product\/140421","targetHints":{"allow":["GET"]}}],"collection":[{"href":"https:\/\/gpl-love.com\/es\/wp-json\/wp\/v2\/product"}],"about":[{"href":"https:\/\/gpl-love.com\/es\/wp-json\/wp\/v2\/types\/product"}],"replies":[{"embeddable":true,"href":"https:\/\/gpl-love.com\/es\/wp-json\/wp\/v2\/comments?post=140421"}],"wp:featuredmedia":[{"embeddable":true,"href":"https:\/\/gpl-love.com\/es\/wp-json\/wp\/v2\/media\/168882"}],"wp:attachment":[{"href":"https:\/\/gpl-love.com\/es\/wp-json\/wp\/v2\/media?parent=140421"}],"wp:term":[{"taxonomy":"product_brand","embeddable":true,"href":"https:\/\/gpl-love.com\/es\/wp-json\/wp\/v2\/product_brand?post=140421"},{"taxonomy":"product_cat","embeddable":true,"href":"https:\/\/gpl-love.com\/es\/wp-json\/wp\/v2\/product_cat?post=140421"},{"taxonomy":"product_tag","embeddable":true,"href":"https:\/\/gpl-love.com\/es\/wp-json\/wp\/v2\/product_tag?post=140421"}],"curies":[{"name":"wp","href":"https:\/\/api.w.org\/{rel}","templated":true}]}}