{"id":140420,"date":"2025-11-20T00:00:00","date_gmt":"2025-11-20T05:00:00","guid":{"rendered":"https:\/\/gpl-love.com\/es\/producto\/user-registration-private-notes-1-0-0\/"},"modified":"2026-03-09T08:39:26","modified_gmt":"2026-03-09T13:39:26","slug":"user-registration-private-notes-1-0-0","status":"publish","type":"product","link":"https:\/\/gpl-love.com\/es\/producto\/user-registration-private-notes-1-0-0\/","title":{"rendered":"User Registration Private Notes 1.0.12"},"content":{"rendered":"<h3>User Registration Private Notes Caracteristicas<\/h3>\n<p>El registro de usuarios Notas privadas es una herramienta incre\u00edblemente robusta y eficiente que brinda a los usuarios la capacidad de administrar su informaci\u00f3n personal de manera efectiva y segura de manera altamente organizada. Al utilizar este producto excepcional, las personas pueden almacenar y salvaguardar los datos cr\u00edticos, incluidos, entre otros, contrase\u00f1as, credenciales de inicio de sesi\u00f3n y varios otros detalles esenciales. La funcionalidad inherente de esta herramienta facilita la creaci\u00f3n de campos personalizados que atienden a distintos tipos de informaci\u00f3n, agilizando as\u00ed el proceso de localizaci\u00f3n y modificaci\u00f3n de datos cuando sea necesario. Adem\u00e1s, es imperativo destacar que las notas privadas de registro del usuario incorporan tecnolog\u00eda de cifrado de \u00faltima generaci\u00f3n, que sirve como una fortaleza impenetrable para garantizar la seguridad y protecci\u00f3n perpetuas de toda la informaci\u00f3n almacenada, frustrando efectivamente cualquier intento de acceso no autorizado. Es sin duda que este producto indispensable es una necesidad absoluta para cualquier persona, independientemente de si su uso se refiere a fines personales o profesionales, que desea defender la santidad de su informaci\u00f3n al tiempo que garantiza su accesibilidad sin obst\u00e1culos.<\/p>\n<ul>\n<li>Almacenar de forma segura notas privadas para usuarios registrados<\/li>\n<li>Proceso de registro f\u00e1cil para que los usuarios accedan a notas privadas<\/li>\n<li>Almacenamiento cifrado para mayor seguridad de informaci\u00f3n confidencial<\/li>\n<li>Accesible desde m\u00faltiples dispositivos para conveniencia y flexibilidad<\/li>\n<li>Configuraci\u00f3n de privacidad personalizable para notas individuales o acceso general<\/li>\n<li>Interfaz f\u00e1cil de usar para una organizaci\u00f3n y recuperaci\u00f3n de notas f\u00e1ciles<\/li>\n<li>Integraci\u00f3n con otros sistemas de registro e inicio de sesi\u00f3n de usuarios<\/li>\n<li>Opci\u00f3n para espacio de almacenamiento adicional o caracter\u00edsticas con suscripci\u00f3n premium<\/li>\n<li>Recordatorios y notificaciones convenientes para notas importantes<\/li>\n<\/ul>\n","protected":false},"excerpt":{"rendered":"<p>La funcionalidad del registro del usuario notas privadas sirve como una herramienta invaluable para que las personas generen y retengan notas privadas que pertenezcan al registro de su cuenta o al perfil de usuario. Esta caracter\u00edstica particular optimiza sustancialmente el proceso de administrar los detalles de la cuenta, almacenar datos cr\u00edticos y recuperarlo de inmediato cuando sea necesario. En virtud de este atributo extraordinario, los usuarios poseen una autoridad incomparable sobre su propia informaci\u00f3n, proporcion\u00e1ndoles la capacidad de incorporar, modificar o erradicar sus notas a su propia discreci\u00f3n y sin restricci\u00f3n. En consecuencia, esta notable herramienta emerge como el ep\u00edtome de la perfecci\u00f3n para aquellas personas que le dan importancia a la importancia en la preservaci\u00f3n de los niveles m\u00e1s importantes de seguridad, privacidad y conveniencia al tiempo que participan en sus esfuerzos en l\u00ednea.<\/p>\n","protected":false},"featured_media":168881,"comment_status":"open","ping_status":"open","template":"","meta":[],"product_brand":[2585],"product_cat":[1214,1206,1211],"product_tag":[2159],"class_list":{"0":"post-140420","1":"product","2":"type-product","3":"status-publish","4":"has-post-thumbnail","6":"product_brand-wpeverest","7":"product_cat-personalizacion","8":"product_cat-plugins","9":"product_cat-wordpress-plugins","10":"product_tag-wpeverest","11":"member-discount","12":"discount-restricted","14":"first","15":"instock","16":"sale","17":"downloadable","18":"virtual","19":"sold-individually","20":"purchasable","21":"product-type-simple"},"_links":{"self":[{"href":"https:\/\/gpl-love.com\/es\/wp-json\/wp\/v2\/product\/140420","targetHints":{"allow":["GET"]}}],"collection":[{"href":"https:\/\/gpl-love.com\/es\/wp-json\/wp\/v2\/product"}],"about":[{"href":"https:\/\/gpl-love.com\/es\/wp-json\/wp\/v2\/types\/product"}],"replies":[{"embeddable":true,"href":"https:\/\/gpl-love.com\/es\/wp-json\/wp\/v2\/comments?post=140420"}],"wp:featuredmedia":[{"embeddable":true,"href":"https:\/\/gpl-love.com\/es\/wp-json\/wp\/v2\/media\/168881"}],"wp:attachment":[{"href":"https:\/\/gpl-love.com\/es\/wp-json\/wp\/v2\/media?parent=140420"}],"wp:term":[{"taxonomy":"product_brand","embeddable":true,"href":"https:\/\/gpl-love.com\/es\/wp-json\/wp\/v2\/product_brand?post=140420"},{"taxonomy":"product_cat","embeddable":true,"href":"https:\/\/gpl-love.com\/es\/wp-json\/wp\/v2\/product_cat?post=140420"},{"taxonomy":"product_tag","embeddable":true,"href":"https:\/\/gpl-love.com\/es\/wp-json\/wp\/v2\/product_tag?post=140420"}],"curies":[{"name":"wp","href":"https:\/\/api.w.org\/{rel}","templated":true}]}}