{"id":140419,"date":"2026-01-23T00:00:00","date_gmt":"2026-01-23T05:00:00","guid":{"rendered":"https:\/\/gpl-love.com\/es\/producto\/user-registration-two-factor-authentication-1-0-2\/"},"modified":"2026-03-09T08:39:25","modified_gmt":"2026-03-09T13:39:25","slug":"user-registration-two-factor-authentication-1-0-2","status":"publish","type":"product","link":"https:\/\/gpl-love.com\/es\/producto\/user-registration-two-factor-authentication-1-0-2\/","title":{"rendered":"User Registration Two Factor Authentication 1.1.7"},"content":{"rendered":"<h3>User Registration Two Factor Authentication Caracteristicas<\/h3>\n<p>El producto de autenticaci\u00f3n de dos factores de registro del usuario ofrece una capa adicional de seguridad para las cuentas de usuario, lo que requiere dos formas de autenticaci\u00f3n para obtener acceso. Al hacerlo, evita efectivamente cualquier acceso no autorizado y proteja la informaci\u00f3n altamente sensible. Este producto en particular opera al exigir que los usuarios ingresen inicialmente su nombre de usuario y contrase\u00f1a, como lo har\u00edan normalmente, pero tambi\u00e9n requiere la provisi\u00f3n de un factor de autenticaci\u00f3n suplementario. Este factor adicional podr\u00eda estar en forma de un c\u00f3digo transmitido a su dispositivo m\u00f3vil o incluso un escaneo de huellas digitales. En consecuencia, este estricto proceso de autenticaci\u00f3n garantiza que solo aquellos que est\u00e1n expl\u00edcitamente autorizados pueden acceder a la cuenta, incluso en caso de que su contrase\u00f1a se vea comprometida. Dada su naturaleza robusta, el producto de autenticaci\u00f3n de dos factores de registro del usuario indudablemente sirve como un activo invaluable para cualquier negocio u organizaci\u00f3n concienzuda que busque reforzar sus medidas de seguridad y salvaguardar la informaci\u00f3n invaluable de sus usuarios.<\/p>\n<ul>\n<li>Seguridad mejorada para el registro del usuario<\/li>\n<li>Autenticaci\u00f3n de dos factores para una protecci\u00f3n adicional<\/li>\n<li>Proceso de registro simple y f\u00e1cil<\/li>\n<li>Protecci\u00f3n contra actividades fraudulentas<\/li>\n<li>Proceso de autenticaci\u00f3n fuerte para garantizar que solo los usuarios leg\u00edtimos obtengan acceso<\/li>\n<li>Reducci\u00f3n de riesgo de violaciones de datos y intentos de pirater\u00eda<\/li>\n<li>Configuraci\u00f3n de autenticaci\u00f3n personalizable para satisfacer necesidades de seguridad espec\u00edficas<\/li>\n<li>Integraci\u00f3n perfecta con la arquitectura del sistema existente<\/li>\n<li>Mejora de la confianza del usuario y la confianza en el proceso de registro<\/li>\n<li>Soluci\u00f3n rentable con bajos requisitos de mantenimiento<\/li>\n<\/ul>\n","protected":false},"excerpt":{"rendered":"<p>El proceso de registro del usuario implementado en este sistema se caracteriza por sus s\u00f3lidas medidas de seguridad, particularmente la utilizaci\u00f3n de la autenticaci\u00f3n de dos factores. A trav\u00e9s de este proceso, las personas est\u00e1n facultadas para establecer sus propias cuentas y salvaguardar sus datos confidenciales mediante la confirmaci\u00f3n de su identidad a trav\u00e9s de una combinaci\u00f3n de un secreto memorizado (es decir, contrase\u00f1a) y una posesi\u00f3n f\u00edsica (por ejemplo, dispositivo m\u00f3vil, clave de seguridad o huella digital ). Al incorporar este nivel de seguridad complementario, el sistema mitiga efectivamente el riesgo de entrada no autorizada y fortifica sus defensas contra diversas amenazas cibern\u00e9ticas, incluidos, entre otros, los esfuerzos de pirater\u00eda y los incidentes de robo de identidad.<\/p>\n","protected":false},"featured_media":168880,"comment_status":"open","ping_status":"open","template":"","meta":[],"product_brand":[2585],"product_cat":[1214,1206,1211],"product_tag":[2159],"class_list":{"0":"post-140419","1":"product","2":"type-product","3":"status-publish","4":"has-post-thumbnail","6":"product_brand-wpeverest","7":"product_cat-personalizacion","8":"product_cat-plugins","9":"product_cat-wordpress-plugins","10":"product_tag-wpeverest","11":"member-discount","12":"discount-restricted","14":"first","15":"instock","16":"sale","17":"downloadable","18":"virtual","19":"sold-individually","20":"purchasable","21":"product-type-simple"},"_links":{"self":[{"href":"https:\/\/gpl-love.com\/es\/wp-json\/wp\/v2\/product\/140419","targetHints":{"allow":["GET"]}}],"collection":[{"href":"https:\/\/gpl-love.com\/es\/wp-json\/wp\/v2\/product"}],"about":[{"href":"https:\/\/gpl-love.com\/es\/wp-json\/wp\/v2\/types\/product"}],"replies":[{"embeddable":true,"href":"https:\/\/gpl-love.com\/es\/wp-json\/wp\/v2\/comments?post=140419"}],"wp:featuredmedia":[{"embeddable":true,"href":"https:\/\/gpl-love.com\/es\/wp-json\/wp\/v2\/media\/168880"}],"wp:attachment":[{"href":"https:\/\/gpl-love.com\/es\/wp-json\/wp\/v2\/media?parent=140419"}],"wp:term":[{"taxonomy":"product_brand","embeddable":true,"href":"https:\/\/gpl-love.com\/es\/wp-json\/wp\/v2\/product_brand?post=140419"},{"taxonomy":"product_cat","embeddable":true,"href":"https:\/\/gpl-love.com\/es\/wp-json\/wp\/v2\/product_cat?post=140419"},{"taxonomy":"product_tag","embeddable":true,"href":"https:\/\/gpl-love.com\/es\/wp-json\/wp\/v2\/product_tag?post=140419"}],"curies":[{"name":"wp","href":"https:\/\/api.w.org\/{rel}","templated":true}]}}