{"id":140418,"date":"2023-02-27T00:00:00","date_gmt":"2023-02-27T05:00:00","guid":{"rendered":"https:\/\/gpl-love.com\/es\/producto\/eventon-moon-data-0-2\/"},"modified":"2026-03-09T08:39:23","modified_gmt":"2026-03-09T13:39:23","slug":"eventon-moon-data-0-2","status":"publish","type":"product","link":"https:\/\/gpl-love.com\/es\/producto\/eventon-moon-data-0-2\/","title":{"rendered":"EventON Moon Data 0.2"},"content":{"rendered":"<h3>EventON Moon Data Caracteristicas<\/h3>\n<p>Los datos de Eventon Moon es un sistema de datos lunares integral y altamente preciso que se ha desarrollado espec\u00edficamente para satisfacer las necesidades de los profesionales de planificaci\u00f3n de eventos, astr\u00f3nomos e individuos con un gran inter\u00e9s en monitorear las diversas fases de la Luna. Esta ingeniosa herramienta ha sido dise\u00f1ada meticulosamente para proporcionar a sus usuarios informaci\u00f3n lunar de vanguardia en tiempo real, que abarca detalles vitales como los tiempos de la luna y la lunar, la iluminaci\u00f3n y la fase lunar. Al hacer uso de los datos de Eventon Moon, podr\u00e1 organizar sin esfuerzo sus eventos en funci\u00f3n del calendario lunar, controlar efectivamente los intrincados movimientos de la Luna y adquirir una comprensi\u00f3n m\u00e1s profunda de su profundo impacto en nuestra existencia cotidiana. Ya sea que est\u00e9 organizando meticulosamente una cena rom\u00e1ntica a la luz de las velas o se dedique a una extensa investigaci\u00f3n sobre el ciclo lunar, Eventon Moon Data le proporciona una gran cantidad de datos lunares precisos y confiables, lo que le permite cumplir con \u00e9xito sus objetivos.<\/p>\n<ul>\n<li>Datos completos sobre fases lunares y eventos lunares<\/li>\n<li>Tiempos precisos de luna y lunares basados \u200b\u200ben su ubicaci\u00f3n<\/li>\n<li>Formato de calendario f\u00e1cil de leer para planificar actividades al aire libre o rituales lunares<\/li>\n<li>Informaci\u00f3n sobre lunas llenas, lunas nuevas y fases lunares espec\u00edficas como la depilaci\u00f3n o el giboso menguante<\/li>\n<li>Detalles sobre los pr\u00f3ximos eclipses lunares y supermas<\/li>\n<li>Compatible con varios dispositivos, incluidos tel\u00e9fonos inteligentes y tabletas<\/li>\n<li>Actualizado regularmente con los \u00faltimos datos lunar para la informaci\u00f3n m\u00e1s precisa<\/li>\n<li>Opciones de visualizaci\u00f3n mejoradas para una experiencia m\u00e1s inmersiva<\/li>\n<li>Ideal para entusiastas de la naturaleza, astr\u00f3nomos o cualquier persona interesada en la luna y su influencia en nuestras vidas<\/li>\n<li>Interfaz f\u00e1cil de usar para una experiencia sin problemas.<\/li>\n<\/ul>\n","protected":false},"excerpt":{"rendered":"<p>Los datos de Eventon Moon son un instrumento excepcionalmente robusto y potente que imparte informaci\u00f3n extremadamente precisa y meticulosa relacionada con las diversas fases de la luna y los patrones c\u00edclicos que sigue. En virtud de su repositorio integral e integral de datos de luna, este software le otorga la capacidad de monitorear y mantenerse al tanto de los intrincados movimientos de la luna, lo que le brinda ideas invaluables y profundas sobre los \u00e1mbitos de la astrolog\u00eda y la astronom\u00eda. Independientemente de si se encuentra en las estimadas filas de astr\u00f3nomos profesionales o simplemente alberga una ardiente fascinaci\u00f3n por la luna, los datos de la luna de la evidencia indudablemente son un activo indispensable e irremplazable para todos aquellos que desean profundizar en los aspectos enigm\u00e1ticos y cautivadores de nuestros vecino celestial. \u00a1No pierda m\u00e1s tiempo y obtenga su propia copia hoy, embarcando en un viaje de exploraci\u00f3n en los maravillosos misterios que se llevan a cabo dentro del reino lunar!<\/p>\n","protected":false},"featured_media":168879,"comment_status":"open","ping_status":"open","template":"","meta":[],"product_brand":[2444],"product_cat":[1214,1206,1211],"product_tag":[1292],"class_list":{"0":"post-140418","1":"product","2":"type-product","3":"status-publish","4":"has-post-thumbnail","6":"product_brand-eventon","7":"product_cat-personalizacion","8":"product_cat-plugins","9":"product_cat-wordpress-plugins","10":"product_tag-eventon","11":"member-discount","12":"discount-restricted","14":"first","15":"instock","16":"sale","17":"downloadable","18":"virtual","19":"sold-individually","20":"purchasable","21":"product-type-simple"},"_links":{"self":[{"href":"https:\/\/gpl-love.com\/es\/wp-json\/wp\/v2\/product\/140418","targetHints":{"allow":["GET"]}}],"collection":[{"href":"https:\/\/gpl-love.com\/es\/wp-json\/wp\/v2\/product"}],"about":[{"href":"https:\/\/gpl-love.com\/es\/wp-json\/wp\/v2\/types\/product"}],"replies":[{"embeddable":true,"href":"https:\/\/gpl-love.com\/es\/wp-json\/wp\/v2\/comments?post=140418"}],"wp:featuredmedia":[{"embeddable":true,"href":"https:\/\/gpl-love.com\/es\/wp-json\/wp\/v2\/media\/168879"}],"wp:attachment":[{"href":"https:\/\/gpl-love.com\/es\/wp-json\/wp\/v2\/media?parent=140418"}],"wp:term":[{"taxonomy":"product_brand","embeddable":true,"href":"https:\/\/gpl-love.com\/es\/wp-json\/wp\/v2\/product_brand?post=140418"},{"taxonomy":"product_cat","embeddable":true,"href":"https:\/\/gpl-love.com\/es\/wp-json\/wp\/v2\/product_cat?post=140418"},{"taxonomy":"product_tag","embeddable":true,"href":"https:\/\/gpl-love.com\/es\/wp-json\/wp\/v2\/product_tag?post=140418"}],"curies":[{"name":"wp","href":"https:\/\/api.w.org\/{rel}","templated":true}]}}