{"id":140417,"date":"2025-09-29T00:00:00","date_gmt":"2025-09-29T05:00:00","guid":{"rendered":"https:\/\/gpl-love.com\/es\/producto\/ht-mega-pro-1-5-2\/"},"modified":"2026-03-09T08:39:22","modified_gmt":"2026-03-09T13:39:22","slug":"ht-mega-pro-1-5-2","status":"publish","type":"product","link":"https:\/\/gpl-love.com\/es\/producto\/ht-mega-pro-1-5-2\/","title":{"rendered":"HT Mega Pro 2.1.0"},"content":{"rendered":"<h3>HT Mega Pro Caracteristicas<\/h3>\n<p>HT Mega Pro es un complemento de WordPress incre\u00edblemente multifac\u00e9tico y abundantemente dotado que presenta una amplia gama de posibilidades con el fin de dise\u00f1ar y personalizar su sitio web. Al aprovechar su interfaz de arrastrar y soltar altamente f\u00e1cil de usar y su vasta biblioteca de elementos, se le otorga la capacidad de forjar sin esfuerzo p\u00e1ginas, publicaciones y dise\u00f1os inspiradores sin esfuerzo que se adapten intrincadamente a sus requisitos precisos e individualizados. Este complemento cuenta con un repertorio impresionante de m\u00e1s de 80 widgets y un asombroso 360 bloques, junto con una variedad diversa de plantillas, temas y componentes de dise\u00f1o que est\u00e1n a su disposici\u00f3n para la selecci\u00f3n. No importa si llevas el manto de un novato o un dise\u00f1ador web experimentado, ya que HT Mega Pro le otorga una soluci\u00f3n inmensamente potente y maleable para la construcci\u00f3n de un sitio web vibrante y cautivador.<\/p>\n<ul>\n<li>Permite una entrada f\u00e1cil de widgets y c\u00f3digos cortos personalizados en WordPress<\/li>\n<li>Simplifica el proceso de personalizaci\u00f3n y dise\u00f1o de la p\u00e1gina web<\/li>\n<li>Proporciona m\u00e1s de 80 widgets incorporados para una mejor funcionalidad de la p\u00e1gina web<\/li>\n<li>Incluye varios c\u00f3digos cortos para mostrar contenido de maneras \u00fanicas.<\/li>\n<li>Compatible con los principales temas y complementos de WordPress<\/li>\n<li>Ofrece una interfaz de arrastrar y soltar para una construcci\u00f3n de p\u00e1gina web r\u00e1pida y f\u00e1cil<\/li>\n<li>Viene con actualizaciones gratuitas y excelente atenci\u00f3n al cliente<\/li>\n<li>Agiliza la creaci\u00f3n de p\u00e1ginas de destino, p\u00e1ginas de productos y carteras<\/li>\n<li>Interfaz f\u00e1cil e intuitiva para el usuario incluso para la tecnolog\u00eda menos tecnol\u00f3gica<\/li>\n<li>Ayuda a mejorar las tasas de conversi\u00f3n del sitio web y la participaci\u00f3n del usuario<\/li>\n<li>Ofrece caracter\u00edsticas avanzadas para desarrolladores y dise\u00f1adores experimentados.<\/li>\n<\/ul>\n","protected":false},"excerpt":{"rendered":"<p>El HT Mega Pro, un dispositivo de entrada incre\u00edblemente formidable, ha sido meticulosamente elaborado para satisfacer las necesidades de los jugadores profesionales y los creadores de contenido por igual. Imbitado de interruptores mec\u00e1nicos de calidad superior, este gadget extraordinario garantiza una precisi\u00f3n incomparable y una capacidad de respuesta r\u00e1pida, capacitando a los usuarios para participar en las sesiones de juegos y participar en los esfuerzos de escribir con una eficiencia sin precedentes. Adem\u00e1s, el dispositivo est\u00e1 atado con luces LED fascinantemente vibrantes, infundiendo sin esfuerzo una apariencia de elegancia y estilo en su estaci\u00f3n de trabajo. Con una construcci\u00f3n robusta y un dise\u00f1o adaptable, el HT Mega Pro personifica sin duda el ep\u00edtome de la excelencia, lo que lo convierte en el dispositivo de entrada por excelencia para las personas que no exigen inquebrantable nada m\u00e1s que lo mejor.<\/p>\n","protected":false},"featured_media":168878,"comment_status":"open","ping_status":"open","template":"","meta":[],"product_brand":[2339],"product_cat":[1214,1206,1211],"product_tag":[1256],"class_list":{"0":"post-140417","1":"product","2":"type-product","3":"status-publish","4":"has-post-thumbnail","6":"product_brand-codecanyon","7":"product_cat-personalizacion","8":"product_cat-plugins","9":"product_cat-wordpress-plugins","10":"product_tag-codecanyon","11":"member-discount","12":"discount-restricted","14":"first","15":"instock","16":"sale","17":"downloadable","18":"virtual","19":"sold-individually","20":"purchasable","21":"product-type-simple"},"_links":{"self":[{"href":"https:\/\/gpl-love.com\/es\/wp-json\/wp\/v2\/product\/140417","targetHints":{"allow":["GET"]}}],"collection":[{"href":"https:\/\/gpl-love.com\/es\/wp-json\/wp\/v2\/product"}],"about":[{"href":"https:\/\/gpl-love.com\/es\/wp-json\/wp\/v2\/types\/product"}],"replies":[{"embeddable":true,"href":"https:\/\/gpl-love.com\/es\/wp-json\/wp\/v2\/comments?post=140417"}],"wp:featuredmedia":[{"embeddable":true,"href":"https:\/\/gpl-love.com\/es\/wp-json\/wp\/v2\/media\/168878"}],"wp:attachment":[{"href":"https:\/\/gpl-love.com\/es\/wp-json\/wp\/v2\/media?parent=140417"}],"wp:term":[{"taxonomy":"product_brand","embeddable":true,"href":"https:\/\/gpl-love.com\/es\/wp-json\/wp\/v2\/product_brand?post=140417"},{"taxonomy":"product_cat","embeddable":true,"href":"https:\/\/gpl-love.com\/es\/wp-json\/wp\/v2\/product_cat?post=140417"},{"taxonomy":"product_tag","embeddable":true,"href":"https:\/\/gpl-love.com\/es\/wp-json\/wp\/v2\/product_tag?post=140417"}],"curies":[{"name":"wp","href":"https:\/\/api.w.org\/{rel}","templated":true}]}}