{"id":140416,"date":"2023-02-27T00:00:00","date_gmt":"2023-02-27T05:00:00","guid":{"rendered":"https:\/\/gpl-love.com\/es\/producto\/facetwp-submit-button-0-4\/"},"modified":"2026-03-09T08:39:21","modified_gmt":"2026-03-09T13:39:21","slug":"facetwp-submit-button-0-4","status":"publish","type":"product","link":"https:\/\/gpl-love.com\/es\/producto\/facetwp-submit-button-0-4\/","title":{"rendered":"FacetWP Submit button 0.4"},"content":{"rendered":"<h3>FacetWP Submit button Caracteristicas<\/h3>\n<p>El bot\u00f3n de env\u00edo FACETWP, un elemento integral de FACETWP, un complemento de filtrado robusto dise\u00f1ado espec\u00edficamente para WordPress, juega un papel crucial en permitir a los usuarios ajustar meticulosamente sus resultados de b\u00fasqueda al enviar efectivamente sus filtros seleccionados. Al ofrecer una variedad de dise\u00f1os personalizables y facilitar la integraci\u00f3n sin esfuerzo, el bot\u00f3n de env\u00edo FACETWP mejora sin problemas la experiencia general del usuario al tiempo que ayuda a los usuarios a localizar precisamente el contenido deseado en su sitio web. Independientemente de la naturaleza de su empresa en l\u00ednea, ya sea un emporio de comercio electr\u00f3nico o un blog informativo, el bot\u00f3n de env\u00edo FACETWP emerge sin duda como una herramienta indispensable, elevando la funcionalidad de b\u00fasqueda de su sitio a alturas incomparables.<\/p>\n<ul>\n<li>Agregue el proceso de b\u00fasqueda de su sitio web con el bot\u00f3n Enviar FACETWP<\/li>\n<li>Simplifique su experiencia de usuario formatando sus campos de b\u00fasqueda en un formulario de env\u00edo cohesivo<\/li>\n<li>Proporcione a sus usuarios una forma intuitiva de enviar sus par\u00e1metros de b\u00fasqueda para obtener resultados m\u00e1s r\u00e1pidos y precisos<\/li>\n<li>Personalice su bot\u00f3n Enviar para que coincida con las pautas de est\u00e9tica y de marca de su sitio web<\/li>\n<li>Integre perfectamente el bot\u00f3n Enviar FACETWP con la funcionalidad de b\u00fasqueda existente de su sitio web, o \u00faselo como una soluci\u00f3n independiente<\/li>\n<li>Disfrute de los beneficios del potente motor de b\u00fasqueda de FacetWP con una capa adicional de facilidad de uso y conveniencia<\/li>\n<\/ul>\n","protected":false},"excerpt":{"rendered":"<p>El bot\u00f3n de env\u00edo FACETWP es una herramienta incre\u00edblemente robusta que los desarrolladores de sitios web pueden utilizar para optimizar la experiencia del usuario y agilizar la funcionalidad de b\u00fasqueda en sus sitios web. Al incorporar esta caracter\u00edstica en la barra de b\u00fasqueda de su sitio web, los usuarios tendr\u00e1n la capacidad de iniciar sus b\u00fasquedas con solo clic de un bot\u00f3n, mejorando significativamente la eficiencia de sus procesos de b\u00fasqueda. La belleza del bot\u00f3n de env\u00edo FACETWP radica en su capacidad de personalizaci\u00f3n incomparable, lo que permite a los desarrolladores adaptarlo de acuerdo con sus preferencias y requisitos \u00fanicos. Adem\u00e1s, esta herramienta se integra sin problemas con una amplia gama de filtros de b\u00fasqueda y facetas, lo que garantiza que los resultados de b\u00fasqueda no solo son precisos, sino que tambi\u00e9n lo abarcan. Con un dise\u00f1o sin complicaciones y f\u00e1cil de usar, el bot\u00f3n de env\u00edo FACETWP sirve como una soluci\u00f3n ejemplar para cualquier persona decidida a elevar las capacidades de b\u00fasqueda de su sitio web a nuevas alturas.<\/p>\n","protected":false},"featured_media":168877,"comment_status":"open","ping_status":"open","template":"","meta":[],"product_brand":[2447],"product_cat":[1214,1206,1211],"product_tag":[1507],"class_list":{"0":"post-140416","1":"product","2":"type-product","3":"status-publish","4":"has-post-thumbnail","6":"product_brand-facetwp","7":"product_cat-personalizacion","8":"product_cat-plugins","9":"product_cat-wordpress-plugins","10":"product_tag-facetwp","11":"member-discount","12":"discount-restricted","14":"first","15":"instock","16":"sale","17":"downloadable","18":"virtual","19":"sold-individually","20":"purchasable","21":"product-type-simple"},"_links":{"self":[{"href":"https:\/\/gpl-love.com\/es\/wp-json\/wp\/v2\/product\/140416","targetHints":{"allow":["GET"]}}],"collection":[{"href":"https:\/\/gpl-love.com\/es\/wp-json\/wp\/v2\/product"}],"about":[{"href":"https:\/\/gpl-love.com\/es\/wp-json\/wp\/v2\/types\/product"}],"replies":[{"embeddable":true,"href":"https:\/\/gpl-love.com\/es\/wp-json\/wp\/v2\/comments?post=140416"}],"wp:featuredmedia":[{"embeddable":true,"href":"https:\/\/gpl-love.com\/es\/wp-json\/wp\/v2\/media\/168877"}],"wp:attachment":[{"href":"https:\/\/gpl-love.com\/es\/wp-json\/wp\/v2\/media?parent=140416"}],"wp:term":[{"taxonomy":"product_brand","embeddable":true,"href":"https:\/\/gpl-love.com\/es\/wp-json\/wp\/v2\/product_brand?post=140416"},{"taxonomy":"product_cat","embeddable":true,"href":"https:\/\/gpl-love.com\/es\/wp-json\/wp\/v2\/product_cat?post=140416"},{"taxonomy":"product_tag","embeddable":true,"href":"https:\/\/gpl-love.com\/es\/wp-json\/wp\/v2\/product_tag?post=140416"}],"curies":[{"name":"wp","href":"https:\/\/api.w.org\/{rel}","templated":true}]}}