{"id":140415,"date":"2023-02-27T00:00:00","date_gmt":"2023-02-27T05:00:00","guid":{"rendered":"https:\/\/gpl-love.com\/es\/producto\/facetwp-custom-hooks-1-0\/"},"modified":"2026-03-13T17:36:11","modified_gmt":"2026-03-13T22:36:11","slug":"facetwp-custom-hooks-1-0","status":"publish","type":"product","link":"https:\/\/gpl-love.com\/es\/producto\/facetwp-custom-hooks-1-0\/","title":{"rendered":"FacetWP Custom Hooks 1.0"},"content":{"rendered":"<h3>FacetWP Custom Hooks Caracteristicas<\/h3>\n<p>FACETWP Custom Hooks, un complemento robusto de WordPress, faculta a los usuarios la capacidad de integrar funcionalidades personalizadas en sus sitios web propulsados \u200b\u200bpor FACETWP. Al aprovechar este complemento, los usuarios est\u00e1n facultados para generar sus propios filtros, consultas y plantillas a medida, lo que les permite personalizar sus encuentros de b\u00fasqueda de acuerdo con sus requisitos \u00fanicos. Ya sea que el objetivo es incorporar nuevas fuentes de datos, ajustar el comportamiento predeterminado de FACETWP o concebir atributos de b\u00fasqueda completamente nuevos, FACETWP Custom Hooks proporciona todas las herramientas necesarias para realizar estas tareas. Adem\u00e1s, el complemento cuenta con una interfaz intuitiva, lo que la hace accesible para personas con dominios de codificaci\u00f3n limitados. Si la intenci\u00f3n es elevar las capacidades de b\u00fasqueda de su implementaci\u00f3n FACETWP, no busque m\u00e1s que FACETWP Custom Hooks como la soluci\u00f3n por excelencia.<\/p>\n<ul>\n<li>Mejora la funcionalidad FACETWP con ganchos personalizados agregados<\/li>\n<li>Permite a los desarrolladores integrar f\u00e1cilmente el c\u00f3digo personalizado en FACETWP<\/li>\n<li>Proporciona flexibilidad para modificar y extender las caracter\u00edsticas y el comportamiento de FACETWP<\/li>\n<li>Admite una variedad de ganchos para varios aspectos del proceso de b\u00fasqueda y filtrado<\/li>\n<li>Permite la personalizaci\u00f3n y personalizaci\u00f3n m\u00e1s avanzadas de los resultados de b\u00fasqueda.<\/li>\n<li>Mejora el rendimiento general de la b\u00fasqueda y la experiencia del usuario<\/li>\n<li>No hay requisitos de habilidad de codificaci\u00f3n para implementar los ganchos<\/li>\n<li>Compatible con la versi\u00f3n actual de FACETWP y actualizaciones futuras<\/li>\n<\/ul>\n","protected":false},"excerpt":{"rendered":"<p>FACETWP Custom Hooks es una herramienta inmensamente robusta e influyente que brinda a los desarrolladores la capacidad excepcional de adaptar y personalizar sin esfuerzo sus resultados de b\u00fasqueda FACETWP a sus especificaciones exactas. Gracias a sus ganchos f\u00e1ciles de usar, las personas tienen la capacidad de incorporar a la perfecci\u00f3n sus propios filtros, generar plantillas a medida o incluso modificar consultas preexistentes. Este notable producto faculta a los usuarios la libertad y la flexibilidad de los resultados de b\u00fasqueda artesanales y ajustados que se alinean impecablemente con sus requisitos \u00fanicos, todo mientras mantiene la simplicidad subyacente y la eficiencia incomparable que FaceTWP es conocido. Ya sea que tenga una gran experiencia en el campo del desarrollo o se est\u00e9 embarcando en su viaje, la inclusi\u00f3n de ganchos personalizados FACETWP en su kit de herramientas es un cambio de juego absoluto que promete elevar sus capacidades a alturas sin precedentes.<\/p>\n","protected":false},"featured_media":168876,"comment_status":"open","ping_status":"open","template":"","meta":[],"product_brand":[2447],"product_cat":[1214,1206,1211],"product_tag":[1507],"class_list":{"0":"post-140415","1":"product","2":"type-product","3":"status-publish","4":"has-post-thumbnail","6":"product_brand-facetwp","7":"product_cat-personalizacion","8":"product_cat-plugins","9":"product_cat-wordpress-plugins","10":"product_tag-facetwp","11":"member-discount","12":"discount-restricted","14":"first","15":"instock","16":"sale","17":"downloadable","18":"virtual","19":"sold-individually","20":"purchasable","21":"product-type-simple"},"_links":{"self":[{"href":"https:\/\/gpl-love.com\/es\/wp-json\/wp\/v2\/product\/140415","targetHints":{"allow":["GET"]}}],"collection":[{"href":"https:\/\/gpl-love.com\/es\/wp-json\/wp\/v2\/product"}],"about":[{"href":"https:\/\/gpl-love.com\/es\/wp-json\/wp\/v2\/types\/product"}],"replies":[{"embeddable":true,"href":"https:\/\/gpl-love.com\/es\/wp-json\/wp\/v2\/comments?post=140415"}],"wp:featuredmedia":[{"embeddable":true,"href":"https:\/\/gpl-love.com\/es\/wp-json\/wp\/v2\/media\/168876"}],"wp:attachment":[{"href":"https:\/\/gpl-love.com\/es\/wp-json\/wp\/v2\/media?parent=140415"}],"wp:term":[{"taxonomy":"product_brand","embeddable":true,"href":"https:\/\/gpl-love.com\/es\/wp-json\/wp\/v2\/product_brand?post=140415"},{"taxonomy":"product_cat","embeddable":true,"href":"https:\/\/gpl-love.com\/es\/wp-json\/wp\/v2\/product_cat?post=140415"},{"taxonomy":"product_tag","embeddable":true,"href":"https:\/\/gpl-love.com\/es\/wp-json\/wp\/v2\/product_tag?post=140415"}],"curies":[{"name":"wp","href":"https:\/\/api.w.org\/{rel}","templated":true}]}}