{"id":140013,"date":"2024-11-03T00:00:00","date_gmt":"2024-11-03T05:00:00","guid":{"rendered":"https:\/\/gpl-love.com\/es\/producto\/css-igniter-kea-wordpress-theme\/"},"modified":"2026-03-13T17:32:08","modified_gmt":"2026-03-13T22:32:08","slug":"css-igniter-kea-wordpress-theme","status":"publish","type":"product","link":"https:\/\/gpl-love.com\/es\/producto\/css-igniter-kea-wordpress-theme\/","title":{"rendered":"CSS Igniter Kea WordPress Theme 1.0.3"},"content":{"rendered":"<h3>CSS Igniter Kea WordPress Theme Caracteristicas<\/h3>\n<p>Con su dise\u00f1o vers\u00e1til y moderno, el tema CSS Igniter KEA WordPress presenta una opci\u00f3n notable para las personas que buscan un enfoque limpio y minimalista en los esfuerzos de creaci\u00f3n de sus sitios web. Ya sea que sea un blogger, un profesional independiente o un propietario de una peque\u00f1a empresa, este tema atiende a sus necesidades al proporcionar una plataforma profesional y receptiva. La extensa gama de opciones de personalizaci\u00f3n, dise\u00f1os que abarcan, fuentes y colores, asegura que su sitio web est\u00e9 adaptado a sus preferencias exactas. Adem\u00e1s, la inclusi\u00f3n de varios widgets incorporados, como los iconos de Feed and Social Media de Instagram, permite la integraci\u00f3n sin esfuerzo en cualquier p\u00e1gina o publicaci\u00f3n. Al aprovechar el poder del tema KEA WordPress, los usuarios pueden dise\u00f1ar sin esfuerzo un sitio web sofisticado y f\u00e1cil de usar que exude tanto estilo como funcionalidad.<\/p>\n<ul>\n<li>El dise\u00f1o receptivo garantiza que su sitio web se vea genial en cualquier dispositivo.<\/li>\n<li>El tema personalizable le permite adaptar su sitio web a la est\u00e9tica de su marca.<\/li>\n<li>La funci\u00f3n de control deslizante de p\u00e1gina completa le permite resaltar su contenido m\u00e1s importante.<\/li>\n<li>Las plantillas de m\u00faltiples p\u00e1ginas ofrecen versatilidad para p\u00e1ginas \u00fanicas como el contacto o la cartera.<\/li>\n<li>La integraci\u00f3n con complementos populares como WooCommerce y el Formulario de contacto 7 facilita la construcci\u00f3n de una tienda o formularios en l\u00ednea.<\/li>\n<li>La optimizaci\u00f3n de SEO incorporada ayuda a mejorar las clasificaciones de motores de b\u00fasqueda de su sitio web.<\/li>\n<li>Importar f\u00e1cilmente contenido de demostraci\u00f3n para impulsar el proceso de creaci\u00f3n de su sitio web.<\/li>\n<\/ul>\n","protected":false},"excerpt":{"rendered":"<p>El tema KEA WordPress de CSS Igniter es una soluci\u00f3n de dise\u00f1o de sitios web incre\u00edblemente vers\u00e1til y de vanguardia que atiende a bloggers, negocios en l\u00ednea y creatividades por igual. Con un dise\u00f1o elegante y minimalista, KEA ofrece una plataforma perfecta para mostrar su contenido, elev\u00e1ndolo a un nivel de sofisticaci\u00f3n y profesionalismo. Adem\u00e1s, este tema experto proporciona una variedad de caracter\u00edsticas esenciales y opciones de personalizaci\u00f3n, asegurando que tenga todo lo que necesita para curar una presencia en l\u00ednea distintiva y cautivadora. Con su diversa gama de dise\u00f1os de p\u00e1gina de inicio y esquemas de color, as\u00ed como su constructor de p\u00e1ginas de arrastrar y soltar f\u00e1cilmente de uso de usuarios, KEA le capacita las herramientas necesarias para forjar un sitio web verdaderamente \u00fanico y convincente. Adem\u00e1s, este tema es totalmente receptivo, lo que significa que se adapta perfectamente a cualquier dispositivo, y est\u00e1 meticulosamente elaborado para ser amigable con SEO y optimizado para la velocidad. Estas cualidades hacen que KEA sea una opci\u00f3n inquebrantable y eficiente para cualquier propietario del sitio web.<\/p>\n","protected":false},"featured_media":167886,"comment_status":"open","ping_status":"open","template":"","meta":[],"product_brand":[2403],"product_cat":[1548,1237,1238],"product_tag":[2134],"class_list":{"0":"post-140013","1":"product","2":"type-product","3":"status-publish","4":"has-post-thumbnail","6":"product_brand-css-igniter","7":"product_cat-resort-hotel","8":"product_cat-temas","9":"product_cat-wordpress-temas","10":"product_tag-css-igniter","11":"member-discount","12":"discount-restricted","14":"first","15":"instock","16":"sale","17":"downloadable","18":"virtual","19":"sold-individually","20":"purchasable","21":"product-type-simple"},"_links":{"self":[{"href":"https:\/\/gpl-love.com\/es\/wp-json\/wp\/v2\/product\/140013","targetHints":{"allow":["GET"]}}],"collection":[{"href":"https:\/\/gpl-love.com\/es\/wp-json\/wp\/v2\/product"}],"about":[{"href":"https:\/\/gpl-love.com\/es\/wp-json\/wp\/v2\/types\/product"}],"replies":[{"embeddable":true,"href":"https:\/\/gpl-love.com\/es\/wp-json\/wp\/v2\/comments?post=140013"}],"wp:featuredmedia":[{"embeddable":true,"href":"https:\/\/gpl-love.com\/es\/wp-json\/wp\/v2\/media\/167886"}],"wp:attachment":[{"href":"https:\/\/gpl-love.com\/es\/wp-json\/wp\/v2\/media?parent=140013"}],"wp:term":[{"taxonomy":"product_brand","embeddable":true,"href":"https:\/\/gpl-love.com\/es\/wp-json\/wp\/v2\/product_brand?post=140013"},{"taxonomy":"product_cat","embeddable":true,"href":"https:\/\/gpl-love.com\/es\/wp-json\/wp\/v2\/product_cat?post=140013"},{"taxonomy":"product_tag","embeddable":true,"href":"https:\/\/gpl-love.com\/es\/wp-json\/wp\/v2\/product_tag?post=140013"}],"curies":[{"name":"wp","href":"https:\/\/api.w.org\/{rel}","templated":true}]}}