{"id":140005,"date":"2025-09-19T00:00:00","date_gmt":"2025-09-19T05:00:00","guid":{"rendered":"https:\/\/gpl-love.com\/es\/producto\/css-igniter-carbone-wordpress-theme\/"},"modified":"2026-03-13T17:23:23","modified_gmt":"2026-03-13T22:23:23","slug":"css-igniter-carbone-wordpress-theme","status":"publish","type":"product","link":"https:\/\/gpl-love.com\/es\/producto\/css-igniter-carbone-wordpress-theme\/","title":{"rendered":"CSS Igniter Carbone WordPress Theme 1.2.4"},"content":{"rendered":"<h3>CSS Igniter Carbone WordPress Theme Caracteristicas<\/h3>\n<p>El tema CSS Igniter Carbone WordPress se presenta como una elecci\u00f3n excepcional para aquellas personas que desean un dise\u00f1o de sitio web contempor\u00e1neo y elegante. Este tema en particular posee un dise\u00f1o simplista y ordenado, lo que lo hace ideal para una multitud de fines, que abarca negocios, blogs y carteras por igual. Adem\u00e1s, ofrece una extensa variedad de caracter\u00edsticas, como numerosos dise\u00f1os de p\u00e1gina de inicio, widgets personalizados y una selecci\u00f3n diversa de esquemas de color. Con su dise\u00f1o receptivo, tenga la seguridad de que su sitio web exhibir\u00e1 un atractivo est\u00e9tico en todos los dispositivos. Adem\u00e1s, el tema cuenta con un panel de opciones intuitivas, facilitando la personalizaci\u00f3n sin esfuerzo. En el caso de que encuentre cualquier dilema o inquietud, el equipo de soporte de CSS Igniter est\u00e1 disponible para brindar asistencia. En general, el tema CSS Igniter Carbone WordPress demuestra ser una opci\u00f3n confiable y f\u00e1cil de usar para cualquier persona que busque establecer una presencia en l\u00ednea profesional y visualmente cautivadora.<\/p>\n<ul>\n<li>Dise\u00f1o moderno y elegante perfecto para cualquier tipo de sitio web<\/li>\n<li>Totalmente personalizable con la capacidad de ajustar colores, fuentes y dise\u00f1os<\/li>\n<li>Totalmente receptivo y amigable para m\u00f3vil, optimizado para cualquier dispositivo<\/li>\n<li>Compatibilidad incorporada con complementos populares de WordPress como WooCommerce y Formulario de contacto 7<\/li>\n<li>F\u00e1cil de navegar con men\u00fas y widgets intuitivos<\/li>\n<li>Viene con plantillas de p\u00e1gina predise\u00f1adas para el hogar, sobre, contacto y m\u00e1s<\/li>\n<li>Carga r\u00e1pida y SEO optimizado para mejorar el rendimiento del sitio web y las clasificaciones de motores de b\u00fasqueda<\/li>\n<li>Actualizaciones regulares y excelente servicio al cliente del equipo CSS Igniter.<\/li>\n<li>Incluye documentaci\u00f3n completa e instrucciones de configuraci\u00f3n para una f\u00e1cil instalaci\u00f3n y personalizaci\u00f3n.<\/li>\n<\/ul>\n","protected":false},"excerpt":{"rendered":"<p>El tema CSS Igniter Carbone WordPress, con su dise\u00f1o elegante y elegante, es una opci\u00f3n ideal para las personas que buscan crear sitios web profesionales y contempor\u00e1neos. Con una naturaleza totalmente receptiva, este tema incorpora una gran cantidad de atributos notables, como una abundancia de plantillas de p\u00e1gina personalizables, una gran cantidad de esquemas de color y un panel de opciones de tema robusto. Con su est\u00e9tica pr\u00edstina y discreta, el tema de Carbone surge como una excelente opci\u00f3n para aquellos que se esfuerzan por dise\u00f1ar un sitio web que cautiva a los visitantes con su elegancia inigualable y encanto refinado.<\/p>\n","protected":false},"featured_media":166565,"comment_status":"open","ping_status":"open","template":"","meta":[],"product_brand":[2403],"product_cat":[1646,1237,1238],"product_tag":[2134],"class_list":{"0":"post-140005","1":"product","2":"type-product","3":"status-publish","4":"has-post-thumbnail","6":"product_brand-css-igniter","7":"product_cat-alimentacion-y-restaurante","8":"product_cat-temas","9":"product_cat-wordpress-temas","10":"product_tag-css-igniter","11":"member-discount","12":"discount-restricted","14":"first","15":"instock","16":"sale","17":"downloadable","18":"virtual","19":"sold-individually","20":"purchasable","21":"product-type-simple"},"_links":{"self":[{"href":"https:\/\/gpl-love.com\/es\/wp-json\/wp\/v2\/product\/140005","targetHints":{"allow":["GET"]}}],"collection":[{"href":"https:\/\/gpl-love.com\/es\/wp-json\/wp\/v2\/product"}],"about":[{"href":"https:\/\/gpl-love.com\/es\/wp-json\/wp\/v2\/types\/product"}],"replies":[{"embeddable":true,"href":"https:\/\/gpl-love.com\/es\/wp-json\/wp\/v2\/comments?post=140005"}],"wp:featuredmedia":[{"embeddable":true,"href":"https:\/\/gpl-love.com\/es\/wp-json\/wp\/v2\/media\/166565"}],"wp:attachment":[{"href":"https:\/\/gpl-love.com\/es\/wp-json\/wp\/v2\/media?parent=140005"}],"wp:term":[{"taxonomy":"product_brand","embeddable":true,"href":"https:\/\/gpl-love.com\/es\/wp-json\/wp\/v2\/product_brand?post=140005"},{"taxonomy":"product_cat","embeddable":true,"href":"https:\/\/gpl-love.com\/es\/wp-json\/wp\/v2\/product_cat?post=140005"},{"taxonomy":"product_tag","embeddable":true,"href":"https:\/\/gpl-love.com\/es\/wp-json\/wp\/v2\/product_tag?post=140005"}],"curies":[{"name":"wp","href":"https:\/\/api.w.org\/{rel}","templated":true}]}}